{"id":2373,"date":"2026-01-20T07:04:51","date_gmt":"2026-01-20T00:04:51","guid":{"rendered":"https:\/\/xetai3s.vn\/?post_type=product&#038;p=2373"},"modified":"2026-04-06T03:56:17","modified_gmt":"2026-04-05T20:56:17","slug":"jac-dawos-tai-9-tan-thung-8m2-may-yuchai","status":"publish","type":"product","link":"https:\/\/xetai3s.vn\/?product=jac-dawos-tai-9-tan-thung-8m2-may-yuchai","title":{"rendered":"JAC DAWOS T\u1ea2I 9 T\u1ea4N TH\u00d9NG 8M2 M\u00c1Y YUCHAI"},"content":{"rendered":"<h1 style=\"text-align: center;\"><span style=\"color: #0000ff;\"><strong>JAC DAWOS T\u1ea2I 9 T\u1ea4N TH\u00d9NG 8M2 M\u00c1Y YUCHAI 4.3L<\/strong><\/span><\/h1>\n<hr \/>\n<h2><span style=\"color: #0000ff;\"><strong>Gi\u1edbi thi\u1ec7u s\u1ea3n ph\u1ea9m Jac Dawos 9 t\u1ea5n<\/strong><\/span><\/h2>\n<figure id=\"attachment_2374\" aria-describedby=\"caption-attachment-2374\" style=\"width: 450px\" class=\"wp-caption aligncenter\"><img loading=\"lazy\" decoding=\"async\" class=\"wp-image-2374 size-full\" title=\"Jac dawos 9 t\u1ea5n\" src=\"https:\/\/xetai3s.vn\/wp-content\/uploads\/2026\/01\/z7398422446156_efbda333379db0466f10ee3a3663d75e_optimized.jpg\" alt=\"h\u00ecnh \u1ea3nh xe t\u1ea3i jac dawos\" width=\"450\" height=\"600\" srcset=\"https:\/\/xetai3s.vn\/wp-content\/uploads\/2026\/01\/z7398422446156_efbda333379db0466f10ee3a3663d75e_optimized.jpg 450w, https:\/\/xetai3s.vn\/wp-content\/uploads\/2026\/01\/z7398422446156_efbda333379db0466f10ee3a3663d75e_optimized-225x300.jpg 225w\" sizes=\"(max-width: 450px) 100vw, 450px\" \/><figcaption id=\"caption-attachment-2374\" class=\"wp-caption-text\">H\u00ecnh \u1ea3nh: Xe t\u1ea3i jac dawos n\u00f3c th\u1ea5p t\u1ea3i 9 t\u1ea5n<\/figcaption><\/figure>\n<p><strong>JAC DAWOS 9 t\u1ea5n <\/strong>th\u00f9ng d\u00e0i 8m2 \u0111ang l\u00e0 l\u1ef1a ch\u1ecdn h\u00e0ng \u0111\u1ea7u c\u1ee7a c\u00e1c doanh nghi\u1ec7p v\u1eadn t\u1ea3i v\u00e0 c\u00e1 nh\u00e2n kinh doanh nh\u1edd kh\u1ea3 n\u0103ng ch\u1edf h\u00e0ng v\u01b0\u1ee3t tr\u1ed9i, \u0111\u1ed9ng c\u01a1 m\u1ea1nh m\u1ebd v\u00e0 chi ph\u00ed khai th\u00e1c th\u1ea5p.<\/p>\n<h2 data-start=\"2461\" data-end=\"2508\"><span style=\"font-size: 75%;\">\u2705 V\u00ec sao n\u00ean ch\u1ecdn JAC DAWOS 9 t\u1ea5n th\u00f9ng 8m2?<\/span><\/h2>\n<p data-start=\"2510\" data-end=\"2700\">\u2714\ufe0f T\u1ea3i l\u1edbn \u2013 th\u00f9ng d\u00e0i hi\u1ebfm trong ph\u00e2n kh\u00fac<br data-start=\"2553\" data-end=\"2556\" \/>\u2714\ufe0f \u0110\u1ed9ng c\u01a1 kh\u1ecfe \u2013 ch\u1ea1y b\u1ec1n<br data-start=\"2582\" data-end=\"2585\" \/>\u2714\ufe0f Ti\u1ebft ki\u1ec7m nhi\u00ean li\u1ec7u<br data-start=\"2608\" data-end=\"2611\" \/>\u2714\ufe0f Gi\u00e1 t\u1ed1t \u2013 d\u1ec5 mua \u2013 d\u1ec5 khai th\u00e1c<br data-start=\"2645\" data-end=\"2648\" \/>\u2714\ufe0f B\u1ea3o h\u00e0nh ch\u00ednh h\u00e3ng \u2013 h\u1ec7 th\u1ed1ng \u0111\u1ea1i l\u00fd r\u1ed9ng kh\u1eafp<\/p>\n<h2 data-start=\"595\" data-end=\"633\">\ud83d\udd30 T\u1ed5ng quan xe t\u1ea3i JAC DAWOS 9 t\u1ea5n<\/h2>\n<ul data-start=\"635\" data-end=\"912\">\n<li data-start=\"635\" data-end=\"672\">\n<p data-start=\"637\" data-end=\"672\"><strong data-start=\"637\" data-end=\"660\">T\u1ea3i tr\u1ecdng cho ph\u00e9p:<\/strong> ~9.000 kg<\/p>\n<\/li>\n<li data-start=\"673\" data-end=\"747\">\n<p data-start=\"675\" data-end=\"747\"><strong data-start=\"675\" data-end=\"695\">Chi\u1ec1u d\u00e0i th\u00f9ng:<\/strong> 8,2 m\u00e9t \u2013 ch\u1edf h\u00e0ng d\u00e0i, c\u1ed3ng k\u1ec1nh c\u1ef1c k\u1ef3 hi\u1ec7u qu\u1ea3<\/p>\n<\/li>\n<li data-start=\"748\" data-end=\"830\">\n<p data-start=\"750\" data-end=\"830\"><strong data-start=\"750\" data-end=\"766\">Th\u01b0\u01a1ng hi\u1ec7u:<\/strong> JAC Motors \u2013 Trung Qu\u1ed1c, c\u00f4ng ngh\u1ec7 ti\u00ean ti\u1ebfn, uy t\u00edn to\u00e0n c\u1ea7u<\/p>\n<\/li>\n<li data-start=\"831\" data-end=\"912\">\n<p data-start=\"833\" data-end=\"912\"><strong data-start=\"833\" data-end=\"857\">Ti\u00eau chu\u1ea9n kh\u00ed th\u1ea3i:<\/strong> Euro 5 \u2013 ti\u1ebft ki\u1ec7m nhi\u00ean li\u1ec7u, th\u00e2n thi\u1ec7n m\u00f4i tr\u01b0\u1eddng<\/p>\n<\/li>\n<\/ul>\n<p data-start=\"914\" data-end=\"1027\">\ud83d\udc49 Ph\u00f9 h\u1ee3p v\u1eadn chuy\u1ec3n: pallet d\u00e0i, h\u00e0ng c\u00f4ng nghi\u1ec7p, v\u1eadt li\u1ec7u x\u00e2y d\u1ef1ng, m\u00e1y m\u00f3c, n\u00f4ng s\u1ea3n s\u1ed1 l\u01b0\u1ee3ng l\u1edbn, n\u1ed9i th\u1ea5t\u2026<\/p>\n<figure id=\"attachment_2375\" aria-describedby=\"caption-attachment-2375\" style=\"width: 800px\" class=\"wp-caption aligncenter\"><img loading=\"lazy\" decoding=\"async\" class=\"size-full wp-image-2375\" src=\"https:\/\/xetai3s.vn\/wp-content\/uploads\/2026\/01\/z7398422468749_e641550cad7a364272a1e6eeb4f69647_optimized.jpg\" alt=\"xe t\u1ea3i jac dawos th\u00f9ng b\u1ea1t\" width=\"800\" height=\"598\" data-wp-editing=\"1\" srcset=\"https:\/\/xetai3s.vn\/wp-content\/uploads\/2026\/01\/z7398422468749_e641550cad7a364272a1e6eeb4f69647_optimized.jpg 800w, https:\/\/xetai3s.vn\/wp-content\/uploads\/2026\/01\/z7398422468749_e641550cad7a364272a1e6eeb4f69647_optimized-300x224.jpg 300w, https:\/\/xetai3s.vn\/wp-content\/uploads\/2026\/01\/z7398422468749_e641550cad7a364272a1e6eeb4f69647_optimized-768x574.jpg 768w\" sizes=\"(max-width: 800px) 100vw, 800px\" \/><figcaption id=\"caption-attachment-2375\" class=\"wp-caption-text\">H\u00ecnh \u1ea3nh: Xe t\u1ea3i Jac dawos th\u00f9ng b\u1ea1t 8m2<\/figcaption><\/figure>\n<p>Cabin r\u1ed9ng r\u00e3i \u2013 L\u00e1i xe tho\u1ea3i m\u00e1i,thi\u1ebft k\u1ebf hi\u1ec7n \u0111\u1ea1i, r\u1ed9ng r\u00e3i.Gh\u1ebf h\u01a1i \u00eam \u00e1i, gi\u1ea3m m\u1ec7t m\u1ecfi khi ch\u1ea1y \u0111\u01b0\u1eddng d\u00e0i<\/p>\n<p>Trang b\u1ecb:M\u00e1y l\u1ea1nh-H\u1ec7 th\u1ed1ng gi\u1ea3i tr\u00ed-Tay l\u00e1i tr\u1ee3 l\u1ef1c-\u0110\u1ed3ng h\u1ed3 hi\u1ec3n th\u1ecb r\u00f5 r\u00e0ng<\/p>\n<p>\ud83d\udc49 T\u0103ng tr\u1ea3i nghi\u1ec7m t\u00e0i x\u1ebf \u2013 n\u00e2ng cao hi\u1ec7u su\u1ea5t l\u00e0m vi\u1ec7c<\/p>\n<figure id=\"attachment_2376\" aria-describedby=\"caption-attachment-2376\" style=\"width: 800px\" class=\"wp-caption aligncenter\"><img loading=\"lazy\" decoding=\"async\" class=\"size-full wp-image-2376\" src=\"https:\/\/xetai3s.vn\/wp-content\/uploads\/2026\/01\/z7398422460285_c8f5bb33952d08bb3542680362452578_optimized.jpg\" alt=\"xe t\u1ea3i jac 9 t\u1ea5n\" width=\"800\" height=\"598\" srcset=\"https:\/\/xetai3s.vn\/wp-content\/uploads\/2026\/01\/z7398422460285_c8f5bb33952d08bb3542680362452578_optimized.jpg 800w, https:\/\/xetai3s.vn\/wp-content\/uploads\/2026\/01\/z7398422460285_c8f5bb33952d08bb3542680362452578_optimized-300x224.jpg 300w, https:\/\/xetai3s.vn\/wp-content\/uploads\/2026\/01\/z7398422460285_c8f5bb33952d08bb3542680362452578_optimized-768x574.jpg 768w\" sizes=\"(max-width: 800px) 100vw, 800px\" \/><figcaption id=\"caption-attachment-2376\" class=\"wp-caption-text\">H\u00ecnh \u1ea3nh: xe Jac dawos th\u00f9ng b\u1ea1t t\u1ea3i 9 t\u1ea5n<\/figcaption><\/figure>\n<h2><span style=\"color: #0000ff;\"><strong>Th\u00f4ng s\u1ed1 k\u0129 thu\u1eadt xe t\u1ea3i Jac Dawos t\u1ea3i 9 t\u1ea5n<\/strong><\/span><\/h2>\n<p>Xe t\u1ea3i Jac dawos trang b\u1ecb \u0111\u1ed9ng c\u01a1 Yuchai m\u00e1y 4,3 L &#8211; Si\u00eau ti\u1ebft ki\u1ec7m nhi\u00ean li\u1ec7u ch\u1ec9 17-18L\/100km.<\/p>\n<p>M\u00e1y kh\u1ecfe b\u1ec1n b\u1ec9 v\u00e0 m\u1ea1nh m\u1ebd, Yu chai l\u00e0 th\u01b0\u01a1ng hi\u1ec7u \u0111\u1ed9ng c\u01a1 n\u1ed5i ti\u1ebfng.<\/p>\n<ul data-start=\"1124\" data-end=\"1312\">\n<li data-start=\"1124\" data-end=\"1177\">\n<p data-start=\"1126\" data-end=\"1177\"><strong data-start=\"1126\" data-end=\"1158\">\u0110\u1ed9ng c\u01a1 Diesel c\u00f4ng su\u1ea5t l\u1edbn<\/strong>, m\u00f4-men xo\u1eafn cao<\/p>\n<\/li>\n<li data-start=\"1178\" data-end=\"1244\">\n<p data-start=\"1180\" data-end=\"1244\">Kh\u1ea3 n\u0103ng <strong data-start=\"1189\" data-end=\"1242\">leo d\u1ed1c kh\u1ecfe \u2013 t\u1ea3i n\u1eb7ng \u1ed5n \u0111\u1ecbnh \u2013 v\u1eadn h\u00e0nh b\u1ec1n b\u1ec9<\/strong><\/p>\n<\/li>\n<li data-start=\"1245\" data-end=\"1312\">\n<p data-start=\"1247\" data-end=\"1312\">H\u1ec7 th\u1ed1ng l\u00e0m m\u00e1t t\u1ed1i \u01b0u, ph\u00f9 h\u1ee3p ch\u1ea1y \u0111\u01b0\u1eddng d\u00e0i, ch\u1ea1y li\u00ean t\u1ec9nh<\/p>\n<\/li>\n<\/ul>\n<p data-start=\"1314\" data-end=\"1426\">\u2714\ufe0f <strong data-start=\"1317\" data-end=\"1341\">Ti\u1ebft ki\u1ec7m nhi\u00ean li\u1ec7u<\/strong><br data-start=\"1341\" data-end=\"1344\" \/>\u2714\ufe0f <strong data-start=\"1347\" data-end=\"1380\">\u00cdt h\u01b0 h\u1ecfng v\u1eb7t \u2013 d\u1ec5 b\u1ea3o d\u01b0\u1ee1ng<\/strong><br data-start=\"1380\" data-end=\"1383\" \/>\u2714\ufe0f <strong data-start=\"1386\" data-end=\"1426\">Ph\u1ee5 t\u00f9ng s\u1eb5n \u2013 chi ph\u00ed s\u1eeda ch\u1eefa th\u1ea5p<\/strong><\/p>\n<figure id=\"attachment_2377\" aria-describedby=\"caption-attachment-2377\" style=\"width: 800px\" class=\"wp-caption aligncenter\"><img loading=\"lazy\" decoding=\"async\" class=\"size-full wp-image-2377\" src=\"https:\/\/xetai3s.vn\/wp-content\/uploads\/2026\/01\/z7398422473303_e93aab65a9d9dfd1346bd2ec4f3a28dd_optimized.jpg\" alt=\"xe t\u1ea3i jac 9 t\u1ea5n th\u00f9ng b\u1ea1t\" width=\"800\" height=\"598\" srcset=\"https:\/\/xetai3s.vn\/wp-content\/uploads\/2026\/01\/z7398422473303_e93aab65a9d9dfd1346bd2ec4f3a28dd_optimized.jpg 800w, https:\/\/xetai3s.vn\/wp-content\/uploads\/2026\/01\/z7398422473303_e93aab65a9d9dfd1346bd2ec4f3a28dd_optimized-300x224.jpg 300w, https:\/\/xetai3s.vn\/wp-content\/uploads\/2026\/01\/z7398422473303_e93aab65a9d9dfd1346bd2ec4f3a28dd_optimized-768x574.jpg 768w\" sizes=\"(max-width: 800px) 100vw, 800px\" \/><figcaption id=\"caption-attachment-2377\" class=\"wp-caption-text\">H\u00ecnh \u1ea3nh: th\u00f9ng b\u1ea1t xe t\u1ea3i Jac dawos 9 t\u1ea5n<\/figcaption><\/figure>\n<h2 data-start=\"1433\" data-end=\"1494\">\ud83d\udee0\ufe0f Khung g\u1ea7m ch\u1eafc ch\u1eafn \u2013 Th\u00f9ng d\u00e0i 8m2 ch\u1edf h\u00e0ng v\u01b0\u1ee3t tr\u1ed9i<\/h2>\n<ul data-start=\"1496\" data-end=\"1736\">\n<li data-start=\"1496\" data-end=\"1546\">\n<p data-start=\"1498\" data-end=\"1546\"><strong data-start=\"1498\" data-end=\"1530\">Khung chassis th\u00e9p c\u01b0\u1eddng l\u1ef1c<\/strong>, ch\u1ecbu t\u1ea3i cao<\/p>\n<\/li>\n<li data-start=\"1547\" data-end=\"1612\">\n<p data-start=\"1549\" data-end=\"1612\"><strong data-start=\"1549\" data-end=\"1566\">Th\u00f9ng d\u00e0i 8m2<\/strong> \u2013 t\u1ed1i \u01b0u cho h\u00e0ng h\u00f3a d\u00e0i v\u00e0 kh\u1ed1i l\u01b0\u1ee3ng l\u1edbn<\/p>\n<\/li>\n<li data-start=\"1613\" data-end=\"1736\">\n<p data-start=\"1615\" data-end=\"1646\">C\u00f3 th\u1ec3 \u0111\u00f3ng \u0111a d\u1ea1ng lo\u1ea1i th\u00f9ng:<\/p>\n<ul data-start=\"1649\" data-end=\"1736\">\n<li data-start=\"1649\" data-end=\"1666\">\n<p data-start=\"1651\" data-end=\"1666\">Th\u00f9ng mui b\u1ea1t<\/p>\n<\/li>\n<li data-start=\"1669\" data-end=\"1682\">\n<p data-start=\"1671\" data-end=\"1682\">Th\u00f9ng k\u00edn<\/p>\n<\/li>\n<li data-start=\"1685\" data-end=\"1699\">\n<p data-start=\"1687\" data-end=\"1699\">Th\u00f9ng l\u1eedng<\/p>\n<\/li>\n<li data-start=\"1702\" data-end=\"1736\">\n<p data-start=\"1704\" data-end=\"1736\">Th\u00f9ng chuy\u00ean d\u1ee5ng theo y\u00eau c\u1ea7u<\/p>\n<\/li>\n<\/ul>\n<\/li>\n<\/ul>\n<p data-start=\"1738\" data-end=\"1785\">\u27a1\ufe0f Gi\u1ea3m s\u1ed1 chuy\u1ebfn \u2013 <strong data-start=\"1758\" data-end=\"1785\">t\u0103ng l\u1ee3i nhu\u1eadn v\u1eadn h\u00e0nh<\/strong><\/p>\n<h2 data-start=\"2707\" data-end=\"2754\">\ud83d\udcde Li\u00ean h\u1ec7 t\u01b0 v\u1ea5n &amp; b\u00e1o gi\u00e1 t\u1ed1t nh\u1ea5t h\u00f4m nay<\/h2>\n<p><span style=\"font-size: 95%;\">\u00a0<em><strong> 0902.904.964<\/strong><\/em><\/span><\/p>\n<p data-start=\"2756\" data-end=\"2852\">\ud83d\udc49 <strong data-start=\"2759\" data-end=\"2799\">Xe s\u1eb5n \u2013 giao nhanh \u2013 h\u1ed7 tr\u1ee3 tr\u1ea3 g\u00f3p<\/strong><br data-start=\"2799\" data-end=\"2802\" \/>\ud83d\udc49 <strong data-start=\"2805\" data-end=\"2852\">T\u01b0 v\u1ea5n \u0111\u00fang nhu c\u1ea7u \u2013 t\u1ed1i \u01b0u chi ph\u00ed \u0111\u1ea7u t\u01b0<\/strong><\/p>\n<p data-start=\"2854\" data-end=\"2924\">\ud83d\udccc <em data-start=\"2857\" data-end=\"2924\">JAC DAWOS 9 t\u1ea5n \u2013 l\u1ef1a ch\u1ecdn th\u00f4ng minh cho m\u1ecdi h\u00e0nh tr\u00ecnh v\u1eadn t\u1ea3i!<\/em><\/p>\n<p>&nbsp;<\/p>\n","protected":false},"excerpt":{"rendered":"<p>JAC DAWOS T\u1ea2I 9 T\u1ea4N TH\u00d9NG 8M2 M\u00c1Y YUCHAI 4.3L Gi\u1edbi thi\u1ec7u s\u1ea3n ph\u1ea9m Jac Dawos 9 t\u1ea5n JAC DAWOS 9 t\u1ea5n th\u00f9ng d\u00e0i 8m2 \u0111ang l\u00e0 l\u1ef1a ch\u1ecdn h\u00e0ng \u0111\u1ea7u c\u1ee7a c\u00e1c doanh nghi\u1ec7p v\u1eadn t\u1ea3i v\u00e0 c\u00e1 nh\u00e2n kinh doanh nh\u1edd kh\u1ea3 n\u0103ng ch\u1edf h\u00e0ng v\u01b0\u1ee3t tr\u1ed9i, \u0111\u1ed9ng c\u01a1 m\u1ea1nh m\u1ebd v\u00e0 chi &#8230;<\/p>\n","protected":false},"featured_media":2376,"template":"","meta":[],"class_list":{"0":"post-2373","1":"product","2":"type-product","3":"status-publish","4":"has-post-thumbnail","6":"product_cat-xe-tai-nhe","7":"product_tag-jac-9-tan","8":"product_tag-jac-dawos-9-tan","9":"product_tag-xe-tai-jac-9-tan","10":"product_tag-xe-tai-jac-dawos","12":"first","13":"instock","14":"shipping-taxable","15":"product-type-simple"},"yoast_head":"<!-- This site is optimized with the Yoast SEO plugin v23.2 - https:\/\/yoast.com\/wordpress\/plugins\/seo\/ -->\n<title>JAC DAWOS T\u1ea2I 9 T\u1ea4N TH\u00d9NG 8M2 M\u00c1Y YUCHAI -<\/title>\n<meta name=\"description\" content=\"Xe t\u1ea3i Jac Dawos 9 t\u1ea5n th\u00f9ng 8m2 s\u1eed d\u1ee5ng \u0111\u1ed9ng c\u01a1 m\u00e1y yuchai 4.3L. \u0110\u01b0\u1ee3c kh\u00e1ch h\u00e0ng tin d\u00f9ng s\u1eed d\u1ee5ng \u0111\u00e1nh gi\u00e1 5 sao cho ch\u1ea5t l\u01b0\u1ee3ng s\u1ea3n ph\u1ea9m. ti\u1ebft ki\u1ec7m,kh\u1ecfe.\" \/>\n<meta name=\"robots\" content=\"index, follow, max-snippet:-1, max-image-preview:large, max-video-preview:-1\" \/>\n<link rel=\"canonical\" href=\"https:\/\/xetai3s.vn\/?product=jac-dawos-tai-9-tan-thung-8m2-may-yuchai\" \/>\n<meta property=\"og:locale\" content=\"vi_VN\" \/>\n<meta property=\"og:type\" content=\"article\" \/>\n<meta property=\"og:title\" content=\"JAC DAWOS T\u1ea2I 9 T\u1ea4N TH\u00d9NG 8M2 M\u00c1Y YUCHAI -\" \/>\n<meta property=\"og:description\" content=\"Xe t\u1ea3i Jac Dawos 9 t\u1ea5n th\u00f9ng 8m2 s\u1eed d\u1ee5ng \u0111\u1ed9ng c\u01a1 m\u00e1y yuchai 4.3L. \u0110\u01b0\u1ee3c kh\u00e1ch h\u00e0ng tin d\u00f9ng s\u1eed d\u1ee5ng \u0111\u00e1nh gi\u00e1 5 sao cho ch\u1ea5t l\u01b0\u1ee3ng s\u1ea3n ph\u1ea9m. ti\u1ebft ki\u1ec7m,kh\u1ecfe.\" \/>\n<meta property=\"og:url\" content=\"https:\/\/xetai3s.vn\/?product=jac-dawos-tai-9-tan-thung-8m2-may-yuchai\" \/>\n<meta property=\"article:modified_time\" content=\"2026-04-05T20:56:17+00:00\" \/>\n<meta property=\"og:image\" content=\"https:\/\/xetai3s.vn\/wp-content\/uploads\/2026\/01\/z7398422460285_c8f5bb33952d08bb3542680362452578_optimized.jpg\" \/>\n\t<meta property=\"og:image:width\" content=\"800\" \/>\n\t<meta property=\"og:image:height\" content=\"598\" \/>\n\t<meta property=\"og:image:type\" content=\"image\/jpeg\" \/>\n<meta name=\"twitter:card\" content=\"summary_large_image\" \/>\n<meta name=\"twitter:label1\" content=\"Gi\u00e1\" \/>\n\t<meta name=\"twitter:data1\" content=\"\" \/>\n\t<meta name=\"twitter:label2\" content=\"Kh\u1ea3 d\u1ee5ng\" \/>\n\t<meta name=\"twitter:data2\" content=\"Trong kho\" \/>\n<script type=\"application\/ld+json\" class=\"yoast-schema-graph\">{\"@context\":\"https:\/\/schema.org\",\"@graph\":[{\"@type\":\"WebPage\",\"@id\":\"https:\/\/xetai3s.vn\/?product=jac-dawos-tai-9-tan-thung-8m2-may-yuchai\",\"url\":\"https:\/\/xetai3s.vn\/?product=jac-dawos-tai-9-tan-thung-8m2-may-yuchai\",\"name\":\"JAC DAWOS T\u1ea2I 9 T\u1ea4N TH\u00d9NG 8M2 M\u00c1Y YUCHAI -\",\"isPartOf\":{\"@id\":\"https:\/\/xetai3s.vn\/#website\"},\"primaryImageOfPage\":{\"@id\":\"https:\/\/xetai3s.vn\/?product=jac-dawos-tai-9-tan-thung-8m2-may-yuchai#primaryimage\"},\"image\":{\"@id\":\"https:\/\/xetai3s.vn\/?product=jac-dawos-tai-9-tan-thung-8m2-may-yuchai#primaryimage\"},\"thumbnailUrl\":\"https:\/\/xetai3s.vn\/wp-content\/uploads\/2026\/01\/z7398422460285_c8f5bb33952d08bb3542680362452578_optimized.jpg\",\"datePublished\":\"2026-01-20T00:04:51+00:00\",\"dateModified\":\"2026-04-05T20:56:17+00:00\",\"description\":\"Xe t\u1ea3i Jac Dawos 9 t\u1ea5n th\u00f9ng 8m2 s\u1eed d\u1ee5ng \u0111\u1ed9ng c\u01a1 m\u00e1y yuchai 4.3L. \u0110\u01b0\u1ee3c kh\u00e1ch h\u00e0ng tin d\u00f9ng s\u1eed d\u1ee5ng \u0111\u00e1nh gi\u00e1 5 sao cho ch\u1ea5t l\u01b0\u1ee3ng s\u1ea3n ph\u1ea9m. ti\u1ebft ki\u1ec7m,kh\u1ecfe.\",\"breadcrumb\":{\"@id\":\"https:\/\/xetai3s.vn\/?product=jac-dawos-tai-9-tan-thung-8m2-may-yuchai#breadcrumb\"},\"inLanguage\":\"vi\",\"potentialAction\":[{\"@type\":\"ReadAction\",\"target\":[\"https:\/\/xetai3s.vn\/?product=jac-dawos-tai-9-tan-thung-8m2-may-yuchai\"]}]},{\"@type\":\"ImageObject\",\"inLanguage\":\"vi\",\"@id\":\"https:\/\/xetai3s.vn\/?product=jac-dawos-tai-9-tan-thung-8m2-may-yuchai#primaryimage\",\"url\":\"https:\/\/xetai3s.vn\/wp-content\/uploads\/2026\/01\/z7398422460285_c8f5bb33952d08bb3542680362452578_optimized.jpg\",\"contentUrl\":\"https:\/\/xetai3s.vn\/wp-content\/uploads\/2026\/01\/z7398422460285_c8f5bb33952d08bb3542680362452578_optimized.jpg\",\"width\":800,\"height\":598,\"caption\":\"H\u00ecnh \u1ea3nh: xe Jac dawos th\u00f9ng b\u1ea1t t\u1ea3i 9 t\u1ea5n\"},{\"@type\":\"BreadcrumbList\",\"@id\":\"https:\/\/xetai3s.vn\/?product=jac-dawos-tai-9-tan-thung-8m2-may-yuchai#breadcrumb\",\"itemListElement\":[{\"@type\":\"ListItem\",\"position\":1,\"name\":\"Trang ch\u1ee7\",\"item\":\"https:\/\/xetai3s.vn\/\"},{\"@type\":\"ListItem\",\"position\":2,\"name\":\"C\u1eeda h\u00e0ng\",\"item\":\"https:\/\/xetai3s.vn\/?page_id=16\"},{\"@type\":\"ListItem\",\"position\":3,\"name\":\"JAC DAWOS T\u1ea2I 9 T\u1ea4N TH\u00d9NG 8M2 M\u00c1Y YUCHAI\"}]},{\"@type\":\"WebSite\",\"@id\":\"https:\/\/xetai3s.vn\/#website\",\"url\":\"https:\/\/xetai3s.vn\/\",\"name\":\"\",\"description\":\"Xe T\u1ea3i Jac\",\"potentialAction\":[{\"@type\":\"SearchAction\",\"target\":{\"@type\":\"EntryPoint\",\"urlTemplate\":\"https:\/\/xetai3s.vn\/?s={search_term_string}\"},\"query-input\":\"required name=search_term_string\"}],\"inLanguage\":\"vi\"}]}<\/script>\n<meta property=\"product:price:amount\" content=\"0\" \/>\n<meta property=\"product:price:currency\" content=\"VND\" \/>\n<meta property=\"og:availability\" content=\"instock\" \/>\n<meta property=\"product:availability\" content=\"instock\" \/>\n<meta property=\"product:condition\" content=\"new\" \/>\n<!-- \/ Yoast SEO plugin. -->","yoast_head_json":{"title":"JAC DAWOS T\u1ea2I 9 T\u1ea4N TH\u00d9NG 8M2 M\u00c1Y YUCHAI -","description":"Xe t\u1ea3i Jac Dawos 9 t\u1ea5n th\u00f9ng 8m2 s\u1eed d\u1ee5ng \u0111\u1ed9ng c\u01a1 m\u00e1y yuchai 4.3L. \u0110\u01b0\u1ee3c kh\u00e1ch h\u00e0ng tin d\u00f9ng s\u1eed d\u1ee5ng \u0111\u00e1nh gi\u00e1 5 sao cho ch\u1ea5t l\u01b0\u1ee3ng s\u1ea3n ph\u1ea9m. ti\u1ebft ki\u1ec7m,kh\u1ecfe.","robots":{"index":"index","follow":"follow","max-snippet":"max-snippet:-1","max-image-preview":"max-image-preview:large","max-video-preview":"max-video-preview:-1"},"canonical":"https:\/\/xetai3s.vn\/?product=jac-dawos-tai-9-tan-thung-8m2-may-yuchai","og_locale":"vi_VN","og_type":"article","og_title":"JAC DAWOS T\u1ea2I 9 T\u1ea4N TH\u00d9NG 8M2 M\u00c1Y YUCHAI -","og_description":"Xe t\u1ea3i Jac Dawos 9 t\u1ea5n th\u00f9ng 8m2 s\u1eed d\u1ee5ng \u0111\u1ed9ng c\u01a1 m\u00e1y yuchai 4.3L. \u0110\u01b0\u1ee3c kh\u00e1ch h\u00e0ng tin d\u00f9ng s\u1eed d\u1ee5ng \u0111\u00e1nh gi\u00e1 5 sao cho ch\u1ea5t l\u01b0\u1ee3ng s\u1ea3n ph\u1ea9m. ti\u1ebft ki\u1ec7m,kh\u1ecfe.","og_url":"https:\/\/xetai3s.vn\/?product=jac-dawos-tai-9-tan-thung-8m2-may-yuchai","article_modified_time":"2026-04-05T20:56:17+00:00","og_image":[{"width":800,"height":598,"url":"https:\/\/xetai3s.vn\/wp-content\/uploads\/2026\/01\/z7398422460285_c8f5bb33952d08bb3542680362452578_optimized.jpg","type":"image\/jpeg"}],"twitter_card":"summary_large_image","twitter_misc":{"Gi\u00e1":"","Kh\u1ea3 d\u1ee5ng":"Trong kho"},"schema":{"@context":"https:\/\/schema.org","@graph":[{"@type":"WebPage","@id":"https:\/\/xetai3s.vn\/?product=jac-dawos-tai-9-tan-thung-8m2-may-yuchai","url":"https:\/\/xetai3s.vn\/?product=jac-dawos-tai-9-tan-thung-8m2-may-yuchai","name":"JAC DAWOS T\u1ea2I 9 T\u1ea4N TH\u00d9NG 8M2 M\u00c1Y YUCHAI -","isPartOf":{"@id":"https:\/\/xetai3s.vn\/#website"},"primaryImageOfPage":{"@id":"https:\/\/xetai3s.vn\/?product=jac-dawos-tai-9-tan-thung-8m2-may-yuchai#primaryimage"},"image":{"@id":"https:\/\/xetai3s.vn\/?product=jac-dawos-tai-9-tan-thung-8m2-may-yuchai#primaryimage"},"thumbnailUrl":"https:\/\/xetai3s.vn\/wp-content\/uploads\/2026\/01\/z7398422460285_c8f5bb33952d08bb3542680362452578_optimized.jpg","datePublished":"2026-01-20T00:04:51+00:00","dateModified":"2026-04-05T20:56:17+00:00","description":"Xe t\u1ea3i Jac Dawos 9 t\u1ea5n th\u00f9ng 8m2 s\u1eed d\u1ee5ng \u0111\u1ed9ng c\u01a1 m\u00e1y yuchai 4.3L. \u0110\u01b0\u1ee3c kh\u00e1ch h\u00e0ng tin d\u00f9ng s\u1eed d\u1ee5ng \u0111\u00e1nh gi\u00e1 5 sao cho ch\u1ea5t l\u01b0\u1ee3ng s\u1ea3n ph\u1ea9m. ti\u1ebft ki\u1ec7m,kh\u1ecfe.","breadcrumb":{"@id":"https:\/\/xetai3s.vn\/?product=jac-dawos-tai-9-tan-thung-8m2-may-yuchai#breadcrumb"},"inLanguage":"vi","potentialAction":[{"@type":"ReadAction","target":["https:\/\/xetai3s.vn\/?product=jac-dawos-tai-9-tan-thung-8m2-may-yuchai"]}]},{"@type":"ImageObject","inLanguage":"vi","@id":"https:\/\/xetai3s.vn\/?product=jac-dawos-tai-9-tan-thung-8m2-may-yuchai#primaryimage","url":"https:\/\/xetai3s.vn\/wp-content\/uploads\/2026\/01\/z7398422460285_c8f5bb33952d08bb3542680362452578_optimized.jpg","contentUrl":"https:\/\/xetai3s.vn\/wp-content\/uploads\/2026\/01\/z7398422460285_c8f5bb33952d08bb3542680362452578_optimized.jpg","width":800,"height":598,"caption":"H\u00ecnh \u1ea3nh: xe Jac dawos th\u00f9ng b\u1ea1t t\u1ea3i 9 t\u1ea5n"},{"@type":"BreadcrumbList","@id":"https:\/\/xetai3s.vn\/?product=jac-dawos-tai-9-tan-thung-8m2-may-yuchai#breadcrumb","itemListElement":[{"@type":"ListItem","position":1,"name":"Trang ch\u1ee7","item":"https:\/\/xetai3s.vn\/"},{"@type":"ListItem","position":2,"name":"C\u1eeda h\u00e0ng","item":"https:\/\/xetai3s.vn\/?page_id=16"},{"@type":"ListItem","position":3,"name":"JAC DAWOS T\u1ea2I 9 T\u1ea4N TH\u00d9NG 8M2 M\u00c1Y YUCHAI"}]},{"@type":"WebSite","@id":"https:\/\/xetai3s.vn\/#website","url":"https:\/\/xetai3s.vn\/","name":"","description":"Xe T\u1ea3i Jac","potentialAction":[{"@type":"SearchAction","target":{"@type":"EntryPoint","urlTemplate":"https:\/\/xetai3s.vn\/?s={search_term_string}"},"query-input":"required name=search_term_string"}],"inLanguage":"vi"}]},"product_price_currency":"VND","og_availability":"instock","product_availability":"instock","product_condition":"new"},"_links":{"self":[{"href":"https:\/\/xetai3s.vn\/index.php?rest_route=\/wp\/v2\/product\/2373"}],"collection":[{"href":"https:\/\/xetai3s.vn\/index.php?rest_route=\/wp\/v2\/product"}],"about":[{"href":"https:\/\/xetai3s.vn\/index.php?rest_route=\/wp\/v2\/types\/product"}],"wp:featuredmedia":[{"embeddable":true,"href":"https:\/\/xetai3s.vn\/index.php?rest_route=\/wp\/v2\/media\/2376"}],"wp:attachment":[{"href":"https:\/\/xetai3s.vn\/index.php?rest_route=%2Fwp%2Fv2%2Fmedia&parent=2373"}],"curies":[{"name":"wp","href":"https:\/\/api.w.org\/{rel}","templated":true}]}}