{"id":2211,"date":"2024-11-27T06:57:46","date_gmt":"2024-11-26T23:57:46","guid":{"rendered":"https:\/\/xetai3s.vn\/?post_type=product&#038;p=2211"},"modified":"2026-04-01T02:57:40","modified_gmt":"2026-03-31T19:57:40","slug":"jac-n350s-pro-e5-tai-3-5-tan-may-cummins-thung-4m5","status":"publish","type":"product","link":"https:\/\/xetai3s.vn\/?product=jac-n350s-pro-e5-tai-3-5-tan-may-cummins-thung-4m5","title":{"rendered":"JAC N350S PRO E5 T\u1ea2I 3.5 T\u1ea4N M\u00c1Y CUMMINS TH\u00d9NG 4M5"},"content":{"rendered":"<h1 style=\"text-align: center;\"><span style=\"color: #0000ff;\"><strong><span style=\"font-size: 75%;\">XE T\u1ea2I JAC N350S PRO E5 T\u1ea2I 3.5 T\u1ea4N TH\u00d9NG D\u00c0I 4M5 M\u00c1Y CUMMINS M\u1ef8<\/span><\/strong><\/span><\/h1>\n<hr \/>\n<p><strong>Xe t\u1ea3i Jac N350s pro e5<\/strong> l\u00e0 s\u1ea3n ph\u1ea9m cao c\u1ea5p euro5 m\u1edbi nh\u1ea5t c\u1ee7a nh\u00e0 m\u00e1y.N\u1ed1i ti\u1ebfp th\u00e0nh c\u00f4ng \u1edf s\u1ea3n ph\u1ea9m <strong>jac n350s<\/strong>.<\/p>\n<p>S\u1ea3n ph\u1ea9m \u0111\u00e3 \u0111\u01b0\u1ee3c kh\u00e1ch h\u00e0ng \u0111\u00e1nh gi\u00e1 cao v\u00e0 tin d\u00f9ng trong nh\u1eefng n\u0103m qua v\u1ec1 ch\u1ea5t l\u01b0\u1ee3ng v\u00e0 \u0111\u1ed9 b\u1ec1n b\u1ec9.<\/p>\n<h2><span style=\"font-size: 75%; color: #0000ff;\"><strong>Ngo\u1ea1i Th\u1ea5t,N\u1ed9i Th\u1ea5t Xe T\u1ea3i Jac N350s Pro E5:<\/strong><\/span><\/h2>\n<figure id=\"attachment_2213\" aria-describedby=\"caption-attachment-2213\" style=\"width: 800px\" class=\"wp-caption aligncenter\"><a href=\"https:\/\/xetai3s.vn\/?product=jac-n350s-pro-e5-tai-3-5-tan-thung-dai-4m5\"><img loading=\"lazy\" decoding=\"async\" class=\"wp-image-2213 size-full\" title=\"jac n350s pro e5\" src=\"https:\/\/xetai3s.vn\/wp-content\/uploads\/2024\/11\/z6050302247852_1abd5ec844fb73c604d4b502b0c113f9_optimized.jpg\" alt=\"Jac N350s pro e5\" width=\"800\" height=\"1067\" srcset=\"https:\/\/xetai3s.vn\/wp-content\/uploads\/2024\/11\/z6050302247852_1abd5ec844fb73c604d4b502b0c113f9_optimized.jpg 800w, https:\/\/xetai3s.vn\/wp-content\/uploads\/2024\/11\/z6050302247852_1abd5ec844fb73c604d4b502b0c113f9_optimized-225x300.jpg 225w, https:\/\/xetai3s.vn\/wp-content\/uploads\/2024\/11\/z6050302247852_1abd5ec844fb73c604d4b502b0c113f9_optimized-768x1024.jpg 768w\" sizes=\"(max-width: 800px) 100vw, 800px\" \/><\/a><figcaption id=\"caption-attachment-2213\" class=\"wp-caption-text\">H\u00ecnh \u1ea3nh: Xe t\u1ea3i jac n350s t\u1ea3i 3.5 t\u1ea5n th\u00f9ng d\u00e0i 4m5<\/figcaption><\/figure>\n<p><strong>Jac N350s e5<\/strong> trang b\u1ecb cabin \u0111\u1ea7u vu\u00f4ng v\u00f4 c\u00f9ng r\u1ed9ng r\u00e3i v\u1edbi ba gh\u1ebf ng\u1ed3i.<\/p>\n<p>H\u1ec7 th\u1ed1ng \u0111\u00e8n led t\u0103ng s\u00e1ng m\u1eabu m\u1edbi v\u1edbi d\u1ea3i Led ch\u1eef C Si\u00eau \u0111\u1eb9p.<\/p>\n<p>Xe trang b\u1ecb g\u01b0\u01a1ng k\u00ednh h\u1ed9p 2 t\u1ea7ng v\u00f4 c\u00f9ng ch\u1eafc ch\u1eafn, gi\u1ea3m \u0111i\u1ec3m m\u00f9 cho ng\u01b0\u1eddi s\u1eed d\u1ee5ng.<\/p>\n<p>Nh\u00ecn chung ngo\u1ea1i th\u1ea5t xe nh\u00ecn h\u1ea7m h\u1ed1, t\u00ednh th\u1ea9m m\u1ef9 cao,\u0111\u00e1p \u1ee9ng t\u1ed1t nhu c\u1ea7u ng\u01b0\u1eddi d\u00f9ng.<\/p>\n<figure id=\"attachment_2214\" aria-describedby=\"caption-attachment-2214\" style=\"width: 800px\" class=\"wp-caption aligncenter\"><a href=\"https:\/\/xetai3s.vn\/?product=jac-n350s-pro-e5-tai-3-5-tan-thung-dai-4m5\"><img loading=\"lazy\" decoding=\"async\" class=\"wp-image-2214 size-full\" title=\"Jac N350s pro e5\" src=\"https:\/\/xetai3s.vn\/wp-content\/uploads\/2024\/11\/z6050302279853_aaa07f408084c0553ebc7fab76b1a0d4_optimized.jpg\" alt=\"xe t\u1ea3i jac n350s pro e5\" width=\"800\" height=\"600\" srcset=\"https:\/\/xetai3s.vn\/wp-content\/uploads\/2024\/11\/z6050302279853_aaa07f408084c0553ebc7fab76b1a0d4_optimized.jpg 800w, https:\/\/xetai3s.vn\/wp-content\/uploads\/2024\/11\/z6050302279853_aaa07f408084c0553ebc7fab76b1a0d4_optimized-300x225.jpg 300w, https:\/\/xetai3s.vn\/wp-content\/uploads\/2024\/11\/z6050302279853_aaa07f408084c0553ebc7fab76b1a0d4_optimized-768x576.jpg 768w\" sizes=\"(max-width: 800px) 100vw, 800px\" \/><\/a><figcaption id=\"caption-attachment-2214\" class=\"wp-caption-text\">H\u00ecnh \u1ea3nh: Xe t\u1ea3i Jac N350s Pro T\u1ea2I 3.5 T\u1ea4N<\/figcaption><\/figure>\n<figure id=\"attachment_2215\" aria-describedby=\"caption-attachment-2215\" style=\"width: 800px\" class=\"wp-caption aligncenter\"><a href=\"https:\/\/xetai3s.vn\/?product=jac-n350s-pro-e5-tai-3-5-tan-thung-dai-4m5\"><img loading=\"lazy\" decoding=\"async\" class=\"wp-image-2215 size-full\" title=\"xe t\u1ea3i jac n350s\" src=\"https:\/\/xetai3s.vn\/wp-content\/uploads\/2024\/11\/z6050302360935_0d64dc3a72d274333d3c836300101420_optimized.jpg\" alt=\"jac n350s pro e5\" width=\"800\" height=\"600\" srcset=\"https:\/\/xetai3s.vn\/wp-content\/uploads\/2024\/11\/z6050302360935_0d64dc3a72d274333d3c836300101420_optimized.jpg 800w, https:\/\/xetai3s.vn\/wp-content\/uploads\/2024\/11\/z6050302360935_0d64dc3a72d274333d3c836300101420_optimized-300x225.jpg 300w, https:\/\/xetai3s.vn\/wp-content\/uploads\/2024\/11\/z6050302360935_0d64dc3a72d274333d3c836300101420_optimized-768x576.jpg 768w\" sizes=\"(max-width: 800px) 100vw, 800px\" \/><\/a><figcaption id=\"caption-attachment-2215\" class=\"wp-caption-text\">H\u00ecnh \u1ea3nh: Xe t\u1ea3i Jac N350s pro t\u1ea3i 3 t\u1ea5n 5 th\u00f9ng 4m5<\/figcaption><\/figure>\n<ul>\n<li><strong>K\u00edch th\u01b0\u1edbc bao:<\/strong> <strong>6280 x 2110 x 2840 mm<\/strong><\/li>\n<li><strong>K\u00edch th\u01b0\u1edbc l\u1ecdt l\u00f2ng th\u00f9ng b\u1ea1t: 4460 x 1960 x 680\/1770 mm<\/strong><\/li>\n<li><strong>K\u00edch th\u01b0\u1edbc l\u1ecdt l\u00f2ng th\u00f9ng k\u00edn: 4460 x 2010 x 1770 mm<\/strong><\/li>\n<\/ul>\n<figure id=\"attachment_2220\" aria-describedby=\"caption-attachment-2220\" style=\"width: 800px\" class=\"wp-caption aligncenter\"><a href=\"https:\/\/xetai3s.vn\/?product=jac-n350s-pro-e5-tai-3-5-tan-thung-dai-4m5\"><img loading=\"lazy\" decoding=\"async\" class=\"wp-image-2220 size-full\" title=\"n\u1ed9i th\u1ea5t xe t\u1ea3i jac\" src=\"https:\/\/xetai3s.vn\/wp-content\/uploads\/2024\/11\/z6073293947716_b6f06d2a073c6836092a3d60e7aa16fe_optimized.jpg\" alt=\"n\u1ed9i th\u1ea5t xe Jac \" width=\"800\" height=\"600\" srcset=\"https:\/\/xetai3s.vn\/wp-content\/uploads\/2024\/11\/z6073293947716_b6f06d2a073c6836092a3d60e7aa16fe_optimized.jpg 800w, https:\/\/xetai3s.vn\/wp-content\/uploads\/2024\/11\/z6073293947716_b6f06d2a073c6836092a3d60e7aa16fe_optimized-300x225.jpg 300w, https:\/\/xetai3s.vn\/wp-content\/uploads\/2024\/11\/z6073293947716_b6f06d2a073c6836092a3d60e7aa16fe_optimized-768x576.jpg 768w\" sizes=\"(max-width: 800px) 100vw, 800px\" \/><\/a><figcaption id=\"caption-attachment-2220\" class=\"wp-caption-text\">H\u00ecnh \u1ea3nh: H\u00ecnh \u1ea3nh n\u1ed9i th\u1ea5t xe jac 3 t\u1ea5n 5<\/figcaption><\/figure>\n<h2><span style=\"color: #0000ff; font-size: 75%;\"><strong>Khung S\u01b0\u1eddn Chassis Xe T\u1ea3i Jac N350s:<\/strong><\/span><\/h2>\n<figure id=\"attachment_2216\" aria-describedby=\"caption-attachment-2216\" style=\"width: 800px\" class=\"wp-caption aligncenter\"><a href=\"https:\/\/xetai3s.vn\/?product=jac-n350s-pro-e5-tai-3-5-tan-thung-dai-4m5\"><img loading=\"lazy\" decoding=\"async\" class=\"wp-image-2216 size-full\" title=\"xe t\u1ea3i jac n350s pro e5\" src=\"https:\/\/xetai3s.vn\/wp-content\/uploads\/2024\/11\/z6050305811635_2d71d28690d6533f0613efc7c3b41d1a_optimized.jpg\" alt=\"xe t\u1ea3i jac n350s pro e5\" width=\"800\" height=\"1067\" srcset=\"https:\/\/xetai3s.vn\/wp-content\/uploads\/2024\/11\/z6050305811635_2d71d28690d6533f0613efc7c3b41d1a_optimized.jpg 800w, https:\/\/xetai3s.vn\/wp-content\/uploads\/2024\/11\/z6050305811635_2d71d28690d6533f0613efc7c3b41d1a_optimized-225x300.jpg 225w, https:\/\/xetai3s.vn\/wp-content\/uploads\/2024\/11\/z6050305811635_2d71d28690d6533f0613efc7c3b41d1a_optimized-768x1024.jpg 768w\" sizes=\"(max-width: 800px) 100vw, 800px\" \/><\/a><figcaption id=\"caption-attachment-2216\" class=\"wp-caption-text\">H\u00ecnh \u1ea3nh:Chassis Jac N350s e5<\/figcaption><\/figure>\n<p>Khung s\u01b0\u1eddn chassis <strong>xe t\u1ea3i Jac N350s pro<\/strong>\u00a0v\u00f4 c\u00f9ng ch\u1eafc ch\u1eafn,\u0111\u01b0\u1ee3c d\u1eadp th\u00e0nh h\u00ecnh m\u1ed9t l\u1ea7n d\u01b0\u1edbi \u00e1p l\u1ef1c 6000 t\u1ea5n.<\/p>\n<p>Linh ki\u1ec7n xe CKD 3 c\u1ee5c \u0111\u01b0\u1ee3c nh\u1eadp 100% t\u1eeb Jac Motor Trung Qu\u1ed1c.<\/p>\n<h2><strong><span style=\"font-size: 75%; color: #0000ff;\">\u0110\u1ed9ng c\u01a1 Xe T\u1ea3i Jac N350s Pro E5:<\/span><\/strong><\/h2>\n<p><strong>Jac N350s<\/strong>\u00a0trang b\u1ecb \u0111\u1ed9ng c\u01a1 Cummins M\u1ef9 m\u1edbi nh\u1ea5t v\u1edbi dung t\u00edch 2.8L.<\/p>\n<p>Ti\u1ebft ki\u1ec7m nhi\u00ean li\u1ec7u,m\u1ea1nh m\u1ebd,b\u1ec1n b\u1ec9 v\u1edbi th\u1eddi gian.<\/p>\n<p>K\u00fd hi\u1ec7u \u0111\u1ed9ng c\u01a1: <strong>HFC4DE1-2E1D<\/strong><\/p>\n<p>Th\u1ec3 t\u00edch l\u00e0m vi\u1ec7c (cm3): 2746<\/p>\n<figure id=\"attachment_2217\" aria-describedby=\"caption-attachment-2217\" style=\"width: 800px\" class=\"wp-caption aligncenter\"><a href=\"https:\/\/xetai3s.vn\/?product=jac-n350s-pro-e5-tai-3-5-tan-thung-dai-4m5\"><img loading=\"lazy\" decoding=\"async\" class=\"wp-image-2217 size-full\" title=\"\u0111\u1ed9ng c\u01a1 Cummins m\u00e1y 2.8L\" src=\"https:\/\/xetai3s.vn\/wp-content\/uploads\/2024\/11\/z6050305829948_6b26fd26a6cf045b71f1ae3e401fb6f7_optimized.jpg\" alt=\"\u0111\u1ed9ng c\u01a1 xe t\u1ea3i jac 3 t\u1ea5n 5\" width=\"800\" height=\"1067\" srcset=\"https:\/\/xetai3s.vn\/wp-content\/uploads\/2024\/11\/z6050305829948_6b26fd26a6cf045b71f1ae3e401fb6f7_optimized.jpg 800w, https:\/\/xetai3s.vn\/wp-content\/uploads\/2024\/11\/z6050305829948_6b26fd26a6cf045b71f1ae3e401fb6f7_optimized-225x300.jpg 225w, https:\/\/xetai3s.vn\/wp-content\/uploads\/2024\/11\/z6050305829948_6b26fd26a6cf045b71f1ae3e401fb6f7_optimized-768x1024.jpg 768w\" sizes=\"(max-width: 800px) 100vw, 800px\" \/><\/a><figcaption id=\"caption-attachment-2217\" class=\"wp-caption-text\">H\u00ecnh \u1ea3nh: \u0110\u1ed9ng c\u01a1 Cummins M\u1ef9 2.8L<\/figcaption><\/figure>\n<figure id=\"attachment_2218\" aria-describedby=\"caption-attachment-2218\" style=\"width: 800px\" class=\"wp-caption aligncenter\"><a href=\"https:\/\/xetai3s.vn\/?product=jac-n350s-pro-e5-tai-3-5-tan-thung-dai-4m5\"><img loading=\"lazy\" decoding=\"async\" class=\"wp-image-2218 size-full\" src=\"https:\/\/xetai3s.vn\/wp-content\/uploads\/2024\/11\/z6050305820235_1dd93cacede4ee93ab3857662840af95_optimized.jpg\" alt=\"xe t\u1ea3i jac\" width=\"800\" height=\"1067\" srcset=\"https:\/\/xetai3s.vn\/wp-content\/uploads\/2024\/11\/z6050305820235_1dd93cacede4ee93ab3857662840af95_optimized.jpg 800w, https:\/\/xetai3s.vn\/wp-content\/uploads\/2024\/11\/z6050305820235_1dd93cacede4ee93ab3857662840af95_optimized-225x300.jpg 225w, https:\/\/xetai3s.vn\/wp-content\/uploads\/2024\/11\/z6050305820235_1dd93cacede4ee93ab3857662840af95_optimized-768x1024.jpg 768w\" sizes=\"(max-width: 800px) 100vw, 800px\" \/><\/a><figcaption id=\"caption-attachment-2218\" class=\"wp-caption-text\">H\u00ecnh \u1ea3nh: Jac N350s pro euro 5 c\u00f3 b\u00ecnh ure<\/figcaption><\/figure>\n<p><strong>Xe Jac N350s e5<\/strong>\u00a0trang b\u1ecb b\u00ecnh ure x\u1eed l\u00fd kh\u00ed th\u1ea3i,an to\u00e0n m\u00f4i tr\u01b0\u1eddng theo th\u00f4ng t\u01b0 m\u1edbi.<\/p>\n<p>Xe s\u1eed d\u1ee5ng 2 b\u00ecnh ac quy 24V,cung c\u1ea5p \u0111i\u1ec7n cho xe c\u1ef1c t\u1ed1t.<\/p>\n<h2><span style=\"font-size: 75%; color: #0000ff;\"><strong>Th\u00f4ng Tin Tr\u1ea3 G\u00f3p:<\/strong><\/span><\/h2>\n<p>H\u1ed7 tr\u1ee3 tr\u1ea3 g\u00f3p 75-80% gi\u00e1 tr\u1ecb xe,h\u1ed3 s\u01a1 th\u1eed t\u1ee5c nhanh ch\u00f3ng.<\/p>\n<p>H\u1ed7 tr\u1ee3 ch\u1ee9ng minh thu nh\u1eadp,kh\u00f4ng th\u1ea9m \u0111\u1ecbnh,duy\u1ec7t h\u1ed3 s\u01a1 nhanh,bao \u0111\u1eadu<\/p>\n<p>\u2b50Khuy\u1ebfn m\u00e3i 10tr khi mua xe<\/p>\n<p>\u2b50T\u1eb7ng bao v\u00f4 l\u0103ng,l\u00f3t s\u00e0n<\/p>\n<p>\u2b50T\u1eb7ng D\u1ea7u<\/p>\n<p>\u2b50T\u1eb7ng mica,decal bi\u1ec3n s\u1ed1<\/p>\n<p><a href=\"https:\/\/xetai3s.vn\/?product_cat=xe-tai-nhe\"><strong><em>XEM TH\u00caM S\u1ea2N PH\u1ea8M T\u1ea0I \u0110\u00c2Y<\/em><\/strong><\/a><\/p>\n<h2><span style=\"font-size: 75%;\"><strong><span style=\"color: #0000ff;\">Kh\u00e1ch H\u00e0ng \u0110\u00e1nh G\u00eda:<\/span><\/strong><\/span><\/h2>\n<ul>\n<li><strong>Ch\u1ecb Th\u1ea3o-B\u00ecnh D\u01b0\u01a1ng<\/strong> \u2b50\u2b50\u2b50\u2b50\u2b50<\/li>\n<\/ul>\n<p>Xe t\u1ed1t gi\u00e1 h\u1ee3p l\u00fd,m\u1eabu m\u00e3 \u0111\u1eb9p,\u0111\u1ed9ng c\u01a1 kh\u1ecfe,ti\u1ebft ki\u1ec7m nhi\u00ean li\u1ec7u.<\/p>\n<ul>\n<li><strong>Anh Ti\u1ebfn-B\u00ecnh Ph\u01b0\u1edbc<\/strong> \u2b50\u2b50\u2b50\u2b50\u2b50<\/li>\n<\/ul>\n<p>Xe m\u1eabu m\u1edbi c\u1ee7a nh\u00e0 m\u00e1y Jac \u0111\u00e3 qu\u00e1, v\u1eeba \u0111\u1eb9p v\u1eeba ti\u1ebft ki\u1ec7m nhi\u00ean li\u1ec7u, kh\u1ecfe n\u1eefa.<\/p>\n<ul>\n<li><strong>Anh Long-Ti\u1ec1n Giang<\/strong> \u2b50\u2b50\u2b50\u2b50\u2b50<\/li>\n<\/ul>\n<p>Xe t\u1ed1t nh\u00e9 m\u1ecdi ng\u01b0\u1eddi,xe ch\u1ea5t l\u01b0\u1ee3ng,nhanh thu h\u1ed3i v\u1ed1n.<\/p>\n<p><a href=\"https:\/\/xetai3s.vn\/?product=xe-tai-jac-h200-e5-tai-1-9-tan-thung-dai-3m8\"><em><strong>XE T\u1ea2I JAC H200 T\u1ea2I 1.9 T\u1ea4N TH\u00d9NG 3M6<\/strong><\/em><\/a><\/p>\n<p style=\"text-align: center;\"><span style=\"font-size: 150%;\"><strong><span style=\"color: #0000ff;\">LI\u00caN H\u1ec6 0902.904.964 Mr S\u01a1n Ph\u00f3 PKD-T\u01b0 v\u1ea5n v\u00e0 b\u00e1o gi\u00e1 chi ti\u1ebft!<\/span><\/strong><\/span><\/p>\n","protected":false},"excerpt":{"rendered":"<p><strong>Xe t\u1ea3i Jac N350s pro e5<\/strong> l\u00e0 s\u1ea3n ph\u1ea9m xe t\u1ea3i 3 t\u1ea5n 5 m\u1edbi nh\u1ea5t c\u1ee7a nh\u00e0 m\u00e1y Jac Vi\u1ec7t Nam.Trang b\u1ecb \u0111\u1ed9ng c\u01a1 Cummins M\u1ef9 m\u00e1y 2.8L Cho ra c\u00f4ng xu\u1ea5t 120hp,m\u1ea1nh m\u1ebd ,b\u1ec1n b\u1ec9,ti\u1ebft ki\u1ec7m nhi\u00ean li\u1ec7u<\/p>\n","protected":false},"featured_media":2219,"template":"","meta":[],"class_list":{"0":"post-2211","1":"product","2":"type-product","3":"status-publish","4":"has-post-thumbnail","6":"product_cat-xe-tai-nhe","7":"product_tag-jac-3-tan-5","8":"product_tag-jac-3-5-tan","9":"product_tag-jac-n350s","10":"product_tag-jac-n350s-e5","11":"product_tag-jac-n350s-pro-e5","12":"product_tag-xe-tai-jac","13":"product_tag-xe-tai-jac-3-tan-5","14":"product_tag-xe-tai-jac-n350s","16":"first","17":"instock","18":"shipping-taxable","19":"product-type-simple"},"yoast_head":"<!-- This site is optimized with the Yoast SEO plugin v23.2 - https:\/\/yoast.com\/wordpress\/plugins\/seo\/ -->\n<title>JAC N350S PRO E5 T\u1ea2I 3.5 T\u1ea4N M\u00c1Y CUMMINS TH\u00d9NG 4M5 -<\/title>\n<meta name=\"description\" content=\"Xe t\u1ea3i Jac N350s Pro E5 t\u1ea3i 3 t\u1ea5n 5 th\u00f9ng d\u00e0i 4m5.Trang b\u1ecb \u0111\u1ed9ng c\u01a1 Cummins M\u1ef9.B\u1ea3o h\u00e0nh 5 n\u0103m ho\u1eb7c 150.000 km,\u0111\u01b0\u1ee3c kh\u00e1ch h\u00e0ng \u0111\u00e1nh gi\u00e1 5\u2b50\u2b50\u2b50\u2b50\u2b50(1)\" \/>\n<meta name=\"robots\" content=\"index, follow, max-snippet:-1, max-image-preview:large, max-video-preview:-1\" \/>\n<link rel=\"canonical\" href=\"https:\/\/xetai3s.vn\/?product=jac-n350s-pro-e5-tai-3-5-tan-may-cummins-thung-4m5\" \/>\n<meta property=\"og:locale\" content=\"vi_VN\" \/>\n<meta property=\"og:type\" content=\"article\" \/>\n<meta property=\"og:title\" content=\"JAC N350S PRO E5 T\u1ea2I 3.5 T\u1ea4N M\u00c1Y CUMMINS TH\u00d9NG 4M5 -\" \/>\n<meta property=\"og:description\" content=\"Xe t\u1ea3i Jac N350s Pro E5 t\u1ea3i 3 t\u1ea5n 5 th\u00f9ng d\u00e0i 4m5.Trang b\u1ecb \u0111\u1ed9ng c\u01a1 Cummins M\u1ef9.B\u1ea3o h\u00e0nh 5 n\u0103m ho\u1eb7c 150.000 km,\u0111\u01b0\u1ee3c kh\u00e1ch h\u00e0ng \u0111\u00e1nh gi\u00e1 5\u2b50\u2b50\u2b50\u2b50\u2b50(1)\" \/>\n<meta property=\"og:url\" content=\"https:\/\/xetai3s.vn\/?product=jac-n350s-pro-e5-tai-3-5-tan-may-cummins-thung-4m5\" \/>\n<meta property=\"article:modified_time\" content=\"2026-03-31T19:57:40+00:00\" \/>\n<meta property=\"og:image\" content=\"https:\/\/xetai3s.vn\/wp-content\/uploads\/2024\/11\/z6050302330013_edcc35fad866a201125d06408c799d78_optimized.jpg\" \/>\n\t<meta property=\"og:image:width\" content=\"800\" \/>\n\t<meta property=\"og:image:height\" content=\"600\" \/>\n\t<meta property=\"og:image:type\" content=\"image\/jpeg\" \/>\n<meta name=\"twitter:card\" content=\"summary_large_image\" \/>\n<meta name=\"twitter:label1\" content=\"Gi\u00e1\" \/>\n\t<meta name=\"twitter:data1\" content=\"\" \/>\n\t<meta name=\"twitter:label2\" content=\"Kh\u1ea3 d\u1ee5ng\" \/>\n\t<meta name=\"twitter:data2\" content=\"Trong kho\" \/>\n<script type=\"application\/ld+json\" class=\"yoast-schema-graph\">{\"@context\":\"https:\/\/schema.org\",\"@graph\":[{\"@type\":\"WebPage\",\"@id\":\"https:\/\/xetai3s.vn\/?product=jac-n350s-pro-e5-tai-3-5-tan-may-cummins-thung-4m5\",\"url\":\"https:\/\/xetai3s.vn\/?product=jac-n350s-pro-e5-tai-3-5-tan-may-cummins-thung-4m5\",\"name\":\"JAC N350S PRO E5 T\u1ea2I 3.5 T\u1ea4N M\u00c1Y CUMMINS TH\u00d9NG 4M5 -\",\"isPartOf\":{\"@id\":\"https:\/\/xetai3s.vn\/#website\"},\"primaryImageOfPage\":{\"@id\":\"https:\/\/xetai3s.vn\/?product=jac-n350s-pro-e5-tai-3-5-tan-may-cummins-thung-4m5#primaryimage\"},\"image\":{\"@id\":\"https:\/\/xetai3s.vn\/?product=jac-n350s-pro-e5-tai-3-5-tan-may-cummins-thung-4m5#primaryimage\"},\"thumbnailUrl\":\"https:\/\/xetai3s.vn\/wp-content\/uploads\/2024\/11\/z6050302330013_edcc35fad866a201125d06408c799d78_optimized.jpg\",\"datePublished\":\"2024-11-26T23:57:46+00:00\",\"dateModified\":\"2026-03-31T19:57:40+00:00\",\"description\":\"Xe t\u1ea3i Jac N350s Pro E5 t\u1ea3i 3 t\u1ea5n 5 th\u00f9ng d\u00e0i 4m5.Trang b\u1ecb \u0111\u1ed9ng c\u01a1 Cummins M\u1ef9.B\u1ea3o h\u00e0nh 5 n\u0103m ho\u1eb7c 150.000 km,\u0111\u01b0\u1ee3c kh\u00e1ch h\u00e0ng \u0111\u00e1nh gi\u00e1 5\u2b50\u2b50\u2b50\u2b50\u2b50(1)\",\"breadcrumb\":{\"@id\":\"https:\/\/xetai3s.vn\/?product=jac-n350s-pro-e5-tai-3-5-tan-may-cummins-thung-4m5#breadcrumb\"},\"inLanguage\":\"vi\",\"potentialAction\":[{\"@type\":\"ReadAction\",\"target\":[\"https:\/\/xetai3s.vn\/?product=jac-n350s-pro-e5-tai-3-5-tan-may-cummins-thung-4m5\"]}]},{\"@type\":\"ImageObject\",\"inLanguage\":\"vi\",\"@id\":\"https:\/\/xetai3s.vn\/?product=jac-n350s-pro-e5-tai-3-5-tan-may-cummins-thung-4m5#primaryimage\",\"url\":\"https:\/\/xetai3s.vn\/wp-content\/uploads\/2024\/11\/z6050302330013_edcc35fad866a201125d06408c799d78_optimized.jpg\",\"contentUrl\":\"https:\/\/xetai3s.vn\/wp-content\/uploads\/2024\/11\/z6050302330013_edcc35fad866a201125d06408c799d78_optimized.jpg\",\"width\":800,\"height\":600,\"caption\":\"H\u00ecnh \u1ea3nh: Jac N350s pro e5\"},{\"@type\":\"BreadcrumbList\",\"@id\":\"https:\/\/xetai3s.vn\/?product=jac-n350s-pro-e5-tai-3-5-tan-may-cummins-thung-4m5#breadcrumb\",\"itemListElement\":[{\"@type\":\"ListItem\",\"position\":1,\"name\":\"Trang ch\u1ee7\",\"item\":\"https:\/\/xetai3s.vn\/\"},{\"@type\":\"ListItem\",\"position\":2,\"name\":\"C\u1eeda h\u00e0ng\",\"item\":\"https:\/\/xetai3s.vn\/?page_id=16\"},{\"@type\":\"ListItem\",\"position\":3,\"name\":\"JAC N350S PRO E5 T\u1ea2I 3.5 T\u1ea4N M\u00c1Y CUMMINS TH\u00d9NG 4M5\"}]},{\"@type\":\"WebSite\",\"@id\":\"https:\/\/xetai3s.vn\/#website\",\"url\":\"https:\/\/xetai3s.vn\/\",\"name\":\"\",\"description\":\"Xe T\u1ea3i Jac\",\"potentialAction\":[{\"@type\":\"SearchAction\",\"target\":{\"@type\":\"EntryPoint\",\"urlTemplate\":\"https:\/\/xetai3s.vn\/?s={search_term_string}\"},\"query-input\":\"required name=search_term_string\"}],\"inLanguage\":\"vi\"}]}<\/script>\n<meta property=\"product:price:amount\" content=\"0\" \/>\n<meta property=\"product:price:currency\" content=\"VND\" \/>\n<meta property=\"og:availability\" content=\"instock\" \/>\n<meta property=\"product:availability\" content=\"instock\" \/>\n<meta property=\"product:condition\" content=\"new\" \/>\n<!-- \/ Yoast SEO plugin. -->","yoast_head_json":{"title":"JAC N350S PRO E5 T\u1ea2I 3.5 T\u1ea4N M\u00c1Y CUMMINS TH\u00d9NG 4M5 -","description":"Xe t\u1ea3i Jac N350s Pro E5 t\u1ea3i 3 t\u1ea5n 5 th\u00f9ng d\u00e0i 4m5.Trang b\u1ecb \u0111\u1ed9ng c\u01a1 Cummins M\u1ef9.B\u1ea3o h\u00e0nh 5 n\u0103m ho\u1eb7c 150.000 km,\u0111\u01b0\u1ee3c kh\u00e1ch h\u00e0ng \u0111\u00e1nh gi\u00e1 5\u2b50\u2b50\u2b50\u2b50\u2b50(1)","robots":{"index":"index","follow":"follow","max-snippet":"max-snippet:-1","max-image-preview":"max-image-preview:large","max-video-preview":"max-video-preview:-1"},"canonical":"https:\/\/xetai3s.vn\/?product=jac-n350s-pro-e5-tai-3-5-tan-may-cummins-thung-4m5","og_locale":"vi_VN","og_type":"article","og_title":"JAC N350S PRO E5 T\u1ea2I 3.5 T\u1ea4N M\u00c1Y CUMMINS TH\u00d9NG 4M5 -","og_description":"Xe t\u1ea3i Jac N350s Pro E5 t\u1ea3i 3 t\u1ea5n 5 th\u00f9ng d\u00e0i 4m5.Trang b\u1ecb \u0111\u1ed9ng c\u01a1 Cummins M\u1ef9.B\u1ea3o h\u00e0nh 5 n\u0103m ho\u1eb7c 150.000 km,\u0111\u01b0\u1ee3c kh\u00e1ch h\u00e0ng \u0111\u00e1nh gi\u00e1 5\u2b50\u2b50\u2b50\u2b50\u2b50(1)","og_url":"https:\/\/xetai3s.vn\/?product=jac-n350s-pro-e5-tai-3-5-tan-may-cummins-thung-4m5","article_modified_time":"2026-03-31T19:57:40+00:00","og_image":[{"width":800,"height":600,"url":"https:\/\/xetai3s.vn\/wp-content\/uploads\/2024\/11\/z6050302330013_edcc35fad866a201125d06408c799d78_optimized.jpg","type":"image\/jpeg"}],"twitter_card":"summary_large_image","twitter_misc":{"Gi\u00e1":"","Kh\u1ea3 d\u1ee5ng":"Trong kho"},"schema":{"@context":"https:\/\/schema.org","@graph":[{"@type":"WebPage","@id":"https:\/\/xetai3s.vn\/?product=jac-n350s-pro-e5-tai-3-5-tan-may-cummins-thung-4m5","url":"https:\/\/xetai3s.vn\/?product=jac-n350s-pro-e5-tai-3-5-tan-may-cummins-thung-4m5","name":"JAC N350S PRO E5 T\u1ea2I 3.5 T\u1ea4N M\u00c1Y CUMMINS TH\u00d9NG 4M5 -","isPartOf":{"@id":"https:\/\/xetai3s.vn\/#website"},"primaryImageOfPage":{"@id":"https:\/\/xetai3s.vn\/?product=jac-n350s-pro-e5-tai-3-5-tan-may-cummins-thung-4m5#primaryimage"},"image":{"@id":"https:\/\/xetai3s.vn\/?product=jac-n350s-pro-e5-tai-3-5-tan-may-cummins-thung-4m5#primaryimage"},"thumbnailUrl":"https:\/\/xetai3s.vn\/wp-content\/uploads\/2024\/11\/z6050302330013_edcc35fad866a201125d06408c799d78_optimized.jpg","datePublished":"2024-11-26T23:57:46+00:00","dateModified":"2026-03-31T19:57:40+00:00","description":"Xe t\u1ea3i Jac N350s Pro E5 t\u1ea3i 3 t\u1ea5n 5 th\u00f9ng d\u00e0i 4m5.Trang b\u1ecb \u0111\u1ed9ng c\u01a1 Cummins M\u1ef9.B\u1ea3o h\u00e0nh 5 n\u0103m ho\u1eb7c 150.000 km,\u0111\u01b0\u1ee3c kh\u00e1ch h\u00e0ng \u0111\u00e1nh gi\u00e1 5\u2b50\u2b50\u2b50\u2b50\u2b50(1)","breadcrumb":{"@id":"https:\/\/xetai3s.vn\/?product=jac-n350s-pro-e5-tai-3-5-tan-may-cummins-thung-4m5#breadcrumb"},"inLanguage":"vi","potentialAction":[{"@type":"ReadAction","target":["https:\/\/xetai3s.vn\/?product=jac-n350s-pro-e5-tai-3-5-tan-may-cummins-thung-4m5"]}]},{"@type":"ImageObject","inLanguage":"vi","@id":"https:\/\/xetai3s.vn\/?product=jac-n350s-pro-e5-tai-3-5-tan-may-cummins-thung-4m5#primaryimage","url":"https:\/\/xetai3s.vn\/wp-content\/uploads\/2024\/11\/z6050302330013_edcc35fad866a201125d06408c799d78_optimized.jpg","contentUrl":"https:\/\/xetai3s.vn\/wp-content\/uploads\/2024\/11\/z6050302330013_edcc35fad866a201125d06408c799d78_optimized.jpg","width":800,"height":600,"caption":"H\u00ecnh \u1ea3nh: Jac N350s pro e5"},{"@type":"BreadcrumbList","@id":"https:\/\/xetai3s.vn\/?product=jac-n350s-pro-e5-tai-3-5-tan-may-cummins-thung-4m5#breadcrumb","itemListElement":[{"@type":"ListItem","position":1,"name":"Trang ch\u1ee7","item":"https:\/\/xetai3s.vn\/"},{"@type":"ListItem","position":2,"name":"C\u1eeda h\u00e0ng","item":"https:\/\/xetai3s.vn\/?page_id=16"},{"@type":"ListItem","position":3,"name":"JAC N350S PRO E5 T\u1ea2I 3.5 T\u1ea4N M\u00c1Y CUMMINS TH\u00d9NG 4M5"}]},{"@type":"WebSite","@id":"https:\/\/xetai3s.vn\/#website","url":"https:\/\/xetai3s.vn\/","name":"","description":"Xe T\u1ea3i Jac","potentialAction":[{"@type":"SearchAction","target":{"@type":"EntryPoint","urlTemplate":"https:\/\/xetai3s.vn\/?s={search_term_string}"},"query-input":"required name=search_term_string"}],"inLanguage":"vi"}]},"product_price_currency":"VND","og_availability":"instock","product_availability":"instock","product_condition":"new"},"_links":{"self":[{"href":"https:\/\/xetai3s.vn\/index.php?rest_route=\/wp\/v2\/product\/2211"}],"collection":[{"href":"https:\/\/xetai3s.vn\/index.php?rest_route=\/wp\/v2\/product"}],"about":[{"href":"https:\/\/xetai3s.vn\/index.php?rest_route=\/wp\/v2\/types\/product"}],"wp:featuredmedia":[{"embeddable":true,"href":"https:\/\/xetai3s.vn\/index.php?rest_route=\/wp\/v2\/media\/2219"}],"wp:attachment":[{"href":"https:\/\/xetai3s.vn\/index.php?rest_route=%2Fwp%2Fv2%2Fmedia&parent=2211"}],"curies":[{"name":"wp","href":"https:\/\/api.w.org\/{rel}","templated":true}]}}