{"id":2207,"date":"2024-11-21T11:20:20","date_gmt":"2024-11-21T04:20:20","guid":{"rendered":"https:\/\/xetai3s.vn\/?post_type=product&#038;p=2207"},"modified":"2024-11-21T11:20:21","modified_gmt":"2024-11-21T04:20:21","slug":"loc-nhot-hyundai-n250-n250sl","status":"publish","type":"product","link":"https:\/\/xetai3s.vn\/?product=loc-nhot-hyundai-n250-n250sl","title":{"rendered":"L\u1ecdc nh\u1edbt Hyundai N250\/N250SL"},"content":{"rendered":"<h1 style=\"text-align: center;\"><span style=\"color: #0000ff;\"><strong>L\u1ecdc nh\u1edbt xe t\u1ea3i Hyundai N250\/250SL<\/strong><\/span><\/h1>\n<ul>\n<li><strong>L\u1ecdc nh\u1edbt xe t\u1ea3i hyundai n250SL<\/strong>\u00a0l\u00e0 m\u1ed9t b\u1ed9 ph\u1eadn quan tr\u1ecdng trong h\u1ec7 th\u1ed1ng \u0111\u1ed9ng c\u01a1, gi\u00fap lo\u1ea1i b\u1ecf c\u00e1c t\u1ea1p ch\u1ea5t, b\u1ee5i b\u1ea9n v\u00e0 c\u1eb7n b\u00e3 t\u1eeb d\u1ea7u nh\u1edbt tr\u01b0\u1edbc khi n\u00f3 \u0111\u01b0\u1ee3c tu\u1ea7n ho\u00e0n l\u1ea1i v\u00e0o \u0111\u1ed9ng c\u01a1. \u0110i\u1ec1u n\u00e0y gi\u00fap b\u1ea3o v\u1ec7 \u0111\u1ed9ng c\u01a1 kh\u1ecfi hao m\u00f2n, \u0111\u1ea3m b\u1ea3o hi\u1ec7u su\u1ea5t v\u1eadn h\u00e0nh \u1ed5n \u0111\u1ecbnh v\u00e0 k\u00e9o d\u00e0i tu\u1ed5i th\u1ecd c\u1ee7a xe t\u1ea3i<\/li>\n<\/ul>\n<h2><span style=\"font-size: 75%;\"><strong><span style=\"color: #0000ff;\">TH\u00d4NG TIN LI\u00caN H\u1ec6:<\/span><\/strong><\/span><\/h2>\n<p>\u2013 Qu\u00fd kh\u00e1ch h\u00e0ng kh\u1ea3o th\u00eam th\u00f4ng tin t\u1ea1i<br \/>\nwebsite:https:\/\/xetai3s.vn\/<br \/>\nfacebook:https:\/\/www.facebook.com\/xetai3svn?locale=vi_VN<br \/>\nYoutube:https:\/\/www.youtube.com\/@SonJacBinhDuong<br \/>\n\u2013 Qu\u00fd kh\u00e1ch h\u00e0ng xem video v\u1ec1 c\u00e1c lo\u1ea1i th\u00f9ng v\u00e0 d\u00f2ng xe t\u1ea3i t\u1ea1i t\u1ea1i youtube qua \u0111\u01b0\u1eddng link<br \/>\n+ Nh\u1eefng qu\u00e0 t\u1eb7ng kh\u00e1ch h\u00e0ng nh\u1eadn \u0111\u01b0\u1ee3c khi mua xe t\u1ea1i Jac Giang Ho\u00e0i:<br \/>\n\u2013 Bao da tay l\u00e1i, th\u1ea3m l\u00f3t s\u00e0n<br \/>\n\u2013 B\u1ecdc bi\u1ec3n s\u1ed1,Decal<br \/>\n\u2013 \u0110\u1ed3 ngh\u1ec1,b\u00ecnh ch\u1eefa ch\u00e1y<br \/>\n\u2013 20 l\u00edt d\u1ea7u,mi\u1ec5n ph\u00ed b\u1ea3o d\u01b0\u1ee1ng l\u1ea7n \u0111\u1ea7u 100%<br \/>\n\u2013 v\u00e0 gi\u1ea3m gi\u00e1 tr\u1ef1c ti\u1ebfp tr\u00ean gi\u00e1 xe<br \/>\n\u0110\u1eb6C BI\u1ec6T: JAC GIANG HO\u00c0I lu\u00f4n s\u1eb5n c\u00e1c d\u00f2ng xe t\u1ea3i, \u0111\u00e1p \u1ee9ng nhu c\u1ea7u kh\u00e1ch h\u00e0ng c\u1ea7n xe ch\u1ea1y ngay, h\u1ed3 s\u01a1 s\u1eb5n gi\u00fap kh\u00e1ch h\u00e0ng b\u1ea5m bi\u1ec3n s\u1ed1 nhanh. Kh\u00f4ng ph\u1ea3i ch\u1edd \u0111\u1ee3i.<br \/>\n\u2013 Nh\u1eadn gia c\u00f4ng, \u0111\u00f3ng m\u1edbi c\u00e1c lo\u1ea1i th\u00f9ng theo nhu c\u1ea7u ch\u1edf h\u00e0ng c\u1ee7a kh\u00e1ch h\u00e0ng.<br \/>\n\u2013 Cung c\u1ea5p ph\u1ee5 t\u00f9ng ch\u00ednh h\u00e3ng.<br \/>\n\u2013 H\u1ed7 tr\u1ee3 kh\u00e1ch h\u00e0ng mua xe qua ng\u00e2n h\u00e0ng m\u1ee9c vay 70 \u2013 80% gi\u00e1 tr\u1ecb xe.<br \/>\n\u2013 JAC GIANG HO\u00c0I: \u0110\u1ea1i L\u00fd U\u1ef7 Quy\u1ec1n C\u1ee7a NH\u00c0 M\u00c1Y JAC VI\u1ec6T NAM<br \/>\n\u260e\ufe0f Hotline: 0902.904.964 (Mr S\u01a1n \u2013 Ph\u00f3-PKD) \u0111\u1ec3 \u0111\u01b0\u1ee3c t\u01b0 v\u1ea5n v\u00e0 h\u1ed7 tr\u1ee3.<br \/>\n\u2013 \u0110\u1ecba ch\u1ec9: S\u1ed1 20\/3 \u0110LBD,Kp T\u00e2y,P V\u0129nh Ph\u00fa,Tp Thu\u1eadn An,B\u00ecnh D\u01b0\u01a1ng.<\/p>\n","protected":false},"excerpt":{"rendered":"<p>ch\u00fang t\u00f4i chuy\u00ean ph\u00e2n ph\u1ed1i ph\u1ee5 t\u00f9ng Hyundai ch\u00ednh h\u00e3ng,uy t\u00edn,t\u1eadn t\u00e2m,ch\u1ea5t l\u01b0\u1ee3ng.G\u00eda c\u1ea3 ph\u1ea3i ch\u0103ng,cho nhu c\u1ea7u c\u1ee7a kh\u00e1ch h\u00e0ng.<\/p>\n<p>&nbsp;<\/p>\n","protected":false},"featured_media":2208,"template":"","meta":[],"class_list":{"0":"post-2207","1":"product","2":"type-product","3":"status-publish","4":"has-post-thumbnail","6":"product_cat-phu-tung","7":"product_tag-loc-nhot-hyundai","8":"product_tag-loc-nhot-hyundai-n250","9":"product_tag-loc-nhot-hyundai-n250sl","11":"first","12":"instock","13":"shipping-taxable","14":"product-type-simple"},"yoast_head":"<!-- This site is optimized with the Yoast SEO plugin v23.2 - https:\/\/yoast.com\/wordpress\/plugins\/seo\/ -->\n<title>L\u1ecdc nh\u1edbt Hyundai N250\/N250SL -<\/title>\n<meta name=\"description\" content=\"Ph\u1ee5 t\u00f9ng Hyundai ch\u00ednh h\u00e3ng 100%,ch\u00fang t\u00f4i chuy\u00ean ph\u00e2n ph\u1ed1i ph\u1ee5 t\u00f9ng xe t\u1ea3i hyundai th\u00e0nh c\u00f4ng, uy t\u00edn ch\u1ea5t l\u01b0\u1ee3ng cao cho qu\u00fd kh\u00e1ch h\u00e0ng.\" \/>\n<meta name=\"robots\" content=\"index, follow, max-snippet:-1, max-image-preview:large, max-video-preview:-1\" \/>\n<link rel=\"canonical\" href=\"https:\/\/xetai3s.vn\/?product=loc-nhot-hyundai-n250-n250sl\" \/>\n<meta property=\"og:locale\" content=\"vi_VN\" \/>\n<meta property=\"og:type\" content=\"article\" \/>\n<meta property=\"og:title\" content=\"L\u1ecdc nh\u1edbt Hyundai N250\/N250SL -\" \/>\n<meta property=\"og:description\" content=\"Ph\u1ee5 t\u00f9ng Hyundai ch\u00ednh h\u00e3ng 100%,ch\u00fang t\u00f4i chuy\u00ean ph\u00e2n ph\u1ed1i ph\u1ee5 t\u00f9ng xe t\u1ea3i hyundai th\u00e0nh c\u00f4ng, uy t\u00edn ch\u1ea5t l\u01b0\u1ee3ng cao cho qu\u00fd kh\u00e1ch h\u00e0ng.\" \/>\n<meta property=\"og:url\" content=\"https:\/\/xetai3s.vn\/?product=loc-nhot-hyundai-n250-n250sl\" \/>\n<meta property=\"article:modified_time\" content=\"2024-11-21T04:20:21+00:00\" \/>\n<meta property=\"og:image\" content=\"https:\/\/xetai3s.vn\/wp-content\/uploads\/2024\/11\/z6054936242410_7ac17da862549048759d6710ed757bab.jpg\" \/>\n\t<meta property=\"og:image:width\" content=\"800\" \/>\n\t<meta property=\"og:image:height\" content=\"800\" \/>\n\t<meta property=\"og:image:type\" content=\"image\/jpeg\" \/>\n<meta name=\"twitter:card\" content=\"summary_large_image\" \/>\n<meta name=\"twitter:label1\" content=\"Gi\u00e1\" \/>\n\t<meta name=\"twitter:data1\" content=\"\" \/>\n\t<meta name=\"twitter:label2\" content=\"Kh\u1ea3 d\u1ee5ng\" \/>\n\t<meta name=\"twitter:data2\" content=\"Trong kho\" \/>\n<script type=\"application\/ld+json\" class=\"yoast-schema-graph\">{\"@context\":\"https:\/\/schema.org\",\"@graph\":[{\"@type\":\"WebPage\",\"@id\":\"https:\/\/xetai3s.vn\/?product=loc-nhot-hyundai-n250-n250sl\",\"url\":\"https:\/\/xetai3s.vn\/?product=loc-nhot-hyundai-n250-n250sl\",\"name\":\"L\u1ecdc nh\u1edbt Hyundai N250\/N250SL -\",\"isPartOf\":{\"@id\":\"https:\/\/xetai3s.vn\/#website\"},\"primaryImageOfPage\":{\"@id\":\"https:\/\/xetai3s.vn\/?product=loc-nhot-hyundai-n250-n250sl#primaryimage\"},\"image\":{\"@id\":\"https:\/\/xetai3s.vn\/?product=loc-nhot-hyundai-n250-n250sl#primaryimage\"},\"thumbnailUrl\":\"https:\/\/xetai3s.vn\/wp-content\/uploads\/2024\/11\/z6054936242410_7ac17da862549048759d6710ed757bab.jpg\",\"datePublished\":\"2024-11-21T04:20:20+00:00\",\"dateModified\":\"2024-11-21T04:20:21+00:00\",\"description\":\"Ph\u1ee5 t\u00f9ng Hyundai ch\u00ednh h\u00e3ng 100%,ch\u00fang t\u00f4i chuy\u00ean ph\u00e2n ph\u1ed1i ph\u1ee5 t\u00f9ng xe t\u1ea3i hyundai th\u00e0nh c\u00f4ng, uy t\u00edn ch\u1ea5t l\u01b0\u1ee3ng cao cho qu\u00fd kh\u00e1ch h\u00e0ng.\",\"breadcrumb\":{\"@id\":\"https:\/\/xetai3s.vn\/?product=loc-nhot-hyundai-n250-n250sl#breadcrumb\"},\"inLanguage\":\"vi\",\"potentialAction\":[{\"@type\":\"ReadAction\",\"target\":[\"https:\/\/xetai3s.vn\/?product=loc-nhot-hyundai-n250-n250sl\"]}]},{\"@type\":\"ImageObject\",\"inLanguage\":\"vi\",\"@id\":\"https:\/\/xetai3s.vn\/?product=loc-nhot-hyundai-n250-n250sl#primaryimage\",\"url\":\"https:\/\/xetai3s.vn\/wp-content\/uploads\/2024\/11\/z6054936242410_7ac17da862549048759d6710ed757bab.jpg\",\"contentUrl\":\"https:\/\/xetai3s.vn\/wp-content\/uploads\/2024\/11\/z6054936242410_7ac17da862549048759d6710ed757bab.jpg\",\"width\":800,\"height\":800,\"caption\":\"H\u00ecnh \u1ea3nh: L\u1ecdc nh\u1edbt Hyundai n250,n250SL\"},{\"@type\":\"BreadcrumbList\",\"@id\":\"https:\/\/xetai3s.vn\/?product=loc-nhot-hyundai-n250-n250sl#breadcrumb\",\"itemListElement\":[{\"@type\":\"ListItem\",\"position\":1,\"name\":\"Trang ch\u1ee7\",\"item\":\"https:\/\/xetai3s.vn\/\"},{\"@type\":\"ListItem\",\"position\":2,\"name\":\"C\u1eeda h\u00e0ng\",\"item\":\"https:\/\/xetai3s.vn\/?page_id=16\"},{\"@type\":\"ListItem\",\"position\":3,\"name\":\"L\u1ecdc nh\u1edbt Hyundai N250\/N250SL\"}]},{\"@type\":\"WebSite\",\"@id\":\"https:\/\/xetai3s.vn\/#website\",\"url\":\"https:\/\/xetai3s.vn\/\",\"name\":\"\",\"description\":\"Xe T\u1ea3i Jac\",\"potentialAction\":[{\"@type\":\"SearchAction\",\"target\":{\"@type\":\"EntryPoint\",\"urlTemplate\":\"https:\/\/xetai3s.vn\/?s={search_term_string}\"},\"query-input\":\"required name=search_term_string\"}],\"inLanguage\":\"vi\"}]}<\/script>\n<meta property=\"product:price:amount\" content=\"0\" \/>\n<meta property=\"product:price:currency\" content=\"VND\" \/>\n<meta property=\"og:availability\" content=\"instock\" \/>\n<meta property=\"product:availability\" content=\"instock\" \/>\n<meta property=\"product:condition\" content=\"new\" \/>\n<!-- \/ Yoast SEO plugin. -->","yoast_head_json":{"title":"L\u1ecdc nh\u1edbt Hyundai N250\/N250SL -","description":"Ph\u1ee5 t\u00f9ng Hyundai ch\u00ednh h\u00e3ng 100%,ch\u00fang t\u00f4i chuy\u00ean ph\u00e2n ph\u1ed1i ph\u1ee5 t\u00f9ng xe t\u1ea3i hyundai th\u00e0nh c\u00f4ng, uy t\u00edn ch\u1ea5t l\u01b0\u1ee3ng cao cho qu\u00fd kh\u00e1ch h\u00e0ng.","robots":{"index":"index","follow":"follow","max-snippet":"max-snippet:-1","max-image-preview":"max-image-preview:large","max-video-preview":"max-video-preview:-1"},"canonical":"https:\/\/xetai3s.vn\/?product=loc-nhot-hyundai-n250-n250sl","og_locale":"vi_VN","og_type":"article","og_title":"L\u1ecdc nh\u1edbt Hyundai N250\/N250SL -","og_description":"Ph\u1ee5 t\u00f9ng Hyundai ch\u00ednh h\u00e3ng 100%,ch\u00fang t\u00f4i chuy\u00ean ph\u00e2n ph\u1ed1i ph\u1ee5 t\u00f9ng xe t\u1ea3i hyundai th\u00e0nh c\u00f4ng, uy t\u00edn ch\u1ea5t l\u01b0\u1ee3ng cao cho qu\u00fd kh\u00e1ch h\u00e0ng.","og_url":"https:\/\/xetai3s.vn\/?product=loc-nhot-hyundai-n250-n250sl","article_modified_time":"2024-11-21T04:20:21+00:00","og_image":[{"width":800,"height":800,"url":"https:\/\/xetai3s.vn\/wp-content\/uploads\/2024\/11\/z6054936242410_7ac17da862549048759d6710ed757bab.jpg","type":"image\/jpeg"}],"twitter_card":"summary_large_image","twitter_misc":{"Gi\u00e1":"","Kh\u1ea3 d\u1ee5ng":"Trong kho"},"schema":{"@context":"https:\/\/schema.org","@graph":[{"@type":"WebPage","@id":"https:\/\/xetai3s.vn\/?product=loc-nhot-hyundai-n250-n250sl","url":"https:\/\/xetai3s.vn\/?product=loc-nhot-hyundai-n250-n250sl","name":"L\u1ecdc nh\u1edbt Hyundai N250\/N250SL -","isPartOf":{"@id":"https:\/\/xetai3s.vn\/#website"},"primaryImageOfPage":{"@id":"https:\/\/xetai3s.vn\/?product=loc-nhot-hyundai-n250-n250sl#primaryimage"},"image":{"@id":"https:\/\/xetai3s.vn\/?product=loc-nhot-hyundai-n250-n250sl#primaryimage"},"thumbnailUrl":"https:\/\/xetai3s.vn\/wp-content\/uploads\/2024\/11\/z6054936242410_7ac17da862549048759d6710ed757bab.jpg","datePublished":"2024-11-21T04:20:20+00:00","dateModified":"2024-11-21T04:20:21+00:00","description":"Ph\u1ee5 t\u00f9ng Hyundai ch\u00ednh h\u00e3ng 100%,ch\u00fang t\u00f4i chuy\u00ean ph\u00e2n ph\u1ed1i ph\u1ee5 t\u00f9ng xe t\u1ea3i hyundai th\u00e0nh c\u00f4ng, uy t\u00edn ch\u1ea5t l\u01b0\u1ee3ng cao cho qu\u00fd kh\u00e1ch h\u00e0ng.","breadcrumb":{"@id":"https:\/\/xetai3s.vn\/?product=loc-nhot-hyundai-n250-n250sl#breadcrumb"},"inLanguage":"vi","potentialAction":[{"@type":"ReadAction","target":["https:\/\/xetai3s.vn\/?product=loc-nhot-hyundai-n250-n250sl"]}]},{"@type":"ImageObject","inLanguage":"vi","@id":"https:\/\/xetai3s.vn\/?product=loc-nhot-hyundai-n250-n250sl#primaryimage","url":"https:\/\/xetai3s.vn\/wp-content\/uploads\/2024\/11\/z6054936242410_7ac17da862549048759d6710ed757bab.jpg","contentUrl":"https:\/\/xetai3s.vn\/wp-content\/uploads\/2024\/11\/z6054936242410_7ac17da862549048759d6710ed757bab.jpg","width":800,"height":800,"caption":"H\u00ecnh \u1ea3nh: L\u1ecdc nh\u1edbt Hyundai n250,n250SL"},{"@type":"BreadcrumbList","@id":"https:\/\/xetai3s.vn\/?product=loc-nhot-hyundai-n250-n250sl#breadcrumb","itemListElement":[{"@type":"ListItem","position":1,"name":"Trang ch\u1ee7","item":"https:\/\/xetai3s.vn\/"},{"@type":"ListItem","position":2,"name":"C\u1eeda h\u00e0ng","item":"https:\/\/xetai3s.vn\/?page_id=16"},{"@type":"ListItem","position":3,"name":"L\u1ecdc nh\u1edbt Hyundai N250\/N250SL"}]},{"@type":"WebSite","@id":"https:\/\/xetai3s.vn\/#website","url":"https:\/\/xetai3s.vn\/","name":"","description":"Xe T\u1ea3i Jac","potentialAction":[{"@type":"SearchAction","target":{"@type":"EntryPoint","urlTemplate":"https:\/\/xetai3s.vn\/?s={search_term_string}"},"query-input":"required name=search_term_string"}],"inLanguage":"vi"}]},"product_price_currency":"VND","og_availability":"instock","product_availability":"instock","product_condition":"new"},"_links":{"self":[{"href":"https:\/\/xetai3s.vn\/index.php?rest_route=\/wp\/v2\/product\/2207"}],"collection":[{"href":"https:\/\/xetai3s.vn\/index.php?rest_route=\/wp\/v2\/product"}],"about":[{"href":"https:\/\/xetai3s.vn\/index.php?rest_route=\/wp\/v2\/types\/product"}],"wp:featuredmedia":[{"embeddable":true,"href":"https:\/\/xetai3s.vn\/index.php?rest_route=\/wp\/v2\/media\/2208"}],"wp:attachment":[{"href":"https:\/\/xetai3s.vn\/index.php?rest_route=%2Fwp%2Fv2%2Fmedia&parent=2207"}],"curies":[{"name":"wp","href":"https:\/\/api.w.org\/{rel}","templated":true}]}}