{"id":2204,"date":"2024-11-21T11:09:55","date_gmt":"2024-11-21T04:09:55","guid":{"rendered":"https:\/\/xetai3s.vn\/?post_type=product&#038;p=2204"},"modified":"2024-11-21T11:09:56","modified_gmt":"2024-11-21T04:09:56","slug":"https-xetai3s-vn-product_catphu-tung","status":"publish","type":"product","link":"https:\/\/xetai3s.vn\/?product=https-xetai3s-vn-product_catphu-tung","title":{"rendered":"V\u00c8 CH\u1eaeN B\u00d9N XE T\u1ea2I JAC"},"content":{"rendered":"<h1 style=\"text-align: center;\"><strong><span style=\"color: #0000ff;\">V\u00e8 ch\u1eafn b\u00f9n xe t\u1ea3i JAC N200s\/N350s\/N500\/N650\/N800\/N900<\/span><\/strong><\/h1>\n<p><strong>V\u00e8 ch\u1eafn b\u00f9n<\/strong> tr\u00ean <strong>xe t\u1ea3i Jac<\/strong> l\u00e0 m\u1ed9t b\u1ed9 ph\u1eadn quan tr\u1ecdng, gi\u00fap b\u1ea3o v\u1ec7 xe v\u00e0 c\u00e1c ph\u01b0\u01a1ng ti\u1ec7n xung quanh kh\u1ecfi b\u00f9n \u0111\u1ea5t, n\u01b0\u1edbc b\u1eafn ho\u1eb7c c\u00e1c m\u1ea3nh v\u1ee5n tr\u00ean \u0111\u01b0\u1eddng khi xe di chuy\u1ec3n. N\u00f3 th\u01b0\u1eddng \u0111\u01b0\u1ee3c l\u1eafp ph\u00eda sau c\u00e1c b\u00e1nh xe v\u00e0 \u0111\u01b0\u1ee3c thi\u1ebft k\u1ebf \u0111\u1ec3 \u0111\u1ea3m b\u1ea3o hi\u1ec7u qu\u1ea3 che ch\u1eafn m\u00e0 kh\u00f4ng \u1ea3nh h\u01b0\u1edfng \u0111\u1ebfn kh\u1ea3 n\u0103ng v\u1eadn h\u00e0nh c\u1ee7a xe.<\/p>\n<ul>\n<li>Gi\u1ea3m thi\u1ec3u vi\u1ec7c b\u00f9n \u0111\u1ea5t, n\u01b0\u1edbc b\u1ea9n b\u00e1m v\u00e0o th\u00e2n xe, gi\u1ea3m nguy c\u01a1 g\u1ec9 s\u00e9t v\u00e0 h\u01b0 h\u1ecfng.<\/li>\n<li>Ng\u0103n b\u00f9n \u0111\u1ea5t ho\u1eb7c \u0111\u00e1 v\u0103ng v\u00e0o c\u00e1c ph\u01b0\u01a1ng ti\u1ec7n kh\u00e1c, \u0111\u1eb7c bi\u1ec7t tr\u00ean nh\u1eefng tuy\u1ebfn \u0111\u01b0\u1eddng x\u1ea5u.<\/li>\n<li>Gi\u00fap xe t\u1ea3i tr\u00f4ng s\u1ea1ch s\u1ebd v\u00e0 chuy\u00ean nghi\u1ec7p h\u01a1n.<\/li>\n<\/ul>\n<p><a href=\"https:\/\/xetai3s.vn\/?product_cat=phu-tung\">Tham kh\u1ea3o th\u00eam ph\u1ee5 t\u00f9ng kh\u00e1c<\/a><\/p>\n<h2><span style=\"color: #0000ff; font-size: 75%;\"><strong>TH\u00d4NG TIN LI\u00caN H\u1ec6:<\/strong><\/span><\/h2>\n<div>\u2013 Qu\u00fd kh\u00e1ch h\u00e0ng kh\u1ea3o th\u00eam th\u00f4ng tin t\u1ea1i<\/div>\n<div><\/div>\n<div>website:https:\/\/xetai3s.vn\/<\/div>\n<div><\/div>\n<div>facebook:https:\/\/www.facebook.com\/xetai3svn?locale=vi_VN<\/div>\n<div><\/div>\n<div>Youtube:https:\/\/www.youtube.com\/@SonJacBinhDuong<\/div>\n<div><\/div>\n<div>\u2013 Qu\u00fd kh\u00e1ch h\u00e0ng xem video v\u1ec1 c\u00e1c lo\u1ea1i th\u00f9ng v\u00e0 d\u00f2ng xe t\u1ea3i t\u1ea1i t\u1ea1i youtube qua \u0111\u01b0\u1eddng link<\/div>\n<div>+ Nh\u1eefng qu\u00e0 t\u1eb7ng kh\u00e1ch h\u00e0ng nh\u1eadn \u0111\u01b0\u1ee3c khi mua xe t\u1ea1i Jac Giang Ho\u00e0i:<\/div>\n<div>\u2013 Bao da tay l\u00e1i, th\u1ea3m l\u00f3t s\u00e0n<\/div>\n<div>\u2013 B\u1ecdc bi\u1ec3n s\u1ed1,Decal<\/div>\n<div>\u2013 \u0110\u1ed3 ngh\u1ec1,b\u00ecnh ch\u1eefa ch\u00e1y<\/div>\n<div>\u2013 20 l\u00edt d\u1ea7u,mi\u1ec5n ph\u00ed b\u1ea3o d\u01b0\u1ee1ng l\u1ea7n \u0111\u1ea7u 100%<\/div>\n<div>\u2013 v\u00e0 gi\u1ea3m gi\u00e1 tr\u1ef1c ti\u1ebfp tr\u00ean gi\u00e1 xe<\/div>\n<div><\/div>\n<div>\u0110\u1eb6C BI\u1ec6T: JAC GIANG HO\u00c0I lu\u00f4n s\u1eb5n c\u00e1c d\u00f2ng xe t\u1ea3i, \u0111\u00e1p \u1ee9ng nhu c\u1ea7u kh\u00e1ch h\u00e0ng c\u1ea7n xe ch\u1ea1y ngay, h\u1ed3 s\u01a1 s\u1eb5n gi\u00fap kh\u00e1ch h\u00e0ng b\u1ea5m bi\u1ec3n s\u1ed1 nhanh. Kh\u00f4ng ph\u1ea3i ch\u1edd \u0111\u1ee3i.<\/div>\n<div>\u2013 Nh\u1eadn gia c\u00f4ng, \u0111\u00f3ng m\u1edbi c\u00e1c lo\u1ea1i th\u00f9ng theo nhu c\u1ea7u ch\u1edf h\u00e0ng c\u1ee7a kh\u00e1ch h\u00e0ng.<\/div>\n<div>\u2013 Cung c\u1ea5p ph\u1ee5 t\u00f9ng ch\u00ednh h\u00e3ng.<\/div>\n<div>\u2013 H\u1ed7 tr\u1ee3 kh\u00e1ch h\u00e0ng mua xe qua ng\u00e2n h\u00e0ng m\u1ee9c vay 70 \u2013 80% gi\u00e1 tr\u1ecb xe.<\/div>\n<div>\u2013 JAC GIANG HO\u00c0I: \u0110\u1ea1i L\u00fd U\u1ef7 Quy\u1ec1n C\u1ee7a NH\u00c0 M\u00c1Y JAC VI\u1ec6T NAM<\/div>\n<div>\u260e\ufe0f Hotline: 0902.904.964 (Mr S\u01a1n \u2013 Ph\u00f3-PKD) \u0111\u1ec3 \u0111\u01b0\u1ee3c t\u01b0 v\u1ea5n v\u00e0 h\u1ed7 tr\u1ee3.<\/div>\n<div>\u2013 \u0110\u1ecba ch\u1ec9: S\u1ed1 20\/3 \u0110LBD,Kp T\u00e2y,P V\u0129nh Ph\u00fa,Tp Thu\u1eadn An,B\u00ecnh D\u01b0\u01a1ng.<\/div>\n","protected":false},"excerpt":{"rendered":"<p>Ch\u00fang t\u00f4i chuy\u00ean cung c\u1ea5p ph\u1ee5 t\u00f9ng xe t\u1ea3i Jac Ch\u00ednh h\u00e3ng \u0111\u1ebfn t\u1eeb Jac Motor.<\/p>\n","protected":false},"featured_media":2205,"template":"","meta":[],"class_list":{"0":"post-2204","1":"product","2":"type-product","3":"status-publish","4":"has-post-thumbnail","6":"product_cat-phu-tung","7":"product_tag-chan-bun-xe-tai-jac","8":"product_tag-phu-tung-xe-tai-jac","9":"product_tag-phu-tung-xe-tai-jac-chinh-hang","10":"product_tag-ve-chan-bun-xe-tai-jac","12":"first","13":"instock","14":"shipping-taxable","15":"product-type-simple"},"yoast_head":"<!-- This site is optimized with the Yoast SEO plugin v23.2 - https:\/\/yoast.com\/wordpress\/plugins\/seo\/ -->\n<title>V\u00c8 CH\u1eaeN B\u00d9N XE T\u1ea2I JAC -<\/title>\n<meta name=\"description\" content=\"ch\u00fang t\u00f4i chuy\u00ean ph\u00e2n ph\u1ed1i ph\u1ee5 t\u00f9ng xe t\u1ea3i Jac Ch\u00ednh h\u00e3ng t\u1eeb Jac Motor.Ch\u1ea5t l\u01b0\u1ee3ng t\u1ed1t gi\u00e1 c\u1ea3 ph\u1ea3i ch\u0103ng.H\u00e3y li\u00ean h\u1ec7 cho ch\u00fang t\u00f4i \u0111\u1ec3 \u0111\u01b0\u1ee3c t\u01b0 v\u1ea5n v\u00e0 b\u00e1o gi\u00e1\" \/>\n<meta name=\"robots\" content=\"index, follow, max-snippet:-1, max-image-preview:large, max-video-preview:-1\" \/>\n<link rel=\"canonical\" href=\"https:\/\/xetai3s.vn\/?product=https-xetai3s-vn-product_catphu-tung\" \/>\n<meta property=\"og:locale\" content=\"vi_VN\" \/>\n<meta property=\"og:type\" content=\"article\" \/>\n<meta property=\"og:title\" content=\"V\u00c8 CH\u1eaeN B\u00d9N XE T\u1ea2I JAC -\" \/>\n<meta property=\"og:description\" content=\"ch\u00fang t\u00f4i chuy\u00ean ph\u00e2n ph\u1ed1i ph\u1ee5 t\u00f9ng xe t\u1ea3i Jac Ch\u00ednh h\u00e3ng t\u1eeb Jac Motor.Ch\u1ea5t l\u01b0\u1ee3ng t\u1ed1t gi\u00e1 c\u1ea3 ph\u1ea3i ch\u0103ng.H\u00e3y li\u00ean h\u1ec7 cho ch\u00fang t\u00f4i \u0111\u1ec3 \u0111\u01b0\u1ee3c t\u01b0 v\u1ea5n v\u00e0 b\u00e1o gi\u00e1\" \/>\n<meta property=\"og:url\" content=\"https:\/\/xetai3s.vn\/?product=https-xetai3s-vn-product_catphu-tung\" \/>\n<meta property=\"article:modified_time\" content=\"2024-11-21T04:09:56+00:00\" \/>\n<meta property=\"og:image\" content=\"https:\/\/xetai3s.vn\/wp-content\/uploads\/2024\/11\/z6054936163732_2ae1a34b08a22691f1e548e217fda0f8.jpg\" \/>\n\t<meta property=\"og:image:width\" content=\"800\" \/>\n\t<meta property=\"og:image:height\" content=\"1067\" \/>\n\t<meta property=\"og:image:type\" content=\"image\/jpeg\" \/>\n<meta name=\"twitter:card\" content=\"summary_large_image\" \/>\n<meta name=\"twitter:label1\" content=\"Gi\u00e1\" \/>\n\t<meta name=\"twitter:data1\" content=\"\" \/>\n\t<meta name=\"twitter:label2\" content=\"Kh\u1ea3 d\u1ee5ng\" \/>\n\t<meta name=\"twitter:data2\" content=\"Trong kho\" \/>\n<script type=\"application\/ld+json\" class=\"yoast-schema-graph\">{\"@context\":\"https:\/\/schema.org\",\"@graph\":[{\"@type\":\"WebPage\",\"@id\":\"https:\/\/xetai3s.vn\/?product=https-xetai3s-vn-product_catphu-tung\",\"url\":\"https:\/\/xetai3s.vn\/?product=https-xetai3s-vn-product_catphu-tung\",\"name\":\"V\u00c8 CH\u1eaeN B\u00d9N XE T\u1ea2I JAC -\",\"isPartOf\":{\"@id\":\"https:\/\/xetai3s.vn\/#website\"},\"primaryImageOfPage\":{\"@id\":\"https:\/\/xetai3s.vn\/?product=https-xetai3s-vn-product_catphu-tung#primaryimage\"},\"image\":{\"@id\":\"https:\/\/xetai3s.vn\/?product=https-xetai3s-vn-product_catphu-tung#primaryimage\"},\"thumbnailUrl\":\"https:\/\/xetai3s.vn\/wp-content\/uploads\/2024\/11\/z6054936163732_2ae1a34b08a22691f1e548e217fda0f8.jpg\",\"datePublished\":\"2024-11-21T04:09:55+00:00\",\"dateModified\":\"2024-11-21T04:09:56+00:00\",\"description\":\"ch\u00fang t\u00f4i chuy\u00ean ph\u00e2n ph\u1ed1i ph\u1ee5 t\u00f9ng xe t\u1ea3i Jac Ch\u00ednh h\u00e3ng t\u1eeb Jac Motor.Ch\u1ea5t l\u01b0\u1ee3ng t\u1ed1t gi\u00e1 c\u1ea3 ph\u1ea3i ch\u0103ng.H\u00e3y li\u00ean h\u1ec7 cho ch\u00fang t\u00f4i \u0111\u1ec3 \u0111\u01b0\u1ee3c t\u01b0 v\u1ea5n v\u00e0 b\u00e1o gi\u00e1\",\"breadcrumb\":{\"@id\":\"https:\/\/xetai3s.vn\/?product=https-xetai3s-vn-product_catphu-tung#breadcrumb\"},\"inLanguage\":\"vi\",\"potentialAction\":[{\"@type\":\"ReadAction\",\"target\":[\"https:\/\/xetai3s.vn\/?product=https-xetai3s-vn-product_catphu-tung\"]}]},{\"@type\":\"ImageObject\",\"inLanguage\":\"vi\",\"@id\":\"https:\/\/xetai3s.vn\/?product=https-xetai3s-vn-product_catphu-tung#primaryimage\",\"url\":\"https:\/\/xetai3s.vn\/wp-content\/uploads\/2024\/11\/z6054936163732_2ae1a34b08a22691f1e548e217fda0f8.jpg\",\"contentUrl\":\"https:\/\/xetai3s.vn\/wp-content\/uploads\/2024\/11\/z6054936163732_2ae1a34b08a22691f1e548e217fda0f8.jpg\",\"width\":800,\"height\":1067,\"caption\":\"H\u00ecnh \u1ea3nh: V\u00e8 ch\u1eafn b\u00f9n xe t\u1ea3i Jac\"},{\"@type\":\"BreadcrumbList\",\"@id\":\"https:\/\/xetai3s.vn\/?product=https-xetai3s-vn-product_catphu-tung#breadcrumb\",\"itemListElement\":[{\"@type\":\"ListItem\",\"position\":1,\"name\":\"Trang ch\u1ee7\",\"item\":\"https:\/\/xetai3s.vn\/\"},{\"@type\":\"ListItem\",\"position\":2,\"name\":\"C\u1eeda h\u00e0ng\",\"item\":\"https:\/\/xetai3s.vn\/?page_id=16\"},{\"@type\":\"ListItem\",\"position\":3,\"name\":\"V\u00c8 CH\u1eaeN B\u00d9N XE T\u1ea2I JAC\"}]},{\"@type\":\"WebSite\",\"@id\":\"https:\/\/xetai3s.vn\/#website\",\"url\":\"https:\/\/xetai3s.vn\/\",\"name\":\"\",\"description\":\"Xe T\u1ea3i Jac\",\"potentialAction\":[{\"@type\":\"SearchAction\",\"target\":{\"@type\":\"EntryPoint\",\"urlTemplate\":\"https:\/\/xetai3s.vn\/?s={search_term_string}\"},\"query-input\":\"required name=search_term_string\"}],\"inLanguage\":\"vi\"}]}<\/script>\n<meta property=\"product:price:amount\" content=\"0\" \/>\n<meta property=\"product:price:currency\" content=\"VND\" \/>\n<meta property=\"og:availability\" content=\"instock\" \/>\n<meta property=\"product:availability\" content=\"instock\" \/>\n<meta property=\"product:condition\" content=\"new\" \/>\n<!-- \/ Yoast SEO plugin. -->","yoast_head_json":{"title":"V\u00c8 CH\u1eaeN B\u00d9N XE T\u1ea2I JAC -","description":"ch\u00fang t\u00f4i chuy\u00ean ph\u00e2n ph\u1ed1i ph\u1ee5 t\u00f9ng xe t\u1ea3i Jac Ch\u00ednh h\u00e3ng t\u1eeb Jac Motor.Ch\u1ea5t l\u01b0\u1ee3ng t\u1ed1t gi\u00e1 c\u1ea3 ph\u1ea3i ch\u0103ng.H\u00e3y li\u00ean h\u1ec7 cho ch\u00fang t\u00f4i \u0111\u1ec3 \u0111\u01b0\u1ee3c t\u01b0 v\u1ea5n v\u00e0 b\u00e1o gi\u00e1","robots":{"index":"index","follow":"follow","max-snippet":"max-snippet:-1","max-image-preview":"max-image-preview:large","max-video-preview":"max-video-preview:-1"},"canonical":"https:\/\/xetai3s.vn\/?product=https-xetai3s-vn-product_catphu-tung","og_locale":"vi_VN","og_type":"article","og_title":"V\u00c8 CH\u1eaeN B\u00d9N XE T\u1ea2I JAC -","og_description":"ch\u00fang t\u00f4i chuy\u00ean ph\u00e2n ph\u1ed1i ph\u1ee5 t\u00f9ng xe t\u1ea3i Jac Ch\u00ednh h\u00e3ng t\u1eeb Jac Motor.Ch\u1ea5t l\u01b0\u1ee3ng t\u1ed1t gi\u00e1 c\u1ea3 ph\u1ea3i ch\u0103ng.H\u00e3y li\u00ean h\u1ec7 cho ch\u00fang t\u00f4i \u0111\u1ec3 \u0111\u01b0\u1ee3c t\u01b0 v\u1ea5n v\u00e0 b\u00e1o gi\u00e1","og_url":"https:\/\/xetai3s.vn\/?product=https-xetai3s-vn-product_catphu-tung","article_modified_time":"2024-11-21T04:09:56+00:00","og_image":[{"width":800,"height":1067,"url":"https:\/\/xetai3s.vn\/wp-content\/uploads\/2024\/11\/z6054936163732_2ae1a34b08a22691f1e548e217fda0f8.jpg","type":"image\/jpeg"}],"twitter_card":"summary_large_image","twitter_misc":{"Gi\u00e1":"","Kh\u1ea3 d\u1ee5ng":"Trong kho"},"schema":{"@context":"https:\/\/schema.org","@graph":[{"@type":"WebPage","@id":"https:\/\/xetai3s.vn\/?product=https-xetai3s-vn-product_catphu-tung","url":"https:\/\/xetai3s.vn\/?product=https-xetai3s-vn-product_catphu-tung","name":"V\u00c8 CH\u1eaeN B\u00d9N XE T\u1ea2I JAC -","isPartOf":{"@id":"https:\/\/xetai3s.vn\/#website"},"primaryImageOfPage":{"@id":"https:\/\/xetai3s.vn\/?product=https-xetai3s-vn-product_catphu-tung#primaryimage"},"image":{"@id":"https:\/\/xetai3s.vn\/?product=https-xetai3s-vn-product_catphu-tung#primaryimage"},"thumbnailUrl":"https:\/\/xetai3s.vn\/wp-content\/uploads\/2024\/11\/z6054936163732_2ae1a34b08a22691f1e548e217fda0f8.jpg","datePublished":"2024-11-21T04:09:55+00:00","dateModified":"2024-11-21T04:09:56+00:00","description":"ch\u00fang t\u00f4i chuy\u00ean ph\u00e2n ph\u1ed1i ph\u1ee5 t\u00f9ng xe t\u1ea3i Jac Ch\u00ednh h\u00e3ng t\u1eeb Jac Motor.Ch\u1ea5t l\u01b0\u1ee3ng t\u1ed1t gi\u00e1 c\u1ea3 ph\u1ea3i ch\u0103ng.H\u00e3y li\u00ean h\u1ec7 cho ch\u00fang t\u00f4i \u0111\u1ec3 \u0111\u01b0\u1ee3c t\u01b0 v\u1ea5n v\u00e0 b\u00e1o gi\u00e1","breadcrumb":{"@id":"https:\/\/xetai3s.vn\/?product=https-xetai3s-vn-product_catphu-tung#breadcrumb"},"inLanguage":"vi","potentialAction":[{"@type":"ReadAction","target":["https:\/\/xetai3s.vn\/?product=https-xetai3s-vn-product_catphu-tung"]}]},{"@type":"ImageObject","inLanguage":"vi","@id":"https:\/\/xetai3s.vn\/?product=https-xetai3s-vn-product_catphu-tung#primaryimage","url":"https:\/\/xetai3s.vn\/wp-content\/uploads\/2024\/11\/z6054936163732_2ae1a34b08a22691f1e548e217fda0f8.jpg","contentUrl":"https:\/\/xetai3s.vn\/wp-content\/uploads\/2024\/11\/z6054936163732_2ae1a34b08a22691f1e548e217fda0f8.jpg","width":800,"height":1067,"caption":"H\u00ecnh \u1ea3nh: V\u00e8 ch\u1eafn b\u00f9n xe t\u1ea3i Jac"},{"@type":"BreadcrumbList","@id":"https:\/\/xetai3s.vn\/?product=https-xetai3s-vn-product_catphu-tung#breadcrumb","itemListElement":[{"@type":"ListItem","position":1,"name":"Trang ch\u1ee7","item":"https:\/\/xetai3s.vn\/"},{"@type":"ListItem","position":2,"name":"C\u1eeda h\u00e0ng","item":"https:\/\/xetai3s.vn\/?page_id=16"},{"@type":"ListItem","position":3,"name":"V\u00c8 CH\u1eaeN B\u00d9N XE T\u1ea2I JAC"}]},{"@type":"WebSite","@id":"https:\/\/xetai3s.vn\/#website","url":"https:\/\/xetai3s.vn\/","name":"","description":"Xe T\u1ea3i Jac","potentialAction":[{"@type":"SearchAction","target":{"@type":"EntryPoint","urlTemplate":"https:\/\/xetai3s.vn\/?s={search_term_string}"},"query-input":"required name=search_term_string"}],"inLanguage":"vi"}]},"product_price_currency":"VND","og_availability":"instock","product_availability":"instock","product_condition":"new"},"_links":{"self":[{"href":"https:\/\/xetai3s.vn\/index.php?rest_route=\/wp\/v2\/product\/2204"}],"collection":[{"href":"https:\/\/xetai3s.vn\/index.php?rest_route=\/wp\/v2\/product"}],"about":[{"href":"https:\/\/xetai3s.vn\/index.php?rest_route=\/wp\/v2\/types\/product"}],"wp:featuredmedia":[{"embeddable":true,"href":"https:\/\/xetai3s.vn\/index.php?rest_route=\/wp\/v2\/media\/2205"}],"wp:attachment":[{"href":"https:\/\/xetai3s.vn\/index.php?rest_route=%2Fwp%2Fv2%2Fmedia&parent=2204"}],"curies":[{"name":"wp","href":"https:\/\/api.w.org\/{rel}","templated":true}]}}