{"id":2180,"date":"2024-10-31T06:43:54","date_gmt":"2024-10-30T23:43:54","guid":{"rendered":"https:\/\/xetai3s.vn\/?post_type=product&#038;p=2180"},"modified":"2025-02-20T09:58:04","modified_gmt":"2025-02-20T02:58:04","slug":"jac-n900-plus-e5-tai-9-1-tan-may-cummins-4-5l","status":"publish","type":"product","link":"https:\/\/xetai3s.vn\/?product=jac-n900-plus-e5-tai-9-1-tan-may-cummins-4-5l","title":{"rendered":"JAC N900 PLUS E5 T\u1ea2I 9.1 T\u1ea4N M\u00c1Y CUMMINS 4.5L"},"content":{"rendered":"<h1 style=\"text-align: center;\"><span style=\"font-size: 100%;\"><strong><span style=\"color: #0000ff;\">Jac N900 Plus E5 T\u1ea3i 9.1 T\u1ea5n M\u00e1y Cummins M\u1ef9 4.5L<\/span><\/strong><\/span><\/h1>\n<h2><span style=\"font-size: 80%; color: #0000ff;\"><strong>Jac N900 Plus E5 M\u1eabu M\u1edbi 2025<\/strong><\/span><\/h2>\n<p><strong>Xe t\u1ea3i JAC N900 Plus e5<\/strong>\u00a0l\u00e0 m\u1ed9t trong nh\u1eefng d\u00f2ng xe t\u1ea3i trung cao c\u1ea5p \u0111\u01b0\u1ee3c s\u1ea3n xu\u1ea5t b\u1edfi JAC Motors<\/p>\n<p>Th\u01b0\u01a1ng hi\u1ec7u uy t\u00edn t\u1eeb Trung Qu\u1ed1c, m\u1eabu xe n\u00e0y \u0111\u00e1p \u1ee9ng ti\u00eau chu\u1ea9n kh\u00ed th\u1ea3i Euro5, gi\u00fap gi\u1ea3m thi\u1ec3u \u00f4 nhi\u1ec5m v\u00e0 t\u0103ng hi\u1ec7u su\u1ea5t v\u1eadn h\u00e0nh.<\/p>\n<p>Kh\u1ea3 n\u0103ng v\u1eadn h\u00e0nh \u1ed5n \u0111\u1ecbnh v\u00e0 chi ph\u00ed ti\u1ebft ki\u1ec7m cho doanh nghi\u1ec7p v\u1eadn t\u1ea3i.<\/p>\n<figure id=\"attachment_2296\" aria-describedby=\"caption-attachment-2296\" style=\"width: 800px\" class=\"wp-caption aligncenter\"><a href=\"https:\/\/xetai3s.vn\/?product=jac-n900-plus-e5-tai-9-1-tan-may-cummins-4-5l\"><img loading=\"lazy\" decoding=\"async\" class=\"wp-image-2296 size-full\" title=\"jac n900 plus \" src=\"https:\/\/xetai3s.vn\/wp-content\/uploads\/2024\/10\/z6306536096350_c018fec1676de595cad61b84486440eb_optimized.jpg\" alt=\"xe t\u1ea3i jac n900 e5\" width=\"800\" height=\"600\" srcset=\"https:\/\/xetai3s.vn\/wp-content\/uploads\/2024\/10\/z6306536096350_c018fec1676de595cad61b84486440eb_optimized.jpg 800w, https:\/\/xetai3s.vn\/wp-content\/uploads\/2024\/10\/z6306536096350_c018fec1676de595cad61b84486440eb_optimized-300x225.jpg 300w, https:\/\/xetai3s.vn\/wp-content\/uploads\/2024\/10\/z6306536096350_c018fec1676de595cad61b84486440eb_optimized-768x576.jpg 768w\" sizes=\"(max-width: 800px) 100vw, 800px\" \/><\/a><figcaption id=\"caption-attachment-2296\" class=\"wp-caption-text\">H\u00ecnh \u1ea3nh: Jac N900 plus euro 5 t\u1ea3i 9.1 t\u1ea5n th\u00f9ng d\u00e0i 7m cao 2m4<\/figcaption><\/figure>\n<div><strong>JAC N900 Plus.E5<\/strong>\u00a0s\u1edf h\u1eefu thi\u1ebft k\u1ebf hi\u1ec7n \u0111\u1ea1i, t\u00ednh t\u1ebf m\u00e0 v\u1eabn \u0111\u1ea3m b\u1ea3o \u0111\u1ed9 b\u1ec1n b\u1ecb.<\/div>\n<div>Ngo\u1ea1i th\u1ea5t: Cabin m\u1edf r\u1ed9ng, ki\u1ec3u d\u00e1ng kh\u00edf \u0111\u1ed9ng h\u1ecdc gi\u00fap gi\u1ea3m s\u1ee9c c\u1ea3n g\u00f3.<\/div>\n<div>N\u1ed9i th\u1ea5t: Khoang l\u00e1i r\u1ed9ng r\u00e3i, gh\u1ebf ng\u1ed3i b\u1ecdc da cao c\u1ea5p, h\u1ec7 th\u1ed1ng gi\u00f3 \u0111i\u1ec1u ho\u00e0 v\u00e0 b\u1ea3ng \u0111i\u1ec1u khi\u1ec3n hi\u1ec7n \u0111\u1ea1i.<\/div>\n<figure id=\"attachment_2299\" aria-describedby=\"caption-attachment-2299\" style=\"width: 800px\" class=\"wp-caption aligncenter\"><a href=\"https:\/\/xetai3s.vn\/?product=jac-n900-plus-e5-tai-9-1-tan-may-cummins-4-5l\"><img loading=\"lazy\" decoding=\"async\" class=\"wp-image-2299\" title=\"xe t\u1ea3i jac n900 plus\" src=\"https:\/\/xetai3s.vn\/wp-content\/uploads\/2024\/10\/z6331643453625_c8fea961d96db4e975acec915a203302_11zon.jpg\" alt=\"jac 9 t\u1ea5n\" width=\"800\" height=\"600\" srcset=\"https:\/\/xetai3s.vn\/wp-content\/uploads\/2024\/10\/z6331643453625_c8fea961d96db4e975acec915a203302_11zon.jpg 1341w, https:\/\/xetai3s.vn\/wp-content\/uploads\/2024\/10\/z6331643453625_c8fea961d96db4e975acec915a203302_11zon-300x225.jpg 300w, https:\/\/xetai3s.vn\/wp-content\/uploads\/2024\/10\/z6331643453625_c8fea961d96db4e975acec915a203302_11zon-1024x768.jpg 1024w, https:\/\/xetai3s.vn\/wp-content\/uploads\/2024\/10\/z6331643453625_c8fea961d96db4e975acec915a203302_11zon-768x576.jpg 768w, https:\/\/xetai3s.vn\/wp-content\/uploads\/2024\/10\/z6331643453625_c8fea961d96db4e975acec915a203302_11zon-1080x810.jpg 1080w\" sizes=\"(max-width: 800px) 100vw, 800px\" \/><\/a><figcaption id=\"caption-attachment-2299\" class=\"wp-caption-text\">H\u00ecnh \u1ea3nh: Jac N900 plus<\/figcaption><\/figure>\n<figure id=\"attachment_2300\" aria-describedby=\"caption-attachment-2300\" style=\"width: 800px\" class=\"wp-caption aligncenter\"><a href=\"https:\/\/xetai3s.vn\/?product=jac-n900-plus-e5-tai-9-1-tan-may-cummins-4-5l\"><img loading=\"lazy\" decoding=\"async\" class=\"wp-image-2300\" title=\"jac n900 plus e5\" src=\"https:\/\/xetai3s.vn\/wp-content\/uploads\/2024\/10\/z6331643441421_3fb5e58f137d1addc30eaa2d0901e4f2_11zon.jpg\" alt=\"Xe Jac 9 t\u1ea5n\" width=\"800\" height=\"600\" srcset=\"https:\/\/xetai3s.vn\/wp-content\/uploads\/2024\/10\/z6331643441421_3fb5e58f137d1addc30eaa2d0901e4f2_11zon.jpg 1341w, https:\/\/xetai3s.vn\/wp-content\/uploads\/2024\/10\/z6331643441421_3fb5e58f137d1addc30eaa2d0901e4f2_11zon-300x225.jpg 300w, https:\/\/xetai3s.vn\/wp-content\/uploads\/2024\/10\/z6331643441421_3fb5e58f137d1addc30eaa2d0901e4f2_11zon-1024x768.jpg 1024w, https:\/\/xetai3s.vn\/wp-content\/uploads\/2024\/10\/z6331643441421_3fb5e58f137d1addc30eaa2d0901e4f2_11zon-768x576.jpg 768w, https:\/\/xetai3s.vn\/wp-content\/uploads\/2024\/10\/z6331643441421_3fb5e58f137d1addc30eaa2d0901e4f2_11zon-1080x810.jpg 1080w\" sizes=\"(max-width: 800px) 100vw, 800px\" \/><\/a><figcaption id=\"caption-attachment-2300\" class=\"wp-caption-text\">H\u00ecnh \u1ea3nh: Jac N900 plus e5 m\u00e1y cummins 4.5L<\/figcaption><\/figure>\n<h2><span style=\"font-size: 75%;\"><strong><span style=\"color: #0000ff;\">\u0110\u1ed9ng C\u01a1 Xe T\u1ea3i Jac N900 Plus<\/span><\/strong><\/span><\/h2>\n<figure id=\"attachment_2301\" aria-describedby=\"caption-attachment-2301\" style=\"width: 800px\" class=\"wp-caption aligncenter\"><img loading=\"lazy\" decoding=\"async\" class=\"wp-image-2301\" title=\"\u0111\u1ed9ng c\u01a1 cummins m\u1ef9 4.5L\" src=\"https:\/\/xetai3s.vn\/wp-content\/uploads\/2024\/10\/z6331643448403_75bb2c624da600e80c4a84eaac0c10e0_11zon.jpg\" alt=\"\u0110\u1ed9ng c\u01a1 cummis m\u1ef9\" width=\"800\" height=\"600\" srcset=\"https:\/\/xetai3s.vn\/wp-content\/uploads\/2024\/10\/z6331643448403_75bb2c624da600e80c4a84eaac0c10e0_11zon.jpg 1341w, https:\/\/xetai3s.vn\/wp-content\/uploads\/2024\/10\/z6331643448403_75bb2c624da600e80c4a84eaac0c10e0_11zon-300x225.jpg 300w, https:\/\/xetai3s.vn\/wp-content\/uploads\/2024\/10\/z6331643448403_75bb2c624da600e80c4a84eaac0c10e0_11zon-1024x768.jpg 1024w, https:\/\/xetai3s.vn\/wp-content\/uploads\/2024\/10\/z6331643448403_75bb2c624da600e80c4a84eaac0c10e0_11zon-768x576.jpg 768w, https:\/\/xetai3s.vn\/wp-content\/uploads\/2024\/10\/z6331643448403_75bb2c624da600e80c4a84eaac0c10e0_11zon-1080x810.jpg 1080w\" sizes=\"(max-width: 800px) 100vw, 800px\" \/><figcaption id=\"caption-attachment-2301\" class=\"wp-caption-text\">H\u00ecnh \u1ea3nh: \u0110\u00f4ng c\u01a1 Cummins 4.5L c\u1ee7a Jac N900 Plus<\/figcaption><\/figure>\n<div>\u0110\u1ed9ng c\u01a1 <strong>JAC N900 e5<\/strong>\u00a0trang b\u1ecb \u0111\u1ed9ng c\u01a1 Cummins 4.5L, c\u00f4ng su\u1ea5t 220HP, gi\u00fap xe v\u1eadn h\u00e0nh m\u1ea1nh m\u1ebd \u0111\u1ed3ng th\u1eddi ti\u1ebft ki\u1ec7m nhi\u00ean li\u1ec7u.<\/div>\n<div><\/div>\n<div>H\u1ed9p s\u1ed1: 6 s\u1ed1 ti\u1ebfn 1 s\u1ed1 l\u00f9i, gi\u00fap xe d\u1ec5 v\u1eadn h\u00e0nh tr\u00ean nhi\u1ec1u lo\u1ea1i \u0111\u1ecba h\u00ecnh.<\/div>\n<div><\/div>\n<div>Khung g\u1ea7m: K\u1ebft c\u1ea5u ch\u1eafc ch\u1eafn, kh\u1ea3 n\u0103ng ch\u1ecbu t\u1ea3i t\u1ed1t.<\/div>\n<figure id=\"attachment_2184\" aria-describedby=\"caption-attachment-2184\" style=\"width: 800px\" class=\"wp-caption aligncenter\"><a href=\"https:\/\/xetai3s.vn\/?product=jac-n900-plus-e5-tai-9-1-tan-may-cummins-4-5l\"><img loading=\"lazy\" decoding=\"async\" class=\"wp-image-2184 size-full\" title=\"n900 th\u00f9ng b\u1eedng nh\u00f4m\" src=\"https:\/\/xetai3s.vn\/wp-content\/uploads\/2024\/10\/z5968895922208_daca4c0f9aa8523512f395cb648bf3ad_optimized.jpg\" alt=\"jac n900 b\u1eedng nh\u00f4m \" width=\"800\" height=\"599\" srcset=\"https:\/\/xetai3s.vn\/wp-content\/uploads\/2024\/10\/z5968895922208_daca4c0f9aa8523512f395cb648bf3ad_optimized.jpg 800w, https:\/\/xetai3s.vn\/wp-content\/uploads\/2024\/10\/z5968895922208_daca4c0f9aa8523512f395cb648bf3ad_optimized-300x225.jpg 300w, https:\/\/xetai3s.vn\/wp-content\/uploads\/2024\/10\/z5968895922208_daca4c0f9aa8523512f395cb648bf3ad_optimized-768x575.jpg 768w\" sizes=\"(max-width: 800px) 100vw, 800px\" \/><\/a><figcaption id=\"caption-attachment-2184\" class=\"wp-caption-text\">H\u00ecnh \u1ea3nh: C\u1ea3ng h\u00f4ng inox,b\u1eedng inox,l\u01b0\u1eddn inox xe t\u1ea3i jac n900.<\/figcaption><\/figure>\n<p>B\u1eedng nh\u00f4m l\u00e0 \u0111i\u1ec3m n\u1ed5i b\u1eadt c\u1ee7a <strong>Jac N900s<\/strong>, kh\u00f4ng ch\u1ec9 t\u1ea1o n\u00ean v\u1ebb ngo\u00e0i sang tr\u1ecdng m\u00e0 c\u00f2n t\u1ed1i \u01b0u h\u00f3a tr\u1ecdng l\u01b0\u1ee3ng xe.<\/p>\n<p>Gi\u00fap gi\u1ea3m thi\u1ec3u ti\u00eau hao nhi\u00ean li\u1ec7u,Ch\u1ea5t li\u1ec7u nh\u00f4m cao c\u1ea5p kh\u00f4ng b\u1ecb r\u1ec9 s\u00e9t, b\u1ec1n b\u1ec9 theo th\u1eddi gian.<\/p>\n<p>\u0110\u1ed3ng th\u1eddi ch\u1ed1ng l\u1ea1i t\u00e1c \u0111\u1ed9ng c\u1ee7a th\u1eddi ti\u1ebft kh\u1eafc nghi\u1ec7t, ph\u00f9 h\u1ee3p v\u1edbi m\u1ecdi nhu c\u1ea7u v\u1eadn t\u1ea3i.<\/p>\n<figure id=\"attachment_2185\" aria-describedby=\"caption-attachment-2185\" style=\"width: 800px\" class=\"wp-caption aligncenter\"><img loading=\"lazy\" decoding=\"async\" class=\"wp-image-2185 size-full\" title=\"xe tai jac n900\" src=\"https:\/\/xetai3s.vn\/wp-content\/uploads\/2024\/10\/z5968896288727_198123bbe40c5ce01346736142a638bd.jpg\" alt=\"xe t\u1ea3i jac n900 b\u1eedng nh\u00f4m\" width=\"800\" height=\"599\" srcset=\"https:\/\/xetai3s.vn\/wp-content\/uploads\/2024\/10\/z5968896288727_198123bbe40c5ce01346736142a638bd.jpg 800w, https:\/\/xetai3s.vn\/wp-content\/uploads\/2024\/10\/z5968896288727_198123bbe40c5ce01346736142a638bd-300x225.jpg 300w, https:\/\/xetai3s.vn\/wp-content\/uploads\/2024\/10\/z5968896288727_198123bbe40c5ce01346736142a638bd-768x575.jpg 768w\" sizes=\"(max-width: 800px) 100vw, 800px\" \/><figcaption id=\"caption-attachment-2185\" class=\"wp-caption-text\">H\u00ecnh \u1ea3nh: Jac N900 th\u00f9ng b\u1eedng nh\u00f4m.<\/figcaption><\/figure>\n<ul>\n<li>V\u1edbi m\u1ee9c gi\u00e1 h\u1ee3p l\u00fd, <strong>Jac N900 th\u00f9ng b\u1eedng nh\u00f4m<\/strong> l\u00e0 s\u1ef1 \u0111\u1ea7u t\u01b0 th\u00f4ng minh cho c\u00e1c doanh nghi\u1ec7p v\u1eadn t\u1ea3i.<\/li>\n<li>H\u1ed7 tr\u1ee3 tr\u1ea3 g\u00f3p l\u00e3i su\u1ea5t th\u1ea5p, giao xe nhanh ch\u00f3ng v\u00e0 ch\u1ebf \u0111\u1ed9 b\u1ea3o h\u00e0nh l\u00e2u d\u00e0i.<\/li>\n<li><strong> Jac Giang Ho\u00e0i<\/strong> cam k\u1ebft mang l\u1ea1i s\u1ef1 an t\u00e2m v\u00e0 ti\u1ebft ki\u1ec7m t\u1ed1i \u01b0u cho kh\u00e1ch h\u00e0ng.<\/li>\n<\/ul>\n<figure id=\"attachment_2186\" aria-describedby=\"caption-attachment-2186\" style=\"width: 800px\" class=\"wp-caption aligncenter\"><img loading=\"lazy\" decoding=\"async\" class=\"wp-image-2186 size-full\" title=\"xe tai jac n900 plus e5\" src=\"https:\/\/xetai3s.vn\/wp-content\/uploads\/2024\/10\/z5968896437825_6cf0deb323bfeb34d2575621406a3ed3.jpg\" alt=\"xe t\u1ea3i jac n900 th\u00f9ng nh\u00f4m\" width=\"800\" height=\"1067\" srcset=\"https:\/\/xetai3s.vn\/wp-content\/uploads\/2024\/10\/z5968896437825_6cf0deb323bfeb34d2575621406a3ed3.jpg 800w, https:\/\/xetai3s.vn\/wp-content\/uploads\/2024\/10\/z5968896437825_6cf0deb323bfeb34d2575621406a3ed3-225x300.jpg 225w, https:\/\/xetai3s.vn\/wp-content\/uploads\/2024\/10\/z5968896437825_6cf0deb323bfeb34d2575621406a3ed3-768x1024.jpg 768w\" sizes=\"(max-width: 800px) 100vw, 800px\" \/><figcaption id=\"caption-attachment-2186\" class=\"wp-caption-text\">H\u00ecnh \u1ea3nh: \u0110u\u00f4i th\u00f9ng xe t\u1ea3i jac n900 b\u1eedng nh\u00f4m<\/figcaption><\/figure>\n<p>Th\u00f9ng <strong>xe Jac N900S<\/strong> \u0111\u01b0\u1ee3c l\u00e0m t\u1eeb h\u1ee3p kim nh\u00f4m ch\u1ea5t l\u01b0\u1ee3ng cao, c\u00f3 kh\u1ea3 n\u0103ng ch\u1ed1ng r\u1ec9 s\u00e9t v\u00e0 \u0103n m\u00f2n.<\/p>\n<p>Ph\u00f9 h\u1ee3p v\u1edbi \u0111i\u1ec1u ki\u1ec7n th\u1eddi ti\u1ebft kh\u1eafc nghi\u1ec7t v\u00e0 m\u00f4i tr\u01b0\u1eddng kh\u00f3i b\u1ee5i.<br \/>\nNh\u00f4m l\u00e0 v\u1eadt li\u1ec7u nh\u1eb9 nh\u01b0ng l\u1ea1i c\u00f3 \u0111\u1ed9 c\u1ee9ng c\u00e1p v\u00e0 ch\u1ecbu l\u1ef1c t\u1ed1t, gi\u00fap th\u00f9ng xe b\u1ec1n b\u1ec9 v\u00e0 \u00edt bi\u1ebfn d\u1ea1ng d\u00f9 ph\u1ea3i ch\u1ecbu t\u1ea3i tr\u1ecdng l\u1edbn.<\/p>\n<p><strong>Th\u00f9ng nh\u00f4m c\u1ee7a Jac N900<\/strong> \u0111\u01b0\u1ee3c thi\u1ebft k\u1ebf ch\u1ed1ng l\u1eadt, t\u0103ng \u0111\u1ed9 \u1ed5n \u0111\u1ecbnh khi xe di chuy\u1ec3n \u1edf t\u1ed1c \u0111\u1ed9 cao ho\u1eb7c khi v\u00e0o cua. \u0110\u1eb7c t\u00ednh ch\u1ed1ng \u0103n m\u00f2n c\u1ee7a nh\u00f4m c\u0169ng l\u00e0m t\u0103ng \u0111\u1ed9 an to\u00e0n, tr\u00e1nh nguy c\u01a1 b\u1ecb y\u1ebfu ho\u1eb7c n\u1ee9t g\u00e3y theo th\u1eddi gian.<\/p>\n<figure id=\"attachment_2189\" aria-describedby=\"caption-attachment-2189\" style=\"width: 800px\" class=\"wp-caption aligncenter\"><img loading=\"lazy\" decoding=\"async\" class=\"wp-image-2189 size-full\" title=\"jac n900\" src=\"https:\/\/xetai3s.vn\/wp-content\/uploads\/2024\/10\/z5968896454356_824a5a4f80b96769797d6821974a38d2_optimized.jpg\" alt=\"xe t\u1ea3i jac n900\" width=\"800\" height=\"599\" srcset=\"https:\/\/xetai3s.vn\/wp-content\/uploads\/2024\/10\/z5968896454356_824a5a4f80b96769797d6821974a38d2_optimized.jpg 800w, https:\/\/xetai3s.vn\/wp-content\/uploads\/2024\/10\/z5968896454356_824a5a4f80b96769797d6821974a38d2_optimized-300x225.jpg 300w, https:\/\/xetai3s.vn\/wp-content\/uploads\/2024\/10\/z5968896454356_824a5a4f80b96769797d6821974a38d2_optimized-768x575.jpg 768w\" sizes=\"(max-width: 800px) 100vw, 800px\" \/><figcaption id=\"caption-attachment-2189\" class=\"wp-caption-text\">H\u00ecnh \u1ea3nh: Jac N900 th\u00f9ng b\u1eedng nh\u00f4m<\/figcaption><\/figure>\n<p>B\u00ean c\u1ea1nh \u0111\u1ed9 b\u1ec1n, th\u00f9ng nh\u00f4m c\u00f2n c\u00f3 thi\u1ebft k\u1ebf th\u00f4ng minh v\u1edbi c\u00e1c \u0111\u01b0\u1eddng g\u00e2n t\u0103ng c\u1ee9ng, t\u0103ng c\u01b0\u1eddng kh\u1ea3 n\u0103ng ch\u1ecbu l\u1ef1c v\u00e0 ch\u1ed1ng va \u0111\u1eadp.<\/p>\n<p>\u0110i\u1ec1u n\u00e0y gi\u00fap b\u1ea3o v\u1ec7 h\u00e0ng h\u00f3a b\u00ean trong t\u1ed1t h\u01a1n trong qu\u00e1 tr\u00ecnh v\u1eadn chuy\u1ec3n.<\/p>\n<p>C\u00e1c m\u1ed1i h\u00e0n v\u00e0 chi ti\u1ebft \u0111\u01b0\u1ee3c gia c\u00f4ng k\u1ef9 l\u01b0\u1ee1ng, \u0111\u1ea3m b\u1ea3o kh\u00f4ng b\u1ecb r\u00f2 r\u1ec9 hay th\u1ea5m n\u01b0\u1edbc.<\/p>\n<p>Ph\u00f9 h\u1ee3p v\u1edbi c\u1ea3 nh\u1eefng lo\u1ea1i h\u00e0ng h\u00f3a nh\u1ea1y c\u1ea3m v\u1edbi \u0111\u1ed9 \u1ea9m.<\/p>\n<h2><span style=\"color: #0000ff; font-size: 80%;\"><strong>TH\u00d4NG TIN LI\u00caN H\u1ec6:<\/strong><\/span><\/h2>\n<div style=\"text-align: center;\">\u260e\ufe0f <strong><span style=\"color: #0000ff; font-size: 130%;\">Li\u00ean H\u1ec7 0902.904.964 (Mr S\u01a1n \u2013 Ph\u00f3-PKD) \u0111\u1ec3 \u0111\u01b0\u1ee3c t\u01b0 v\u1ea5n v\u00e0 h\u1ed7 tr\u1ee3.<\/span><\/strong><\/div>\n<div style=\"text-align: center;\"><strong>\u0110\u1ecba ch\u1ec9: S\u1ed1 20\/3 \u0110LBD,Kp T\u00e2y,P V\u0129nh Ph\u00fa,Tp Thu\u1eadn An,B\u00ecnh D\u01b0\u01a1ng.<\/strong><\/div>\n","protected":false},"excerpt":{"rendered":"<p><strong>Jac N900 Plus E5 t\u1ea3i l\u00e0 m\u1eabu xe 9 t\u1ea5n m\u1edbi nh\u1ea5t 2025 c\u1ee7a nh\u00e0 m\u00e1y Jac Vi\u1ec7t Nam,Phi\u00ean b\u1ea3n xe cao c\u1ea5p v\u1edbi n\u1ed9i th\u1ea5t m\u1edbi v\u00e0 trang b\u1ecb \u0111\u1ed9gn c\u01a1 cummins 4.5L<\/strong><\/p>\n","protected":false},"featured_media":2296,"template":"","meta":[],"class_list":{"0":"post-2180","1":"product","2":"type-product","3":"status-publish","4":"has-post-thumbnail","6":"product_cat-xe-tai-nhe","7":"product_tag-jac-9-tan","8":"product_tag-jac-n900","9":"product_tag-jac-n900-e5","10":"product_tag-jac-n900-plus","11":"product_tag-jac-n900-plus-e5","12":"product_tag-xe-tai-jac-n900","14":"first","15":"instock","16":"shipping-taxable","17":"product-type-simple"},"yoast_head":"<!-- This site is optimized with the Yoast SEO plugin v23.2 - https:\/\/yoast.com\/wordpress\/plugins\/seo\/ -->\n<title>JAC N900 PLUS E5 T\u1ea2I 9.1 T\u1ea4N M\u00c1Y CUMMINS 4.5L -<\/title>\n<meta name=\"description\" content=\"Xe t\u1ea3i Jac N900 plus e5 l\u00e0 s\u1ea3n ph\u1ea9m xe t\u1ea3i 9.1 t\u1ea5n m\u1eabu m\u1edbi nh\u1ea5t 2025 c\u1ee7a Jac Vi\u1ec7t Nam.Trang b\u1ecb m\u00e1y cummins M\u1ef9 4.5L kh\u1ecfe ti\u1ebft ki\u1ec7m nhi\u00ean li\u1ec7u.\" \/>\n<meta name=\"robots\" content=\"index, follow, max-snippet:-1, max-image-preview:large, max-video-preview:-1\" \/>\n<link rel=\"canonical\" href=\"https:\/\/xetai3s.vn\/?product=jac-n900-plus-e5-tai-9-1-tan-may-cummins-4-5l\" \/>\n<meta property=\"og:locale\" content=\"vi_VN\" \/>\n<meta property=\"og:type\" content=\"article\" \/>\n<meta property=\"og:title\" content=\"JAC N900 PLUS E5 T\u1ea2I 9.1 T\u1ea4N M\u00c1Y CUMMINS 4.5L -\" \/>\n<meta property=\"og:description\" content=\"Xe t\u1ea3i Jac N900 plus e5 l\u00e0 s\u1ea3n ph\u1ea9m xe t\u1ea3i 9.1 t\u1ea5n m\u1eabu m\u1edbi nh\u1ea5t 2025 c\u1ee7a Jac Vi\u1ec7t Nam.Trang b\u1ecb m\u00e1y cummins M\u1ef9 4.5L kh\u1ecfe ti\u1ebft ki\u1ec7m nhi\u00ean li\u1ec7u.\" \/>\n<meta property=\"og:url\" content=\"https:\/\/xetai3s.vn\/?product=jac-n900-plus-e5-tai-9-1-tan-may-cummins-4-5l\" \/>\n<meta property=\"article:modified_time\" content=\"2025-02-20T02:58:04+00:00\" \/>\n<meta property=\"og:image\" content=\"https:\/\/xetai3s.vn\/wp-content\/uploads\/2024\/10\/z6306536096350_c018fec1676de595cad61b84486440eb_optimized.jpg\" \/>\n\t<meta property=\"og:image:width\" content=\"800\" \/>\n\t<meta property=\"og:image:height\" content=\"600\" \/>\n\t<meta property=\"og:image:type\" content=\"image\/jpeg\" \/>\n<meta name=\"twitter:card\" content=\"summary_large_image\" \/>\n<meta name=\"twitter:label1\" content=\"Gi\u00e1\" \/>\n\t<meta name=\"twitter:data1\" content=\"\" \/>\n\t<meta name=\"twitter:label2\" content=\"Kh\u1ea3 d\u1ee5ng\" \/>\n\t<meta name=\"twitter:data2\" content=\"Trong kho\" \/>\n<script type=\"application\/ld+json\" class=\"yoast-schema-graph\">{\"@context\":\"https:\/\/schema.org\",\"@graph\":[{\"@type\":\"WebPage\",\"@id\":\"https:\/\/xetai3s.vn\/?product=jac-n900-plus-e5-tai-9-1-tan-may-cummins-4-5l\",\"url\":\"https:\/\/xetai3s.vn\/?product=jac-n900-plus-e5-tai-9-1-tan-may-cummins-4-5l\",\"name\":\"JAC N900 PLUS E5 T\u1ea2I 9.1 T\u1ea4N M\u00c1Y CUMMINS 4.5L -\",\"isPartOf\":{\"@id\":\"https:\/\/xetai3s.vn\/#website\"},\"primaryImageOfPage\":{\"@id\":\"https:\/\/xetai3s.vn\/?product=jac-n900-plus-e5-tai-9-1-tan-may-cummins-4-5l#primaryimage\"},\"image\":{\"@id\":\"https:\/\/xetai3s.vn\/?product=jac-n900-plus-e5-tai-9-1-tan-may-cummins-4-5l#primaryimage\"},\"thumbnailUrl\":\"https:\/\/xetai3s.vn\/wp-content\/uploads\/2024\/10\/z6306536096350_c018fec1676de595cad61b84486440eb_optimized.jpg\",\"datePublished\":\"2024-10-30T23:43:54+00:00\",\"dateModified\":\"2025-02-20T02:58:04+00:00\",\"description\":\"Xe t\u1ea3i Jac N900 plus e5 l\u00e0 s\u1ea3n ph\u1ea9m xe t\u1ea3i 9.1 t\u1ea5n m\u1eabu m\u1edbi nh\u1ea5t 2025 c\u1ee7a Jac Vi\u1ec7t Nam.Trang b\u1ecb m\u00e1y cummins M\u1ef9 4.5L kh\u1ecfe ti\u1ebft ki\u1ec7m nhi\u00ean li\u1ec7u.\",\"breadcrumb\":{\"@id\":\"https:\/\/xetai3s.vn\/?product=jac-n900-plus-e5-tai-9-1-tan-may-cummins-4-5l#breadcrumb\"},\"inLanguage\":\"vi\",\"potentialAction\":[{\"@type\":\"ReadAction\",\"target\":[\"https:\/\/xetai3s.vn\/?product=jac-n900-plus-e5-tai-9-1-tan-may-cummins-4-5l\"]}]},{\"@type\":\"ImageObject\",\"inLanguage\":\"vi\",\"@id\":\"https:\/\/xetai3s.vn\/?product=jac-n900-plus-e5-tai-9-1-tan-may-cummins-4-5l#primaryimage\",\"url\":\"https:\/\/xetai3s.vn\/wp-content\/uploads\/2024\/10\/z6306536096350_c018fec1676de595cad61b84486440eb_optimized.jpg\",\"contentUrl\":\"https:\/\/xetai3s.vn\/wp-content\/uploads\/2024\/10\/z6306536096350_c018fec1676de595cad61b84486440eb_optimized.jpg\",\"width\":800,\"height\":600,\"caption\":\"H\u00ecnh \u1ea3nh: Jac N900 pro euro 5\"},{\"@type\":\"BreadcrumbList\",\"@id\":\"https:\/\/xetai3s.vn\/?product=jac-n900-plus-e5-tai-9-1-tan-may-cummins-4-5l#breadcrumb\",\"itemListElement\":[{\"@type\":\"ListItem\",\"position\":1,\"name\":\"Trang ch\u1ee7\",\"item\":\"https:\/\/xetai3s.vn\/\"},{\"@type\":\"ListItem\",\"position\":2,\"name\":\"C\u1eeda h\u00e0ng\",\"item\":\"https:\/\/xetai3s.vn\/?page_id=16\"},{\"@type\":\"ListItem\",\"position\":3,\"name\":\"JAC N900 PLUS E5 T\u1ea2I 9.1 T\u1ea4N M\u00c1Y CUMMINS 4.5L\"}]},{\"@type\":\"WebSite\",\"@id\":\"https:\/\/xetai3s.vn\/#website\",\"url\":\"https:\/\/xetai3s.vn\/\",\"name\":\"\",\"description\":\"Xe T\u1ea3i Jac\",\"potentialAction\":[{\"@type\":\"SearchAction\",\"target\":{\"@type\":\"EntryPoint\",\"urlTemplate\":\"https:\/\/xetai3s.vn\/?s={search_term_string}\"},\"query-input\":\"required name=search_term_string\"}],\"inLanguage\":\"vi\"}]}<\/script>\n<meta property=\"product:price:amount\" content=\"0\" \/>\n<meta property=\"product:price:currency\" content=\"VND\" \/>\n<meta property=\"og:availability\" content=\"instock\" \/>\n<meta property=\"product:availability\" content=\"instock\" \/>\n<meta property=\"product:condition\" content=\"new\" \/>\n<!-- \/ Yoast SEO plugin. -->","yoast_head_json":{"title":"JAC N900 PLUS E5 T\u1ea2I 9.1 T\u1ea4N M\u00c1Y CUMMINS 4.5L -","description":"Xe t\u1ea3i Jac N900 plus e5 l\u00e0 s\u1ea3n ph\u1ea9m xe t\u1ea3i 9.1 t\u1ea5n m\u1eabu m\u1edbi nh\u1ea5t 2025 c\u1ee7a Jac Vi\u1ec7t Nam.Trang b\u1ecb m\u00e1y cummins M\u1ef9 4.5L kh\u1ecfe ti\u1ebft ki\u1ec7m nhi\u00ean li\u1ec7u.","robots":{"index":"index","follow":"follow","max-snippet":"max-snippet:-1","max-image-preview":"max-image-preview:large","max-video-preview":"max-video-preview:-1"},"canonical":"https:\/\/xetai3s.vn\/?product=jac-n900-plus-e5-tai-9-1-tan-may-cummins-4-5l","og_locale":"vi_VN","og_type":"article","og_title":"JAC N900 PLUS E5 T\u1ea2I 9.1 T\u1ea4N M\u00c1Y CUMMINS 4.5L -","og_description":"Xe t\u1ea3i Jac N900 plus e5 l\u00e0 s\u1ea3n ph\u1ea9m xe t\u1ea3i 9.1 t\u1ea5n m\u1eabu m\u1edbi nh\u1ea5t 2025 c\u1ee7a Jac Vi\u1ec7t Nam.Trang b\u1ecb m\u00e1y cummins M\u1ef9 4.5L kh\u1ecfe ti\u1ebft ki\u1ec7m nhi\u00ean li\u1ec7u.","og_url":"https:\/\/xetai3s.vn\/?product=jac-n900-plus-e5-tai-9-1-tan-may-cummins-4-5l","article_modified_time":"2025-02-20T02:58:04+00:00","og_image":[{"width":800,"height":600,"url":"https:\/\/xetai3s.vn\/wp-content\/uploads\/2024\/10\/z6306536096350_c018fec1676de595cad61b84486440eb_optimized.jpg","type":"image\/jpeg"}],"twitter_card":"summary_large_image","twitter_misc":{"Gi\u00e1":"","Kh\u1ea3 d\u1ee5ng":"Trong kho"},"schema":{"@context":"https:\/\/schema.org","@graph":[{"@type":"WebPage","@id":"https:\/\/xetai3s.vn\/?product=jac-n900-plus-e5-tai-9-1-tan-may-cummins-4-5l","url":"https:\/\/xetai3s.vn\/?product=jac-n900-plus-e5-tai-9-1-tan-may-cummins-4-5l","name":"JAC N900 PLUS E5 T\u1ea2I 9.1 T\u1ea4N M\u00c1Y CUMMINS 4.5L -","isPartOf":{"@id":"https:\/\/xetai3s.vn\/#website"},"primaryImageOfPage":{"@id":"https:\/\/xetai3s.vn\/?product=jac-n900-plus-e5-tai-9-1-tan-may-cummins-4-5l#primaryimage"},"image":{"@id":"https:\/\/xetai3s.vn\/?product=jac-n900-plus-e5-tai-9-1-tan-may-cummins-4-5l#primaryimage"},"thumbnailUrl":"https:\/\/xetai3s.vn\/wp-content\/uploads\/2024\/10\/z6306536096350_c018fec1676de595cad61b84486440eb_optimized.jpg","datePublished":"2024-10-30T23:43:54+00:00","dateModified":"2025-02-20T02:58:04+00:00","description":"Xe t\u1ea3i Jac N900 plus e5 l\u00e0 s\u1ea3n ph\u1ea9m xe t\u1ea3i 9.1 t\u1ea5n m\u1eabu m\u1edbi nh\u1ea5t 2025 c\u1ee7a Jac Vi\u1ec7t Nam.Trang b\u1ecb m\u00e1y cummins M\u1ef9 4.5L kh\u1ecfe ti\u1ebft ki\u1ec7m nhi\u00ean li\u1ec7u.","breadcrumb":{"@id":"https:\/\/xetai3s.vn\/?product=jac-n900-plus-e5-tai-9-1-tan-may-cummins-4-5l#breadcrumb"},"inLanguage":"vi","potentialAction":[{"@type":"ReadAction","target":["https:\/\/xetai3s.vn\/?product=jac-n900-plus-e5-tai-9-1-tan-may-cummins-4-5l"]}]},{"@type":"ImageObject","inLanguage":"vi","@id":"https:\/\/xetai3s.vn\/?product=jac-n900-plus-e5-tai-9-1-tan-may-cummins-4-5l#primaryimage","url":"https:\/\/xetai3s.vn\/wp-content\/uploads\/2024\/10\/z6306536096350_c018fec1676de595cad61b84486440eb_optimized.jpg","contentUrl":"https:\/\/xetai3s.vn\/wp-content\/uploads\/2024\/10\/z6306536096350_c018fec1676de595cad61b84486440eb_optimized.jpg","width":800,"height":600,"caption":"H\u00ecnh \u1ea3nh: Jac N900 pro euro 5"},{"@type":"BreadcrumbList","@id":"https:\/\/xetai3s.vn\/?product=jac-n900-plus-e5-tai-9-1-tan-may-cummins-4-5l#breadcrumb","itemListElement":[{"@type":"ListItem","position":1,"name":"Trang ch\u1ee7","item":"https:\/\/xetai3s.vn\/"},{"@type":"ListItem","position":2,"name":"C\u1eeda h\u00e0ng","item":"https:\/\/xetai3s.vn\/?page_id=16"},{"@type":"ListItem","position":3,"name":"JAC N900 PLUS E5 T\u1ea2I 9.1 T\u1ea4N M\u00c1Y CUMMINS 4.5L"}]},{"@type":"WebSite","@id":"https:\/\/xetai3s.vn\/#website","url":"https:\/\/xetai3s.vn\/","name":"","description":"Xe T\u1ea3i Jac","potentialAction":[{"@type":"SearchAction","target":{"@type":"EntryPoint","urlTemplate":"https:\/\/xetai3s.vn\/?s={search_term_string}"},"query-input":"required name=search_term_string"}],"inLanguage":"vi"}]},"product_price_currency":"VND","og_availability":"instock","product_availability":"instock","product_condition":"new"},"_links":{"self":[{"href":"https:\/\/xetai3s.vn\/index.php?rest_route=\/wp\/v2\/product\/2180"}],"collection":[{"href":"https:\/\/xetai3s.vn\/index.php?rest_route=\/wp\/v2\/product"}],"about":[{"href":"https:\/\/xetai3s.vn\/index.php?rest_route=\/wp\/v2\/types\/product"}],"wp:featuredmedia":[{"embeddable":true,"href":"https:\/\/xetai3s.vn\/index.php?rest_route=\/wp\/v2\/media\/2296"}],"wp:attachment":[{"href":"https:\/\/xetai3s.vn\/index.php?rest_route=%2Fwp%2Fv2%2Fmedia&parent=2180"}],"curies":[{"name":"wp","href":"https:\/\/api.w.org\/{rel}","templated":true}]}}