{"id":2172,"date":"2024-10-09T16:12:30","date_gmt":"2024-10-09T09:12:30","guid":{"rendered":"https:\/\/xetai3s.vn\/?post_type=product&#038;p=2172"},"modified":"2024-10-09T16:12:31","modified_gmt":"2024-10-09T09:12:31","slug":"radio-xe-tai-jac","status":"publish","type":"product","link":"https:\/\/xetai3s.vn\/?product=radio-xe-tai-jac","title":{"rendered":"Radio xe t\u1ea3i Jac"},"content":{"rendered":"<h1 style=\"text-align: center;\"><span style=\"color: #0000ff;\"><strong>CUNG C\u1ea4P PH\u1ee4 T\u00d9NG XE T\u1ea2I JAC CH\u00cdNH H\u00c3NG<\/strong><\/span><\/h1>\n<h2><span style=\"font-size: 75%; color: #0000ff;\"><strong>Ch\u1ee9c n\u0103ng Radio:<\/strong><\/span><\/h2>\n<p>Radio tr\u00ean xe t\u1ea3i c\u00f3 nhi\u1ec1u ch\u1ee9c n\u0103ng h\u1eefu \u00edch gi\u00fap t\u00e0i x\u1ebf v\u00e0 h\u00e0nh kh\u00e1ch trong qu\u00e1 tr\u00ecnh di chuy\u1ec3n. D\u01b0\u1edbi \u0111\u00e2y l\u00e0 m\u1ed9t s\u1ed1 ch\u1ee9c n\u0103ng ch\u00ednh c\u1ee7a radio tr\u00ean xe t\u1ea3i:<\/p>\n<ol>\n<li><strong>Gi\u1ea3i tr\u00ed<\/strong>: <strong>Radio xe Jac<\/strong> cung c\u1ea5p \u00e2m nh\u1ea1c, ch\u01b0\u01a1ng tr\u00ecnh tr\u00f2 chuy\u1ec7n v\u00e0 tin t\u1ee9c \u0111\u1ec3 gi\u00fap gi\u1ea3m b\u1edbt c\u0103ng th\u1eb3ng v\u00e0 l\u00e0m cho h\u00e0nh tr\u00ecnh tr\u1edf n\u00ean th\u00fa v\u1ecb h\u01a1n.<\/li>\n<li><strong>C\u1eadp nh\u1eadt th\u00f4ng tin giao th\u00f4ng<\/strong>: Nhi\u1ec1u \u0111\u00e0i ph\u00e1t thanh cung c\u1ea5p th\u00f4ng tin v\u1ec1 t\u00ecnh h\u00ecnh giao th\u00f4ng, th\u1eddi ti\u1ebft v\u00e0 c\u00e1c s\u1ef1 ki\u1ec7n x\u1ea3y ra tr\u00ean tuy\u1ebfn \u0111\u01b0\u1eddng, gi\u00fap t\u00e0i x\u1ebf \u0111i\u1ec1u ch\u1ec9nh l\u1ed9 tr\u00ecnh n\u1ebfu c\u1ea7n thi\u1ebft.<\/li>\n<li><strong>K\u1ebft n\u1ed1i thi\u1ebft b\u1ecb<\/strong>: Nhi\u1ec1u xe t\u1ea3i hi\u1ec7n \u0111\u1ea1i c\u00f3 radio t\u00edch h\u1ee3p Bluetooth ho\u1eb7c c\u1ed5ng AUX\/USB, cho ph\u00e9p k\u1ebft n\u1ed1i v\u1edbi \u0111i\u1ec7n tho\u1ea1i th\u00f4ng minh ho\u1eb7c thi\u1ebft b\u1ecb ph\u00e1t nh\u1ea1c kh\u00e1c \u0111\u1ec3 ph\u00e1t nh\u1ea1c t\u1eeb c\u00e1c ngu\u1ed3n c\u00e1 nh\u00e2n.<\/li>\n<li><strong>T\u01b0\u01a1ng t\u00e1c v\u1edbi h\u1ec7 th\u1ed1ng \u0111i\u1ec1u h\u01b0\u1edbng<\/strong>: Tr\u00ean m\u1ed9t s\u1ed1 m\u1eabu xe t\u1ea3i, radio c\u00f3 th\u1ec3 \u0111\u01b0\u1ee3c k\u1ebft n\u1ed1i v\u1edbi h\u1ec7 th\u1ed1ng GPS \u0111\u1ec3 cung c\u1ea5p ch\u1ec9 \u0111\u01b0\u1eddng \u00e2m thanh, gi\u00fap t\u00e0i x\u1ebf d\u1ec5 d\u00e0ng theo d\u00f5i h\u00e0nh tr\u00ecnh m\u00e0 kh\u00f4ng c\u1ea7n ph\u1ea3i r\u1eddi m\u1eaft kh\u1ecfi \u0111\u01b0\u1eddng.<\/li>\n<li><strong>Li\u00ean l\u1ea1c<\/strong>: Tr\u00ean c\u00e1c d\u00f2ng xe t\u1ea3i chuy\u00ean nghi\u1ec7p, radio c\u00f3 th\u1ec3 bao g\u1ed3m ch\u1ee9c n\u0103ng li\u00ean l\u1ea1c n\u1ed9i b\u1ed9 (CB Radio), gi\u00fap t\u00e0i x\u1ebf li\u00ean h\u1ec7 v\u1edbi c\u00e1c t\u00e0i x\u1ebf kh\u00e1c ho\u1eb7c tr\u1ea1m \u0111i\u1ec1u h\u00e0nh \u0111\u1ec3 trao \u0111\u1ed5i th\u00f4ng tin quan tr\u1ecdng.<\/li>\n<li><strong>An to\u00e0n<\/strong>: M\u1ed9t s\u1ed1 h\u1ec7 th\u1ed1ng radio c\u00f3 t\u00edch h\u1ee3p c\u00e1c c\u1ea3nh b\u00e1o kh\u1ea9n c\u1ea5p, cung c\u1ea5p th\u00f4ng tin v\u1ec1 th\u1eddi ti\u1ebft kh\u1eafc nghi\u1ec7t ho\u1eb7c c\u00e1c m\u1ed1i nguy hi\u1ec3m kh\u00e1c tr\u00ean \u0111\u01b0\u1eddng.<\/li>\n<\/ol>\n<p>Ch\u1ee9c n\u0103ng c\u1ee7a\u00a0 <strong>radio xe t\u1ea3i jac<\/strong> kh\u00f4ng ch\u1ec9 gi\u00fap c\u1ea3i thi\u1ec7n tr\u1ea3i nghi\u1ec7m l\u00e1i xe m\u00e0 c\u00f2n g\u00f3p ph\u1ea7n t\u0103ng c\u01b0\u1eddng an to\u00e0n khi di chuy\u1ec3n tr\u00ean \u0111\u01b0\u1eddng.<\/p>\n<figure id=\"attachment_2173\" aria-describedby=\"caption-attachment-2173\" style=\"width: 800px\" class=\"wp-caption aligncenter\"><img loading=\"lazy\" decoding=\"async\" class=\"wp-image-2173 size-full\" src=\"https:\/\/xetai3s.vn\/wp-content\/uploads\/2024\/10\/radio.jpg\" alt=\"\" width=\"800\" height=\"1067\" srcset=\"https:\/\/xetai3s.vn\/wp-content\/uploads\/2024\/10\/radio.jpg 800w, https:\/\/xetai3s.vn\/wp-content\/uploads\/2024\/10\/radio-225x300.jpg 225w, https:\/\/xetai3s.vn\/wp-content\/uploads\/2024\/10\/radio-768x1024.jpg 768w\" sizes=\"(max-width: 800px) 100vw, 800px\" \/><figcaption id=\"caption-attachment-2173\" class=\"wp-caption-text\">H\u00ecnh \u1ea3nh: Radio xe t\u1ea3i Jac<\/figcaption><\/figure>\n<figure id=\"attachment_2174\" aria-describedby=\"caption-attachment-2174\" style=\"width: 800px\" class=\"wp-caption aligncenter\"><img loading=\"lazy\" decoding=\"async\" class=\"wp-image-2174 size-full\" src=\"https:\/\/xetai3s.vn\/wp-content\/uploads\/2024\/10\/radio-1.jpg\" alt=\"radio xe t\u1ea3i jac\" width=\"800\" height=\"1067\" srcset=\"https:\/\/xetai3s.vn\/wp-content\/uploads\/2024\/10\/radio-1.jpg 800w, https:\/\/xetai3s.vn\/wp-content\/uploads\/2024\/10\/radio-1-225x300.jpg 225w, https:\/\/xetai3s.vn\/wp-content\/uploads\/2024\/10\/radio-1-768x1024.jpg 768w\" sizes=\"(max-width: 800px) 100vw, 800px\" \/><figcaption id=\"caption-attachment-2174\" class=\"wp-caption-text\">H\u00ecnh \u1ea3nh: radio xe t\u1ea3i Jac<\/figcaption><\/figure>\n<h2><strong>TH\u00d4NG TIN LI\u00caN H\u1ec6:<\/strong><\/h2>\n<p>&#8211; Qu\u00fd kh\u00e1ch h\u00e0ng kh\u1ea3o th\u00eam th\u00f4ng tin t\u1ea1i.<\/p>\n<p>website:<a href=\"https:\/\/xetai3s.vn\/\">https:\/\/xetai3s.vn\/<\/a><\/p>\n<p>facebook:<a href=\"https:\/\/www.facebook.com\/xetai3svn?locale=vi_VN\">https:\/\/www.facebook.com\/xetai3svn?locale=vi_VN<\/a><\/p>\n<p>Youtube:\u00a0<a href=\"https:\/\/youtube.com\/@xetai3svn?si=aJ1ZvgjAIQ1HIHP_\">https:\/\/youtube.com\/@xetai3svn?si=aJ1ZvgjAIQ1HIHP_<\/a><\/p>\n<p>&#8211; Qu\u00fd kh\u00e1ch h\u00e0ng xem video v\u1ec1 c\u00e1c lo\u1ea1i th\u00f9ng v\u00e0 d\u00f2ng xe t\u1ea3i t\u1ea1i t\u1ea1i youtube qua \u0111\u01b0\u1eddng link.<br \/>\n+ Nh\u1eefng qu\u00e0 t\u1eb7ng kh\u00e1ch h\u00e0ng nh\u1eadn \u0111\u01b0\u1ee3c khi mua xe t\u1ea1i Jac Giang Ho\u00e0i:<br \/>\n\u2013 Bao da tay l\u00e1i, th\u1ea3m l\u00f3t s\u00e0n.<br \/>\n\u2013 H\u1ed9p \u0111en \u0111\u1ecbnh v\u1ecb.<br \/>\n\u2013 H\u1ee3p t\u00e1c x\u00e3 (ph\u00f9 hi\u1ec7u v\u1eadn t\u1ea3i)<br \/>\n\u2013 20 l\u00edt d\u1ea7u.<br \/>\n\u2013 v\u00e0 gi\u1ea3m gi\u00e1 tr\u1ef1c ti\u1ebfp tr\u00ean gi\u00e1 xe.<br \/>\n\u0110\u1eb6C BI\u1ec6T:\u00a0<strong>JAC GIANG HO\u00c0I<\/strong>\u00a0lu\u00f4n s\u1eb5n c\u00e1c d\u00f2ng xe t\u1ea3i, \u0111\u00e1p \u1ee9ng nhu c\u1ea7u kh\u00e1ch h\u00e0ng c\u1ea7n xe ch\u1ea1y ngay, h\u1ed3 s\u01a1 s\u1eb5n gi\u00fap kh\u00e1ch h\u00e0ng b\u1ea5m bi\u1ec3n s\u1ed1 nhanh. Kh\u00f4ng ph\u1ea3i ch\u1edd \u0111\u1ee3i.<br \/>\n&#8211; Nh\u1eadn gia c\u00f4ng, \u0111\u00f3ng m\u1edbi c\u00e1c lo\u1ea1i th\u00f9ng theo nhu c\u1ea7u ch\u1edf h\u00e0ng c\u1ee7a kh\u00e1ch h\u00e0ng.<br \/>\n&#8211; Cung c\u1ea5p ph\u1ee5 t\u00f9ng ch\u00ednh h\u00e3ng.<br \/>\n&#8211; H\u1ed7 tr\u1ee3 kh\u00e1ch h\u00e0ng mua xe qua ng\u00e2n h\u00e0ng m\u1ee9c vay 70 \u2013 80% gi\u00e1 tr\u1ecb xe.<br \/>\n&#8211; <strong>JAC GIANG HO\u00c0I: \u0110\u1ea1i L\u00fd U\u1ef7 Quy\u1ec1n C\u1ee7a NH\u00c0 M\u00c1Y JAC VI\u1ec6T NAM.<\/strong><br \/>\n<strong>\u260e\ufe0f Hotline:\u00a00902.904.964 (Mr S\u01a1n \u2013 Ph\u00f3-PKD)\u00a0\u0111\u1ec3 \u0111\u01b0\u1ee3c t\u01b0 v\u1ea5n v\u00e0 h\u1ed7 tr\u1ee3.<\/strong><br \/>\n&#8211; \u0110\u1ecba ch\u1ec9: S\u1ed1 20\/3 \u0110LBD,Kp T\u00e2y,P V\u0129nh Ph\u00fa,Tp Thu\u1eadn An,B\u00ecnh D\u01b0\u01a1ng.<\/p>\n<p>&nbsp;<\/p>\n","protected":false},"excerpt":{"rendered":"<p>CUNG C\u1ea4P PH\u1ee4 T\u00d9NG XE T\u1ea2I JAC CH\u00cdNH H\u00c3NG Ch\u1ee9c n\u0103ng Radio: Radio tr\u00ean xe t\u1ea3i c\u00f3 nhi\u1ec1u ch\u1ee9c n\u0103ng h\u1eefu \u00edch gi\u00fap t\u00e0i x\u1ebf v\u00e0 h\u00e0nh kh\u00e1ch trong qu\u00e1 tr\u00ecnh di chuy\u1ec3n. D\u01b0\u1edbi \u0111\u00e2y l\u00e0 m\u1ed9t s\u1ed1 ch\u1ee9c n\u0103ng ch\u00ednh c\u1ee7a radio tr\u00ean xe t\u1ea3i: Gi\u1ea3i tr\u00ed: Radio xe Jac cung c\u1ea5p \u00e2m nh\u1ea1c, &#8230;<\/p>\n","protected":false},"featured_media":2173,"template":"","meta":[],"class_list":{"0":"post-2172","1":"product","2":"type-product","3":"status-publish","4":"has-post-thumbnail","6":"product_cat-phu-tung","7":"product_tag-radio-xe-jac","8":"product_tag-radio-xe-tai-jac","10":"first","11":"instock","12":"shipping-taxable","13":"product-type-simple"},"yoast_head":"<!-- This site is optimized with the Yoast SEO plugin v23.2 - https:\/\/yoast.com\/wordpress\/plugins\/seo\/ -->\n<title>Radio xe t\u1ea3i Jac -<\/title>\n<meta name=\"robots\" content=\"index, follow, max-snippet:-1, max-image-preview:large, max-video-preview:-1\" \/>\n<link rel=\"canonical\" href=\"https:\/\/xetai3s.vn\/?product=radio-xe-tai-jac\" \/>\n<meta property=\"og:locale\" content=\"vi_VN\" \/>\n<meta property=\"og:type\" content=\"article\" \/>\n<meta property=\"og:title\" content=\"Radio xe t\u1ea3i Jac -\" \/>\n<meta property=\"og:description\" content=\"CUNG C\u1ea4P PH\u1ee4 T\u00d9NG XE T\u1ea2I JAC CH\u00cdNH H\u00c3NG Ch\u1ee9c n\u0103ng Radio: Radio tr\u00ean xe t\u1ea3i c\u00f3 nhi\u1ec1u ch\u1ee9c n\u0103ng h\u1eefu \u00edch gi\u00fap t\u00e0i x\u1ebf v\u00e0 h\u00e0nh kh\u00e1ch trong qu\u00e1 tr\u00ecnh di chuy\u1ec3n. D\u01b0\u1edbi \u0111\u00e2y l\u00e0 m\u1ed9t s\u1ed1 ch\u1ee9c n\u0103ng ch\u00ednh c\u1ee7a radio tr\u00ean xe t\u1ea3i: Gi\u1ea3i tr\u00ed: Radio xe Jac cung c\u1ea5p \u00e2m nh\u1ea1c, ...\" \/>\n<meta property=\"og:url\" content=\"https:\/\/xetai3s.vn\/?product=radio-xe-tai-jac\" \/>\n<meta property=\"article:modified_time\" content=\"2024-10-09T09:12:31+00:00\" \/>\n<meta property=\"og:image\" content=\"https:\/\/xetai3s.vn\/wp-content\/uploads\/2024\/10\/radio.jpg\" \/>\n\t<meta property=\"og:image:width\" content=\"800\" \/>\n\t<meta property=\"og:image:height\" content=\"1067\" \/>\n\t<meta property=\"og:image:type\" content=\"image\/jpeg\" \/>\n<meta name=\"twitter:card\" content=\"summary_large_image\" \/>\n<meta name=\"twitter:label1\" content=\"Gi\u00e1\" \/>\n\t<meta name=\"twitter:data1\" content=\"\" \/>\n\t<meta name=\"twitter:label2\" content=\"Kh\u1ea3 d\u1ee5ng\" \/>\n\t<meta name=\"twitter:data2\" content=\"Trong kho\" \/>\n<script type=\"application\/ld+json\" class=\"yoast-schema-graph\">{\"@context\":\"https:\/\/schema.org\",\"@graph\":[{\"@type\":\"WebPage\",\"@id\":\"https:\/\/xetai3s.vn\/?product=radio-xe-tai-jac\",\"url\":\"https:\/\/xetai3s.vn\/?product=radio-xe-tai-jac\",\"name\":\"Radio xe t\u1ea3i Jac -\",\"isPartOf\":{\"@id\":\"https:\/\/xetai3s.vn\/#website\"},\"primaryImageOfPage\":{\"@id\":\"https:\/\/xetai3s.vn\/?product=radio-xe-tai-jac#primaryimage\"},\"image\":{\"@id\":\"https:\/\/xetai3s.vn\/?product=radio-xe-tai-jac#primaryimage\"},\"thumbnailUrl\":\"https:\/\/xetai3s.vn\/wp-content\/uploads\/2024\/10\/radio.jpg\",\"datePublished\":\"2024-10-09T09:12:30+00:00\",\"dateModified\":\"2024-10-09T09:12:31+00:00\",\"breadcrumb\":{\"@id\":\"https:\/\/xetai3s.vn\/?product=radio-xe-tai-jac#breadcrumb\"},\"inLanguage\":\"vi\",\"potentialAction\":[{\"@type\":\"ReadAction\",\"target\":[\"https:\/\/xetai3s.vn\/?product=radio-xe-tai-jac\"]}]},{\"@type\":\"ImageObject\",\"inLanguage\":\"vi\",\"@id\":\"https:\/\/xetai3s.vn\/?product=radio-xe-tai-jac#primaryimage\",\"url\":\"https:\/\/xetai3s.vn\/wp-content\/uploads\/2024\/10\/radio.jpg\",\"contentUrl\":\"https:\/\/xetai3s.vn\/wp-content\/uploads\/2024\/10\/radio.jpg\",\"width\":800,\"height\":1067},{\"@type\":\"BreadcrumbList\",\"@id\":\"https:\/\/xetai3s.vn\/?product=radio-xe-tai-jac#breadcrumb\",\"itemListElement\":[{\"@type\":\"ListItem\",\"position\":1,\"name\":\"Trang ch\u1ee7\",\"item\":\"https:\/\/xetai3s.vn\/\"},{\"@type\":\"ListItem\",\"position\":2,\"name\":\"C\u1eeda h\u00e0ng\",\"item\":\"https:\/\/xetai3s.vn\/?page_id=16\"},{\"@type\":\"ListItem\",\"position\":3,\"name\":\"Radio xe t\u1ea3i Jac\"}]},{\"@type\":\"WebSite\",\"@id\":\"https:\/\/xetai3s.vn\/#website\",\"url\":\"https:\/\/xetai3s.vn\/\",\"name\":\"\",\"description\":\"Xe T\u1ea3i Jac\",\"potentialAction\":[{\"@type\":\"SearchAction\",\"target\":{\"@type\":\"EntryPoint\",\"urlTemplate\":\"https:\/\/xetai3s.vn\/?s={search_term_string}\"},\"query-input\":\"required name=search_term_string\"}],\"inLanguage\":\"vi\"}]}<\/script>\n<meta property=\"product:price:amount\" content=\"0\" \/>\n<meta property=\"product:price:currency\" content=\"VND\" \/>\n<meta property=\"og:availability\" content=\"instock\" \/>\n<meta property=\"product:availability\" content=\"instock\" \/>\n<meta property=\"product:condition\" content=\"new\" \/>\n<!-- \/ Yoast SEO plugin. -->","yoast_head_json":{"title":"Radio xe t\u1ea3i Jac -","robots":{"index":"index","follow":"follow","max-snippet":"max-snippet:-1","max-image-preview":"max-image-preview:large","max-video-preview":"max-video-preview:-1"},"canonical":"https:\/\/xetai3s.vn\/?product=radio-xe-tai-jac","og_locale":"vi_VN","og_type":"article","og_title":"Radio xe t\u1ea3i Jac -","og_description":"CUNG C\u1ea4P PH\u1ee4 T\u00d9NG XE T\u1ea2I JAC CH\u00cdNH H\u00c3NG Ch\u1ee9c n\u0103ng Radio: Radio tr\u00ean xe t\u1ea3i c\u00f3 nhi\u1ec1u ch\u1ee9c n\u0103ng h\u1eefu \u00edch gi\u00fap t\u00e0i x\u1ebf v\u00e0 h\u00e0nh kh\u00e1ch trong qu\u00e1 tr\u00ecnh di chuy\u1ec3n. D\u01b0\u1edbi \u0111\u00e2y l\u00e0 m\u1ed9t s\u1ed1 ch\u1ee9c n\u0103ng ch\u00ednh c\u1ee7a radio tr\u00ean xe t\u1ea3i: Gi\u1ea3i tr\u00ed: Radio xe Jac cung c\u1ea5p \u00e2m nh\u1ea1c, ...","og_url":"https:\/\/xetai3s.vn\/?product=radio-xe-tai-jac","article_modified_time":"2024-10-09T09:12:31+00:00","og_image":[{"width":800,"height":1067,"url":"https:\/\/xetai3s.vn\/wp-content\/uploads\/2024\/10\/radio.jpg","type":"image\/jpeg"}],"twitter_card":"summary_large_image","twitter_misc":{"Gi\u00e1":"","Kh\u1ea3 d\u1ee5ng":"Trong kho"},"schema":{"@context":"https:\/\/schema.org","@graph":[{"@type":"WebPage","@id":"https:\/\/xetai3s.vn\/?product=radio-xe-tai-jac","url":"https:\/\/xetai3s.vn\/?product=radio-xe-tai-jac","name":"Radio xe t\u1ea3i Jac -","isPartOf":{"@id":"https:\/\/xetai3s.vn\/#website"},"primaryImageOfPage":{"@id":"https:\/\/xetai3s.vn\/?product=radio-xe-tai-jac#primaryimage"},"image":{"@id":"https:\/\/xetai3s.vn\/?product=radio-xe-tai-jac#primaryimage"},"thumbnailUrl":"https:\/\/xetai3s.vn\/wp-content\/uploads\/2024\/10\/radio.jpg","datePublished":"2024-10-09T09:12:30+00:00","dateModified":"2024-10-09T09:12:31+00:00","breadcrumb":{"@id":"https:\/\/xetai3s.vn\/?product=radio-xe-tai-jac#breadcrumb"},"inLanguage":"vi","potentialAction":[{"@type":"ReadAction","target":["https:\/\/xetai3s.vn\/?product=radio-xe-tai-jac"]}]},{"@type":"ImageObject","inLanguage":"vi","@id":"https:\/\/xetai3s.vn\/?product=radio-xe-tai-jac#primaryimage","url":"https:\/\/xetai3s.vn\/wp-content\/uploads\/2024\/10\/radio.jpg","contentUrl":"https:\/\/xetai3s.vn\/wp-content\/uploads\/2024\/10\/radio.jpg","width":800,"height":1067},{"@type":"BreadcrumbList","@id":"https:\/\/xetai3s.vn\/?product=radio-xe-tai-jac#breadcrumb","itemListElement":[{"@type":"ListItem","position":1,"name":"Trang ch\u1ee7","item":"https:\/\/xetai3s.vn\/"},{"@type":"ListItem","position":2,"name":"C\u1eeda h\u00e0ng","item":"https:\/\/xetai3s.vn\/?page_id=16"},{"@type":"ListItem","position":3,"name":"Radio xe t\u1ea3i Jac"}]},{"@type":"WebSite","@id":"https:\/\/xetai3s.vn\/#website","url":"https:\/\/xetai3s.vn\/","name":"","description":"Xe T\u1ea3i Jac","potentialAction":[{"@type":"SearchAction","target":{"@type":"EntryPoint","urlTemplate":"https:\/\/xetai3s.vn\/?s={search_term_string}"},"query-input":"required name=search_term_string"}],"inLanguage":"vi"}]},"product_price_currency":"VND","og_availability":"instock","product_availability":"instock","product_condition":"new"},"_links":{"self":[{"href":"https:\/\/xetai3s.vn\/index.php?rest_route=\/wp\/v2\/product\/2172"}],"collection":[{"href":"https:\/\/xetai3s.vn\/index.php?rest_route=\/wp\/v2\/product"}],"about":[{"href":"https:\/\/xetai3s.vn\/index.php?rest_route=\/wp\/v2\/types\/product"}],"wp:featuredmedia":[{"embeddable":true,"href":"https:\/\/xetai3s.vn\/index.php?rest_route=\/wp\/v2\/media\/2173"}],"wp:attachment":[{"href":"https:\/\/xetai3s.vn\/index.php?rest_route=%2Fwp%2Fv2%2Fmedia&parent=2172"}],"curies":[{"name":"wp","href":"https:\/\/api.w.org\/{rel}","templated":true}]}}