{"id":1907,"date":"2024-05-30T15:22:11","date_gmt":"2024-05-30T08:22:11","guid":{"rendered":"https:\/\/xetai3s.vn\/?post_type=product&#038;p=1907"},"modified":"2024-05-30T15:22:13","modified_gmt":"2024-05-30T08:22:13","slug":"ken-xe-tai-jac-a5","status":"publish","type":"product","link":"https:\/\/xetai3s.vn\/?product=ken-xe-tai-jac-a5","title":{"rendered":"K\u00e8n xe t\u1ea3i Jac A5"},"content":{"rendered":"<h1><strong><span style=\"color: #0000ff;\">Ph\u1ee5 T\u00f9ng Xe T\u1ea3i Jac:<\/span><\/strong><\/h1>\n<p>&#8211;<em><strong><span style=\"color: #ff6600;\">K\u00e8n xe t\u1ea3i Jac A5:<\/span><\/strong><\/em><\/p>\n<figure id=\"attachment_1908\" aria-describedby=\"caption-attachment-1908\" style=\"width: 1020px\" class=\"wp-caption aligncenter\"><img loading=\"lazy\" decoding=\"async\" class=\"size-large wp-image-1908\" src=\"https:\/\/xetai3s.vn\/wp-content\/uploads\/2024\/05\/z5491035208100_f082b8d64c30b458a2e9376f488315f6_optimized-1024x766.jpg\" alt=\"\" width=\"1020\" height=\"763\" srcset=\"https:\/\/xetai3s.vn\/wp-content\/uploads\/2024\/05\/z5491035208100_f082b8d64c30b458a2e9376f488315f6_optimized-1024x766.jpg 1024w, https:\/\/xetai3s.vn\/wp-content\/uploads\/2024\/05\/z5491035208100_f082b8d64c30b458a2e9376f488315f6_optimized-300x224.jpg 300w, https:\/\/xetai3s.vn\/wp-content\/uploads\/2024\/05\/z5491035208100_f082b8d64c30b458a2e9376f488315f6_optimized-768x575.jpg 768w, https:\/\/xetai3s.vn\/wp-content\/uploads\/2024\/05\/z5491035208100_f082b8d64c30b458a2e9376f488315f6_optimized-1536x1149.jpg 1536w, https:\/\/xetai3s.vn\/wp-content\/uploads\/2024\/05\/z5491035208100_f082b8d64c30b458a2e9376f488315f6_optimized-2048x1532.jpg 2048w, https:\/\/xetai3s.vn\/wp-content\/uploads\/2024\/05\/z5491035208100_f082b8d64c30b458a2e9376f488315f6_optimized-1080x808.jpg 1080w\" sizes=\"(max-width: 1020px) 100vw, 1020px\" \/><figcaption id=\"caption-attachment-1908\" class=\"wp-caption-text\">H\u00ecnh \u1ea3nh: k\u00e8n xe t\u1ea3i Jac A5<\/figcaption><\/figure>\n<p>&#8211;<em><strong>Ph\u1ee5 t\u00f9ng Jac ch\u00ednh h\u00e3ng,ph\u00e2n ph\u1ed1i ph\u1ee5 t\u00f9ng xe t\u1ea3i Jac to\u00e0n qu\u1ed1c.<\/strong><\/em><\/p>\n","protected":false},"excerpt":{"rendered":"<p>Ph\u1ee5 T\u00f9ng Xe T\u1ea3i Jac: &#8211;K\u00e8n xe t\u1ea3i Jac A5: &#8211;Ph\u1ee5 t\u00f9ng Jac ch\u00ednh h\u00e3ng,ph\u00e2n ph\u1ed1i ph\u1ee5 t\u00f9ng xe t\u1ea3i Jac to\u00e0n qu\u1ed1c.<\/p>\n","protected":false},"featured_media":1909,"template":"","meta":[],"class_list":{"0":"post-1907","1":"product","2":"type-product","3":"status-publish","4":"has-post-thumbnail","6":"product_cat-phu-tung","7":"product_tag-ken-jac-a5","8":"product_tag-ken-xe-jac-a5","9":"product_tag-ken-xe-tai-jac-a5","10":"product_tag-phu-tung-xe-tai-jac","12":"first","13":"instock","14":"shipping-taxable","15":"product-type-simple"},"yoast_head":"<!-- This site is optimized with the Yoast SEO plugin v23.2 - https:\/\/yoast.com\/wordpress\/plugins\/seo\/ -->\n<title>K\u00e8n xe t\u1ea3i Jac A5 -<\/title>\n<meta name=\"robots\" content=\"index, follow, max-snippet:-1, max-image-preview:large, max-video-preview:-1\" \/>\n<link rel=\"canonical\" href=\"https:\/\/xetai3s.vn\/?product=ken-xe-tai-jac-a5\" \/>\n<meta property=\"og:locale\" content=\"vi_VN\" \/>\n<meta property=\"og:type\" content=\"article\" \/>\n<meta property=\"og:title\" content=\"K\u00e8n xe t\u1ea3i Jac A5 -\" \/>\n<meta property=\"og:description\" content=\"Ph\u1ee5 T\u00f9ng Xe T\u1ea3i Jac: &#8211;K\u00e8n xe t\u1ea3i Jac A5: &#8211;Ph\u1ee5 t\u00f9ng Jac ch\u00ednh h\u00e3ng,ph\u00e2n ph\u1ed1i ph\u1ee5 t\u00f9ng xe t\u1ea3i Jac to\u00e0n qu\u1ed1c.\" \/>\n<meta property=\"og:url\" content=\"https:\/\/xetai3s.vn\/?product=ken-xe-tai-jac-a5\" \/>\n<meta property=\"article:modified_time\" content=\"2024-05-30T08:22:13+00:00\" \/>\n<meta property=\"og:image\" content=\"https:\/\/xetai3s.vn\/wp-content\/uploads\/2024\/05\/z5491035247658_bde19c45431b02b3dd55763ff15c146b_optimized-scaled.jpg\" \/>\n\t<meta property=\"og:image:width\" content=\"1920\" \/>\n\t<meta property=\"og:image:height\" content=\"2560\" \/>\n\t<meta property=\"og:image:type\" content=\"image\/jpeg\" \/>\n<meta name=\"twitter:card\" content=\"summary_large_image\" \/>\n<meta name=\"twitter:label1\" content=\"Gi\u00e1\" \/>\n\t<meta name=\"twitter:data1\" content=\"\" \/>\n\t<meta name=\"twitter:label2\" content=\"Kh\u1ea3 d\u1ee5ng\" \/>\n\t<meta name=\"twitter:data2\" content=\"Trong kho\" \/>\n<script type=\"application\/ld+json\" class=\"yoast-schema-graph\">{\"@context\":\"https:\/\/schema.org\",\"@graph\":[{\"@type\":\"WebPage\",\"@id\":\"https:\/\/xetai3s.vn\/?product=ken-xe-tai-jac-a5\",\"url\":\"https:\/\/xetai3s.vn\/?product=ken-xe-tai-jac-a5\",\"name\":\"K\u00e8n xe t\u1ea3i Jac A5 -\",\"isPartOf\":{\"@id\":\"https:\/\/xetai3s.vn\/#website\"},\"primaryImageOfPage\":{\"@id\":\"https:\/\/xetai3s.vn\/?product=ken-xe-tai-jac-a5#primaryimage\"},\"image\":{\"@id\":\"https:\/\/xetai3s.vn\/?product=ken-xe-tai-jac-a5#primaryimage\"},\"thumbnailUrl\":\"https:\/\/xetai3s.vn\/wp-content\/uploads\/2024\/05\/z5491035247658_bde19c45431b02b3dd55763ff15c146b_optimized-scaled.jpg\",\"datePublished\":\"2024-05-30T08:22:11+00:00\",\"dateModified\":\"2024-05-30T08:22:13+00:00\",\"breadcrumb\":{\"@id\":\"https:\/\/xetai3s.vn\/?product=ken-xe-tai-jac-a5#breadcrumb\"},\"inLanguage\":\"vi\",\"potentialAction\":[{\"@type\":\"ReadAction\",\"target\":[\"https:\/\/xetai3s.vn\/?product=ken-xe-tai-jac-a5\"]}]},{\"@type\":\"ImageObject\",\"inLanguage\":\"vi\",\"@id\":\"https:\/\/xetai3s.vn\/?product=ken-xe-tai-jac-a5#primaryimage\",\"url\":\"https:\/\/xetai3s.vn\/wp-content\/uploads\/2024\/05\/z5491035247658_bde19c45431b02b3dd55763ff15c146b_optimized-scaled.jpg\",\"contentUrl\":\"https:\/\/xetai3s.vn\/wp-content\/uploads\/2024\/05\/z5491035247658_bde19c45431b02b3dd55763ff15c146b_optimized-scaled.jpg\",\"width\":1920,\"height\":2560},{\"@type\":\"BreadcrumbList\",\"@id\":\"https:\/\/xetai3s.vn\/?product=ken-xe-tai-jac-a5#breadcrumb\",\"itemListElement\":[{\"@type\":\"ListItem\",\"position\":1,\"name\":\"Trang ch\u1ee7\",\"item\":\"https:\/\/xetai3s.vn\/\"},{\"@type\":\"ListItem\",\"position\":2,\"name\":\"C\u1eeda h\u00e0ng\",\"item\":\"https:\/\/xetai3s.vn\/?page_id=16\"},{\"@type\":\"ListItem\",\"position\":3,\"name\":\"K\u00e8n xe t\u1ea3i Jac A5\"}]},{\"@type\":\"WebSite\",\"@id\":\"https:\/\/xetai3s.vn\/#website\",\"url\":\"https:\/\/xetai3s.vn\/\",\"name\":\"\",\"description\":\"Xe T\u1ea3i Jac\",\"potentialAction\":[{\"@type\":\"SearchAction\",\"target\":{\"@type\":\"EntryPoint\",\"urlTemplate\":\"https:\/\/xetai3s.vn\/?s={search_term_string}\"},\"query-input\":\"required name=search_term_string\"}],\"inLanguage\":\"vi\"}]}<\/script>\n<meta property=\"product:price:amount\" content=\"0\" \/>\n<meta property=\"product:price:currency\" content=\"VND\" \/>\n<meta property=\"og:availability\" content=\"instock\" \/>\n<meta property=\"product:availability\" content=\"instock\" \/>\n<meta property=\"product:condition\" content=\"new\" \/>\n<!-- \/ Yoast SEO plugin. -->","yoast_head_json":{"title":"K\u00e8n xe t\u1ea3i Jac A5 -","robots":{"index":"index","follow":"follow","max-snippet":"max-snippet:-1","max-image-preview":"max-image-preview:large","max-video-preview":"max-video-preview:-1"},"canonical":"https:\/\/xetai3s.vn\/?product=ken-xe-tai-jac-a5","og_locale":"vi_VN","og_type":"article","og_title":"K\u00e8n xe t\u1ea3i Jac A5 -","og_description":"Ph\u1ee5 T\u00f9ng Xe T\u1ea3i Jac: &#8211;K\u00e8n xe t\u1ea3i Jac A5: &#8211;Ph\u1ee5 t\u00f9ng Jac ch\u00ednh h\u00e3ng,ph\u00e2n ph\u1ed1i ph\u1ee5 t\u00f9ng xe t\u1ea3i Jac to\u00e0n qu\u1ed1c.","og_url":"https:\/\/xetai3s.vn\/?product=ken-xe-tai-jac-a5","article_modified_time":"2024-05-30T08:22:13+00:00","og_image":[{"width":1920,"height":2560,"url":"https:\/\/xetai3s.vn\/wp-content\/uploads\/2024\/05\/z5491035247658_bde19c45431b02b3dd55763ff15c146b_optimized-scaled.jpg","type":"image\/jpeg"}],"twitter_card":"summary_large_image","twitter_misc":{"Gi\u00e1":"","Kh\u1ea3 d\u1ee5ng":"Trong kho"},"schema":{"@context":"https:\/\/schema.org","@graph":[{"@type":"WebPage","@id":"https:\/\/xetai3s.vn\/?product=ken-xe-tai-jac-a5","url":"https:\/\/xetai3s.vn\/?product=ken-xe-tai-jac-a5","name":"K\u00e8n xe t\u1ea3i Jac A5 -","isPartOf":{"@id":"https:\/\/xetai3s.vn\/#website"},"primaryImageOfPage":{"@id":"https:\/\/xetai3s.vn\/?product=ken-xe-tai-jac-a5#primaryimage"},"image":{"@id":"https:\/\/xetai3s.vn\/?product=ken-xe-tai-jac-a5#primaryimage"},"thumbnailUrl":"https:\/\/xetai3s.vn\/wp-content\/uploads\/2024\/05\/z5491035247658_bde19c45431b02b3dd55763ff15c146b_optimized-scaled.jpg","datePublished":"2024-05-30T08:22:11+00:00","dateModified":"2024-05-30T08:22:13+00:00","breadcrumb":{"@id":"https:\/\/xetai3s.vn\/?product=ken-xe-tai-jac-a5#breadcrumb"},"inLanguage":"vi","potentialAction":[{"@type":"ReadAction","target":["https:\/\/xetai3s.vn\/?product=ken-xe-tai-jac-a5"]}]},{"@type":"ImageObject","inLanguage":"vi","@id":"https:\/\/xetai3s.vn\/?product=ken-xe-tai-jac-a5#primaryimage","url":"https:\/\/xetai3s.vn\/wp-content\/uploads\/2024\/05\/z5491035247658_bde19c45431b02b3dd55763ff15c146b_optimized-scaled.jpg","contentUrl":"https:\/\/xetai3s.vn\/wp-content\/uploads\/2024\/05\/z5491035247658_bde19c45431b02b3dd55763ff15c146b_optimized-scaled.jpg","width":1920,"height":2560},{"@type":"BreadcrumbList","@id":"https:\/\/xetai3s.vn\/?product=ken-xe-tai-jac-a5#breadcrumb","itemListElement":[{"@type":"ListItem","position":1,"name":"Trang ch\u1ee7","item":"https:\/\/xetai3s.vn\/"},{"@type":"ListItem","position":2,"name":"C\u1eeda h\u00e0ng","item":"https:\/\/xetai3s.vn\/?page_id=16"},{"@type":"ListItem","position":3,"name":"K\u00e8n xe t\u1ea3i Jac A5"}]},{"@type":"WebSite","@id":"https:\/\/xetai3s.vn\/#website","url":"https:\/\/xetai3s.vn\/","name":"","description":"Xe T\u1ea3i Jac","potentialAction":[{"@type":"SearchAction","target":{"@type":"EntryPoint","urlTemplate":"https:\/\/xetai3s.vn\/?s={search_term_string}"},"query-input":"required name=search_term_string"}],"inLanguage":"vi"}]},"product_price_currency":"VND","og_availability":"instock","product_availability":"instock","product_condition":"new"},"_links":{"self":[{"href":"https:\/\/xetai3s.vn\/index.php?rest_route=\/wp\/v2\/product\/1907"}],"collection":[{"href":"https:\/\/xetai3s.vn\/index.php?rest_route=\/wp\/v2\/product"}],"about":[{"href":"https:\/\/xetai3s.vn\/index.php?rest_route=\/wp\/v2\/types\/product"}],"wp:featuredmedia":[{"embeddable":true,"href":"https:\/\/xetai3s.vn\/index.php?rest_route=\/wp\/v2\/media\/1909"}],"wp:attachment":[{"href":"https:\/\/xetai3s.vn\/index.php?rest_route=%2Fwp%2Fv2%2Fmedia&parent=1907"}],"curies":[{"name":"wp","href":"https:\/\/api.w.org\/{rel}","templated":true}]}}