{"id":1862,"date":"2024-03-28T11:11:56","date_gmt":"2024-03-28T04:11:56","guid":{"rendered":"https:\/\/xetai3s.vn\/?post_type=product&#038;p=1862"},"modified":"2025-02-17T10:43:30","modified_gmt":"2025-02-17T03:43:30","slug":"jac-n250s-pro-e5-tai-2-5-tan-thung-4m4-may-cummins","status":"publish","type":"product","link":"https:\/\/xetai3s.vn\/?product=jac-n250s-pro-e5-tai-2-5-tan-thung-4m4-may-cummins","title":{"rendered":"JAC N250S PRO E5 T\u1ea2I 2.5 T\u1ea4N TH\u00d9NG 4M4 M\u00c1Y CUMMINS"},"content":{"rendered":"<h1><span style=\"font-size: 75%; color: #0000ff;\"><strong>TH\u00d4NG S\u1ed0 K\u0128 THU\u1eacT JAC N250 E5:<\/strong><\/span><\/h1>\n<p><strong>JAC N250S PRO E5<\/strong> \u0111\u01b0\u1ee3c nh\u00e0 m\u00e1y JAC VI\u1ec6T NAM c\u00f4ng b\u1ed1 v\u00e0 ra m\u1eaft qu\u00fd kh\u00e1ch h\u00e0ng v\u00e0 \u0111\u1ea1i l\u00fd tr\u00ean c\u1ea3 n\u01b0\u1edbc.<\/p>\n<p><strong>JAC N250S<\/strong> l\u00e0 d\u00f2ng xe t\u1ea3i thu\u1ed9c ph\u00e2n kh\u00fac t\u1ea3i nh\u1eb9 l\u01b0u th\u00f4ng \u0111\u01b0\u1eddng th\u00e0nh ph\u1ed1.<\/p>\n<p>C\u00f3 t\u1ea3i tr\u1ecdng 2.250 kg, \u0111\u01b0\u1ee3c s\u1ea3n xu\u1ea5t l\u1eafp r\u00e1p t\u1ea1i Vi\u1ec7t Nam.<\/p>\n<div>Xe \u0111\u01b0\u1ee3c trang b\u1ecb \u0111\u1ed9ng c\u01a1 HFC4DB3-2D(Green Jet).<\/div>\n<div>Dung t\u00edch 2,2L, c\u00f4ng su\u1ea5t c\u1ef1c \u0111\u1ea1i 95 \/3200 v\u00f2ng\/ph\u00fat, momen xo\u1eafn c\u1ef1c \u0111\u1ea1i 320\/1600-2000 v\u00f2ng\/ph\u00fat.<\/div>\n<div>Xe \u0111\u01b0\u1ee3c trang b\u1ecb h\u1ed9p s\u1ed1 5 ti\u1ebfn 1 l\u00f9i, l\u1ed1p \u0111\u1ed3ng b\u1ed9: 7.00-16.<\/div>\n<div><\/div>\n<div>\u0110\u1eb7c bi\u1ec7t k\u00edch th\u01b0\u1edbc l\u00f2ng th\u00f9ng Jac N250s e5 t\u0103ng \u0111\u00e1ng k\u1ec3 so v\u1edbi Euro 4:<\/div>\n<div><\/div>\n<div><span style=\"color: #ff6600;\">K\u00edch th\u01b0\u1edbc t\u1ed5ng th\u1ec3: 6.040*2.110*2.905 mm.<\/span><\/div>\n<div><\/div>\n<div><a href=\"https:\/\/xetai3s.vn\/?product=https-xetai3s-vn-producthttps-xetai3s-vn-productgia-xe-tai-jac-n250s\"><strong>JAC N250S E5<\/strong><\/a><\/div>\n<ul>\n<li>\u00a0<span style=\"color: #ff6600;\">t\u1ed5ng t\u1ea3i 4.995 Kg, t\u1ea3i tr\u1ecdng ~ 2.250 Kg, l\u00f2ng th\u00f9ng 4.200 x 1.960 x 1.880 mm.<\/span><\/li>\n<li>\u0110\u01b0\u1eddng k\u00ednh xy lanh: 86*94.<\/li>\n<li>Kh\u00f4ng s\u1eed d\u1ee5ng b\u00ecnh ure, c\u00f3 phanh ABS.<\/li>\n<\/ul>\n<h2><span style=\"font-size: 75%;\"><strong>TH\u00d4NG TIN TR\u1ea2 G\u00d3P:<\/strong><\/span><\/h2>\n<hr \/>\n<div>\n<div>? Qu\u00fd kh\u00e1ch h\u00e0ng kh\u1ea3o th\u00eam th\u00f4ng tin t\u1ea1i website: https:xetai3s.vn\/<\/div>\n<div>? Qu\u00fd kh\u00e1ch h\u00e0ng xem video v\u1ec1 c\u00e1c lo\u1ea1i th\u00f9ng v\u00e0 d\u00f2ng xe t\u1ea3i t\u1ea1i t\u1ea1i youtube qua \u0111\u01b0\u1eddng link: https:\/\/youtube.com\/@xetai3svn?si=aJ1ZvgjAIQ1HIHP_<\/div>\n<div><\/div>\n<div>+ Nh\u1eefng qu\u00e0 t\u1eb7ng kh\u00e1ch h\u00e0ng nh\u1eadn \u0111\u01b0\u1ee3c khi mua xe t\u1ea1i Jac Giang Ho\u00e0i :<\/div>\n<div>\u2013 Bao da tay l\u00e1i, th\u1ea3m l\u00f3t s\u00e0n<\/div>\n<div>\u2013 H\u1ed9p \u0111en \u0111\u1ecbnh v\u1ecb<\/div>\n<div>\u2013 H\u1ee3p t\u00e1c x\u00e3 (ph\u00f9 hi\u1ec7u v\u1eadn t\u1ea3i)<\/div>\n<div>\u2013 20 l\u00edt d\u1ea7u<\/div>\n<div>\u2013 v\u00e0 gi\u1ea3m gi\u00e1 tr\u1ef1c ti\u1ebfp tr\u00ean gi\u00e1 xe<\/div>\n<div>\u0110\u1eb6C BI\u1ec6T: JAC GIANG HO\u00c0I lu\u00f4n s\u1eb5n c\u00e1c d\u00f2ng xe t\u1ea3i, \u0111\u00e1p \u1ee9ng nhu c\u1ea7u kh\u00e1ch h\u00e0ng c\u1ea7n xe ch\u1ea1y ngay, h\u1ed3 s\u01a1 s\u1eb5n gi\u00fap kh\u00e1ch h\u00e0ng b\u1ea5m bi\u1ec3n s\u1ed1 nhanh. Kh\u00f4ng ph\u1ea3i ch\u1edd \u0111\u1ee3i.<\/div>\n<div>? Nh\u1eadn gia c\u00f4ng, \u0111\u00f3ng m\u1edbi c\u00e1c lo\u1ea1i th\u00f9ng theo nhu c\u1ea7u ch\u1edf h\u00e0ng c\u1ee7a kh\u00e1ch h\u00e0ng.<\/div>\n<div>? Cung c\u1ea5p ph\u1ee5 t\u00f9ng ch\u00ednh h\u00e3ng.<\/div>\n<div>? H\u1ed7 tr\u1ee3 kh\u00e1ch h\u00e0ng mua xe qua ng\u00e2n h\u00e0ng m\u1ee9c vay 70 \u2013 80% gi\u00e1 tr\u1ecb xe.<\/div>\n<div>? JAC GIANG HO\u00c0I: \u0110\u1ea1i L\u00fd U\u1ef7 Quy\u1ec1n C\u1ee7a NH\u00c0 M\u00c1Y JAC VI\u1ec6T NAM<\/div>\n<div>\u260e\ufe0f <strong><span style=\"color: #ff6600;\">Hotline: 0902.904.964 (Mr S\u01a1n \u2013 Ph\u1ee5 Tr\u00e1ch B\u00e1n H\u00e0ng) \u0111\u1ec3 \u0111\u01b0\u1ee3c t\u01b0 v\u1ea5n v\u00e0 h\u1ed7 tr\u1ee3.<\/span><\/strong><\/div>\n<div>? \u0110\u1ecba ch\u1ec9: S\u1ed1 20\/3 \u0110LBD,Kp T\u00e2y,P V\u0129nh Ph\u00fa,Tp Thu\u1eadn An,B\u00ecnh D\u01b0\u01a1ng.<\/div>\n<\/div>\n","protected":false},"excerpt":{"rendered":"<p><strong>Xe t\u1ea3i Jac N250s<\/strong> \u0111ang l\u00e0 m\u1eabu xe t\u1ea3i 2 t\u1ea5n 2 b\u00e1n ch\u1ea1y nh\u1ea5t th\u1ecb tr\u01b0\u1eddng xe t\u1ea3i hi\u1ec7n nay,ph\u00f9 h\u1ee3p v\u1edbi nhu c\u1ea7u kh\u00e1ch h\u00e0ng ch\u1ea1y v\u00e0o th\u00e0nh ph\u1ed1.V\u1edbi m\u1eabu thi\u1ebft k\u1ebf hi\u1ec7n \u0111\u1ea1i, phong c\u00e1ch,\u0111\u00e1p \u1ee9ng t\u1ed1t nhu c\u1ea7u ng\u01b0\u1eddi d\u00f9ng.<\/p>\n","protected":false},"featured_media":1861,"template":"","meta":[],"class_list":{"0":"post-1862","1":"product","2":"type-product","3":"status-publish","4":"has-post-thumbnail","6":"product_cat-xe-tai-nhe","7":"product_tag-jac-2-tan-5","8":"product_tag-jac-2-5-tan","9":"product_tag-jac-n250s-e5","10":"product_tag-jac-n250s-pro-e5","11":"product_tag-xe-tai-jac-n250s","13":"first","14":"instock","15":"shipping-taxable","16":"product-type-simple"},"yoast_head":"<!-- This site is optimized with the Yoast SEO plugin v23.2 - https:\/\/yoast.com\/wordpress\/plugins\/seo\/ -->\n<title>JAC N250S PRO E5 T\u1ea2I 2.5 T\u1ea4N TH\u00d9NG 4M4 M\u00c1Y CUMMINS -<\/title>\n<meta name=\"description\" content=\"Xe t\u1ea3i Jac N250s e5 l\u00e0 s\u1ea3n ph\u1ea9m m\u1edbi c\u1ee7a Jac Vi\u1ec7t Nam trong n\u0103m 2024 v\u1edbi t\u1ea3i tr\u1ecdng 2.25 t\u1ea5n, ph\u00f9 h\u1ee3p ch\u1ea1y th\u00e0nh ph\u1ed1.H\u1ed7 tr\u1ee3 tr\u1ea3 g\u00f3p to\u00e1n qu\u1ed1c,nhanh g\u1ecdn.\" \/>\n<meta name=\"robots\" content=\"index, follow, max-snippet:-1, max-image-preview:large, max-video-preview:-1\" \/>\n<link rel=\"canonical\" href=\"https:\/\/xetai3s.vn\/?product=jac-n250s-pro-e5-tai-2-5-tan-thung-4m4-may-cummins\" \/>\n<meta property=\"og:locale\" content=\"vi_VN\" \/>\n<meta property=\"og:type\" content=\"article\" \/>\n<meta property=\"og:title\" content=\"JAC N250S PRO E5 T\u1ea2I 2.5 T\u1ea4N TH\u00d9NG 4M4 M\u00c1Y CUMMINS -\" \/>\n<meta property=\"og:description\" content=\"Xe t\u1ea3i Jac N250s e5 l\u00e0 s\u1ea3n ph\u1ea9m m\u1edbi c\u1ee7a Jac Vi\u1ec7t Nam trong n\u0103m 2024 v\u1edbi t\u1ea3i tr\u1ecdng 2.25 t\u1ea5n, ph\u00f9 h\u1ee3p ch\u1ea1y th\u00e0nh ph\u1ed1.H\u1ed7 tr\u1ee3 tr\u1ea3 g\u00f3p to\u00e1n qu\u1ed1c,nhanh g\u1ecdn.\" \/>\n<meta property=\"og:url\" content=\"https:\/\/xetai3s.vn\/?product=jac-n250s-pro-e5-tai-2-5-tan-thung-4m4-may-cummins\" \/>\n<meta property=\"article:modified_time\" content=\"2025-02-17T03:43:30+00:00\" \/>\n<meta property=\"og:image\" content=\"https:\/\/xetai3s.vn\/wp-content\/uploads\/2024\/03\/z5288509022432_a0d4655572827ad9afd46efb6b75eab3_optimized-1.jpg\" \/>\n\t<meta property=\"og:image:width\" content=\"2558\" \/>\n\t<meta property=\"og:image:height\" content=\"1914\" \/>\n\t<meta property=\"og:image:type\" content=\"image\/jpeg\" \/>\n<meta name=\"twitter:card\" content=\"summary_large_image\" \/>\n<meta name=\"twitter:label1\" content=\"Gi\u00e1\" \/>\n\t<meta name=\"twitter:data1\" content=\"\" \/>\n\t<meta name=\"twitter:label2\" content=\"Kh\u1ea3 d\u1ee5ng\" \/>\n\t<meta name=\"twitter:data2\" content=\"Trong kho\" \/>\n<script type=\"application\/ld+json\" class=\"yoast-schema-graph\">{\"@context\":\"https:\/\/schema.org\",\"@graph\":[{\"@type\":\"WebPage\",\"@id\":\"https:\/\/xetai3s.vn\/?product=jac-n250s-pro-e5-tai-2-5-tan-thung-4m4-may-cummins\",\"url\":\"https:\/\/xetai3s.vn\/?product=jac-n250s-pro-e5-tai-2-5-tan-thung-4m4-may-cummins\",\"name\":\"JAC N250S PRO E5 T\u1ea2I 2.5 T\u1ea4N TH\u00d9NG 4M4 M\u00c1Y CUMMINS -\",\"isPartOf\":{\"@id\":\"https:\/\/xetai3s.vn\/#website\"},\"primaryImageOfPage\":{\"@id\":\"https:\/\/xetai3s.vn\/?product=jac-n250s-pro-e5-tai-2-5-tan-thung-4m4-may-cummins#primaryimage\"},\"image\":{\"@id\":\"https:\/\/xetai3s.vn\/?product=jac-n250s-pro-e5-tai-2-5-tan-thung-4m4-may-cummins#primaryimage\"},\"thumbnailUrl\":\"https:\/\/xetai3s.vn\/wp-content\/uploads\/2024\/03\/z5288509022432_a0d4655572827ad9afd46efb6b75eab3_optimized-1.jpg\",\"datePublished\":\"2024-03-28T04:11:56+00:00\",\"dateModified\":\"2025-02-17T03:43:30+00:00\",\"description\":\"Xe t\u1ea3i Jac N250s e5 l\u00e0 s\u1ea3n ph\u1ea9m m\u1edbi c\u1ee7a Jac Vi\u1ec7t Nam trong n\u0103m 2024 v\u1edbi t\u1ea3i tr\u1ecdng 2.25 t\u1ea5n, ph\u00f9 h\u1ee3p ch\u1ea1y th\u00e0nh ph\u1ed1.H\u1ed7 tr\u1ee3 tr\u1ea3 g\u00f3p to\u00e1n qu\u1ed1c,nhanh g\u1ecdn.\",\"breadcrumb\":{\"@id\":\"https:\/\/xetai3s.vn\/?product=jac-n250s-pro-e5-tai-2-5-tan-thung-4m4-may-cummins#breadcrumb\"},\"inLanguage\":\"vi\",\"potentialAction\":[{\"@type\":\"ReadAction\",\"target\":[\"https:\/\/xetai3s.vn\/?product=jac-n250s-pro-e5-tai-2-5-tan-thung-4m4-may-cummins\"]}]},{\"@type\":\"ImageObject\",\"inLanguage\":\"vi\",\"@id\":\"https:\/\/xetai3s.vn\/?product=jac-n250s-pro-e5-tai-2-5-tan-thung-4m4-may-cummins#primaryimage\",\"url\":\"https:\/\/xetai3s.vn\/wp-content\/uploads\/2024\/03\/z5288509022432_a0d4655572827ad9afd46efb6b75eab3_optimized-1.jpg\",\"contentUrl\":\"https:\/\/xetai3s.vn\/wp-content\/uploads\/2024\/03\/z5288509022432_a0d4655572827ad9afd46efb6b75eab3_optimized-1.jpg\",\"width\":2558,\"height\":1914,\"caption\":\"H\u00ecnh \u1ea3nh: JAC N250s\"},{\"@type\":\"BreadcrumbList\",\"@id\":\"https:\/\/xetai3s.vn\/?product=jac-n250s-pro-e5-tai-2-5-tan-thung-4m4-may-cummins#breadcrumb\",\"itemListElement\":[{\"@type\":\"ListItem\",\"position\":1,\"name\":\"Trang ch\u1ee7\",\"item\":\"https:\/\/xetai3s.vn\/\"},{\"@type\":\"ListItem\",\"position\":2,\"name\":\"C\u1eeda h\u00e0ng\",\"item\":\"https:\/\/xetai3s.vn\/?page_id=16\"},{\"@type\":\"ListItem\",\"position\":3,\"name\":\"JAC N250S PRO E5 T\u1ea2I 2.5 T\u1ea4N TH\u00d9NG 4M4 M\u00c1Y CUMMINS\"}]},{\"@type\":\"WebSite\",\"@id\":\"https:\/\/xetai3s.vn\/#website\",\"url\":\"https:\/\/xetai3s.vn\/\",\"name\":\"\",\"description\":\"Xe T\u1ea3i Jac\",\"potentialAction\":[{\"@type\":\"SearchAction\",\"target\":{\"@type\":\"EntryPoint\",\"urlTemplate\":\"https:\/\/xetai3s.vn\/?s={search_term_string}\"},\"query-input\":\"required name=search_term_string\"}],\"inLanguage\":\"vi\"}]}<\/script>\n<meta property=\"product:price:amount\" content=\"0\" \/>\n<meta property=\"product:price:currency\" content=\"VND\" \/>\n<meta property=\"og:availability\" content=\"instock\" \/>\n<meta property=\"product:availability\" content=\"instock\" \/>\n<meta property=\"product:condition\" content=\"new\" \/>\n<!-- \/ Yoast SEO plugin. -->","yoast_head_json":{"title":"JAC N250S PRO E5 T\u1ea2I 2.5 T\u1ea4N TH\u00d9NG 4M4 M\u00c1Y CUMMINS -","description":"Xe t\u1ea3i Jac N250s e5 l\u00e0 s\u1ea3n ph\u1ea9m m\u1edbi c\u1ee7a Jac Vi\u1ec7t Nam trong n\u0103m 2024 v\u1edbi t\u1ea3i tr\u1ecdng 2.25 t\u1ea5n, ph\u00f9 h\u1ee3p ch\u1ea1y th\u00e0nh ph\u1ed1.H\u1ed7 tr\u1ee3 tr\u1ea3 g\u00f3p to\u00e1n qu\u1ed1c,nhanh g\u1ecdn.","robots":{"index":"index","follow":"follow","max-snippet":"max-snippet:-1","max-image-preview":"max-image-preview:large","max-video-preview":"max-video-preview:-1"},"canonical":"https:\/\/xetai3s.vn\/?product=jac-n250s-pro-e5-tai-2-5-tan-thung-4m4-may-cummins","og_locale":"vi_VN","og_type":"article","og_title":"JAC N250S PRO E5 T\u1ea2I 2.5 T\u1ea4N TH\u00d9NG 4M4 M\u00c1Y CUMMINS -","og_description":"Xe t\u1ea3i Jac N250s e5 l\u00e0 s\u1ea3n ph\u1ea9m m\u1edbi c\u1ee7a Jac Vi\u1ec7t Nam trong n\u0103m 2024 v\u1edbi t\u1ea3i tr\u1ecdng 2.25 t\u1ea5n, ph\u00f9 h\u1ee3p ch\u1ea1y th\u00e0nh ph\u1ed1.H\u1ed7 tr\u1ee3 tr\u1ea3 g\u00f3p to\u00e1n qu\u1ed1c,nhanh g\u1ecdn.","og_url":"https:\/\/xetai3s.vn\/?product=jac-n250s-pro-e5-tai-2-5-tan-thung-4m4-may-cummins","article_modified_time":"2025-02-17T03:43:30+00:00","og_image":[{"width":2558,"height":1914,"url":"https:\/\/xetai3s.vn\/wp-content\/uploads\/2024\/03\/z5288509022432_a0d4655572827ad9afd46efb6b75eab3_optimized-1.jpg","type":"image\/jpeg"}],"twitter_card":"summary_large_image","twitter_misc":{"Gi\u00e1":"","Kh\u1ea3 d\u1ee5ng":"Trong kho"},"schema":{"@context":"https:\/\/schema.org","@graph":[{"@type":"WebPage","@id":"https:\/\/xetai3s.vn\/?product=jac-n250s-pro-e5-tai-2-5-tan-thung-4m4-may-cummins","url":"https:\/\/xetai3s.vn\/?product=jac-n250s-pro-e5-tai-2-5-tan-thung-4m4-may-cummins","name":"JAC N250S PRO E5 T\u1ea2I 2.5 T\u1ea4N TH\u00d9NG 4M4 M\u00c1Y CUMMINS -","isPartOf":{"@id":"https:\/\/xetai3s.vn\/#website"},"primaryImageOfPage":{"@id":"https:\/\/xetai3s.vn\/?product=jac-n250s-pro-e5-tai-2-5-tan-thung-4m4-may-cummins#primaryimage"},"image":{"@id":"https:\/\/xetai3s.vn\/?product=jac-n250s-pro-e5-tai-2-5-tan-thung-4m4-may-cummins#primaryimage"},"thumbnailUrl":"https:\/\/xetai3s.vn\/wp-content\/uploads\/2024\/03\/z5288509022432_a0d4655572827ad9afd46efb6b75eab3_optimized-1.jpg","datePublished":"2024-03-28T04:11:56+00:00","dateModified":"2025-02-17T03:43:30+00:00","description":"Xe t\u1ea3i Jac N250s e5 l\u00e0 s\u1ea3n ph\u1ea9m m\u1edbi c\u1ee7a Jac Vi\u1ec7t Nam trong n\u0103m 2024 v\u1edbi t\u1ea3i tr\u1ecdng 2.25 t\u1ea5n, ph\u00f9 h\u1ee3p ch\u1ea1y th\u00e0nh ph\u1ed1.H\u1ed7 tr\u1ee3 tr\u1ea3 g\u00f3p to\u00e1n qu\u1ed1c,nhanh g\u1ecdn.","breadcrumb":{"@id":"https:\/\/xetai3s.vn\/?product=jac-n250s-pro-e5-tai-2-5-tan-thung-4m4-may-cummins#breadcrumb"},"inLanguage":"vi","potentialAction":[{"@type":"ReadAction","target":["https:\/\/xetai3s.vn\/?product=jac-n250s-pro-e5-tai-2-5-tan-thung-4m4-may-cummins"]}]},{"@type":"ImageObject","inLanguage":"vi","@id":"https:\/\/xetai3s.vn\/?product=jac-n250s-pro-e5-tai-2-5-tan-thung-4m4-may-cummins#primaryimage","url":"https:\/\/xetai3s.vn\/wp-content\/uploads\/2024\/03\/z5288509022432_a0d4655572827ad9afd46efb6b75eab3_optimized-1.jpg","contentUrl":"https:\/\/xetai3s.vn\/wp-content\/uploads\/2024\/03\/z5288509022432_a0d4655572827ad9afd46efb6b75eab3_optimized-1.jpg","width":2558,"height":1914,"caption":"H\u00ecnh \u1ea3nh: JAC N250s"},{"@type":"BreadcrumbList","@id":"https:\/\/xetai3s.vn\/?product=jac-n250s-pro-e5-tai-2-5-tan-thung-4m4-may-cummins#breadcrumb","itemListElement":[{"@type":"ListItem","position":1,"name":"Trang ch\u1ee7","item":"https:\/\/xetai3s.vn\/"},{"@type":"ListItem","position":2,"name":"C\u1eeda h\u00e0ng","item":"https:\/\/xetai3s.vn\/?page_id=16"},{"@type":"ListItem","position":3,"name":"JAC N250S PRO E5 T\u1ea2I 2.5 T\u1ea4N TH\u00d9NG 4M4 M\u00c1Y CUMMINS"}]},{"@type":"WebSite","@id":"https:\/\/xetai3s.vn\/#website","url":"https:\/\/xetai3s.vn\/","name":"","description":"Xe T\u1ea3i Jac","potentialAction":[{"@type":"SearchAction","target":{"@type":"EntryPoint","urlTemplate":"https:\/\/xetai3s.vn\/?s={search_term_string}"},"query-input":"required name=search_term_string"}],"inLanguage":"vi"}]},"product_price_currency":"VND","og_availability":"instock","product_availability":"instock","product_condition":"new"},"_links":{"self":[{"href":"https:\/\/xetai3s.vn\/index.php?rest_route=\/wp\/v2\/product\/1862"}],"collection":[{"href":"https:\/\/xetai3s.vn\/index.php?rest_route=\/wp\/v2\/product"}],"about":[{"href":"https:\/\/xetai3s.vn\/index.php?rest_route=\/wp\/v2\/types\/product"}],"wp:featuredmedia":[{"embeddable":true,"href":"https:\/\/xetai3s.vn\/index.php?rest_route=\/wp\/v2\/media\/1861"}],"wp:attachment":[{"href":"https:\/\/xetai3s.vn\/index.php?rest_route=%2Fwp%2Fv2%2Fmedia&parent=1862"}],"curies":[{"name":"wp","href":"https:\/\/api.w.org\/{rel}","templated":true}]}}