{"id":1816,"date":"2024-01-13T09:40:46","date_gmt":"2024-01-13T02:40:46","guid":{"rendered":"https:\/\/xetai3s.vn\/?post_type=product&#038;p=1816"},"modified":"2024-01-13T09:40:47","modified_gmt":"2024-01-13T02:40:47","slug":"phu-tung-xe-tai-jac-chinh-hang","status":"publish","type":"product","link":"https:\/\/xetai3s.vn\/?product=phu-tung-xe-tai-jac-chinh-hang","title":{"rendered":"Ph\u1ee5 t\u00f9ng xe t\u1ea3i Jac ch\u00ednh h\u00e3ng"},"content":{"rendered":"<h1 style=\"text-align: center;\"><strong><span style=\"color: #0000ff;\">Ph\u00e2n ph\u1ed1i ph\u1ee5 t\u00f9ng xe t\u1ea3i Jac ch\u00ednh h\u00e3ng<\/span><\/strong><\/h1>\n<p>&#8220;<strong>Ph\u1ee5 T\u00f9ng Xe T\u1ea3i Jac<\/strong>: \u0110\u1ed1i T\u00e1c \u0110\u00e1ng Tin C\u1eady Cho S\u1ef1 An To\u00e0n v\u00e0 Hi\u1ec7u Su\u1ea5t&#8221;<\/p>\n<p><strong>Xe t\u1ea3i Jac<\/strong> \u0111\u00e3 t\u1eeb l\u00e2u \u0111\u00e3 chi\u1ebfm \u0111\u01b0\u1ee3c l\u00f2ng tin c\u1ee7a ng\u01b0\u1eddi ti\u00eau d\u00f9ng v\u1edbi s\u1ef1 \u1ed5n \u0111\u1ecbnh v\u00e0 hi\u1ec7u su\u1ea5t v\u01b0\u1ee3t tr\u1ed9i. \u0110\u1ec3 duy tr\u00ec v\u00e0 n\u00e2ng cao ch\u1ea5t l\u01b0\u1ee3ng ho\u1ea1t \u0111\u1ed9ng c\u1ee7a xe t\u1ea3i Jac, vi\u1ec7c ch\u1ecdn l\u1ef1a ph\u1ee5 t\u00f9ng ch\u00ednh h\u00e3ng l\u00e0 quan tr\u1ecdng kh\u00f4ng k\u00e9m. <strong>Ph\u1ee5 t\u00f9ng ch\u00ednh h\u00e3ng<\/strong> kh\u00f4ng ch\u1ec9 \u0111\u1ea3m b\u1ea3o an to\u00e0n m\u00e0 c\u00f2n gi\u1eef cho xe t\u1ea3i Jac ho\u1ea1t \u0111\u1ed9ng m\u1ea1nh m\u1ebd v\u00e0 b\u1ec1n b\u1ec9 qua th\u1eddi gian.<\/p>\n<ol>\n<li><strong>Ch\u1ea5t L\u01b0\u1ee3ng \u0110\u1ea3m B\u1ea3o:<\/strong> Ph\u1ee5 t\u00f9ng ch\u00ednh h\u00e3ng c\u1ee7a Jac \u0111\u01b0\u1ee3c s\u1ea3n xu\u1ea5t v\u1edbi quy tr\u00ecnh nghi\u00eam ng\u1eb7t, \u0111\u1ea3m b\u1ea3o ch\u1ea5t l\u01b0\u1ee3ng v\u00e0 tu\u00e2n th\u1ee7 c\u00e1c ti\u00eau chu\u1ea9n an to\u00e0n. Vi\u1ec7c s\u1eed d\u1ee5ng ph\u1ee5 t\u00f9ng ch\u00ednh h\u00e3ng gi\u00fap duy tr\u00ec s\u1ef1 \u1ed5n \u0111\u1ecbnh c\u1ee7a xe, gi\u1ea3m nguy c\u01a1 h\u1ecfng h\u00f3c v\u00e0 \u0111\u1ea3m b\u1ea3o an to\u00e0n khi tham gia giao th\u00f4ng.<\/li>\n<li><strong>Hi\u1ec7u Su\u1ea5t T\u1ed1i \u01afu:<\/strong> Vi\u1ec7c s\u1eed d\u1ee5ng ph\u1ee5 t\u00f9ng ch\u00ednh h\u00e3ng gi\u00fap \u0111\u1ea3m b\u1ea3o hi\u1ec7u su\u1ea5t t\u1ed1i \u01b0u cho xe t\u1ea3i Jac. C\u00e1c linh ki\u1ec7n \u0111\u01b0\u1ee3c thi\u1ebft k\u1ebf v\u00e0 ch\u1ebf t\u1ea1o \u0111\u00fang c\u00e1ch, gi\u00fap t\u1ed1i \u01b0u h\u00f3a c\u00f4ng su\u1ea5t \u0111\u1ed9ng c\u01a1 v\u00e0 ti\u1ebft ki\u1ec7m nhi\u00ean li\u1ec7u. \u0110i\u1ec1u n\u00e0y kh\u00f4ng ch\u1ec9 gi\u00fap ng\u01b0\u1eddi s\u1eed d\u1ee5ng ti\u1ebft ki\u1ec7m chi ph\u00ed m\u00e0 c\u00f2n b\u1ea3o v\u1ec7 m\u00f4i tr\u01b0\u1eddng.<\/li>\n<li><strong>D\u1ecbch V\u1ee5 H\u1ed7 Tr\u1ee3 Kh\u00e1ch H\u00e0ng:<\/strong> H\u1ec7 th\u1ed1ng ph\u00e2n ph\u1ed1i ph\u1ee5 t\u00f9ng ch\u00ednh h\u00e3ng c\u1ee7a Jac th\u01b0\u1eddng \u0111i k\u00e8m v\u1edbi d\u1ecbch v\u1ee5 h\u1ed7 tr\u1ee3 kh\u00e1ch h\u00e0ng chuy\u00ean nghi\u1ec7p. Ng\u01b0\u1eddi s\u1eed d\u1ee5ng c\u00f3 th\u1ec3 d\u1ec5 d\u00e0ng t\u00ecm ki\u1ebfm v\u00e0 mua s\u1eafm c\u00e1c ph\u1ee5 t\u00f9ng c\u1ea7n thi\u1ebft, \u0111\u1ed3ng th\u1eddi nh\u1eadn \u0111\u01b0\u1ee3c s\u1ef1 t\u01b0 v\u1ea5n ch\u1ea5t l\u01b0\u1ee3ng t\u1eeb \u0111\u1ed9i ng\u0169 chuy\u00ean gia.<\/li>\n<li><strong>B\u1ea3o D\u01b0\u1ee1ng D\u1ec5 D\u00e0ng:<\/strong> Vi\u1ec7c b\u1ea3o d\u01b0\u1ee1ng \u0111\u1ecbnh k\u1ef3 v\u00e0 s\u1eed d\u1ee5ng ph\u1ee5 t\u00f9ng ch\u00ednh h\u00e3ng gi\u00fap k\u00e9o d\u00e0i tu\u1ed5i th\u1ecd c\u1ee7a xe t\u1ea3i Jac. C\u00e1c ph\u1ee5 t\u00f9ng \u0111\u01b0\u1ee3c thi\u1ebft k\u1ebf \u0111\u1ec3 d\u1ec5 d\u00e0ng l\u1eafp \u0111\u1eb7t v\u00e0 thay th\u1ebf, gi\u1ea3m thi\u1ec3u th\u1eddi gian c\u1ea7n thi\u1ebft cho qu\u00e1 tr\u00ecnh b\u1ea3o d\u01b0\u1ee1ng.<\/li>\n<li><strong>Cam K\u1ebft An To\u00e0n:<\/strong> Jac cam k\u1ebft cung c\u1ea5p c\u00e1c ph\u1ee5 t\u00f9ng an to\u00e0n v\u00e0 \u0111\u00e1ng tin c\u1eady cho ng\u01b0\u1eddi s\u1eed d\u1ee5ng. Vi\u1ec7c s\u1eed d\u1ee5ng ph\u1ee5 t\u00f9ng kh\u00f4ng ch\u00ednh h\u00e3ng c\u00f3 th\u1ec3 t\u1ea1o ra r\u1ee7i ro cho an to\u00e0n v\u00e0 l\u00e0m gi\u1ea3m gi\u00e1 tr\u1ecb c\u1ee7a xe t\u1ea3i Jac.<\/li>\n<\/ol>\n<p>T\u1ed5ng quan, vi\u1ec7c ch\u1ecdn l\u1ef1a <strong>ph\u1ee5 t\u00f9ng ch\u00ednh h\u00e3ng cho xe t\u1ea3i Jac<\/strong> kh\u00f4ng ch\u1ec9 mang l\u1ea1i s\u1ef1 an to\u00e0n m\u00e0 c\u00f2n \u0111\u1ea3m b\u1ea3o hi\u1ec7u su\u1ea5t v\u00e0 \u0111\u1ed9 b\u1ec1n cho chi\u1ebfc xe. \u0110i\u1ec1u n\u00e0y kh\u00f4ng ch\u1ec9 l\u00e0 l\u1ef1a ch\u1ecdn \u0111\u00fang \u0111\u1eafn m\u00e0 c\u00f2n l\u00e0 \u0111\u1ea7u t\u01b0 v\u00e0o s\u1ef1 an t\u00e2m v\u00e0 h\u00e0i l\u00f2ng c\u1ee7a ng\u01b0\u1eddi s\u1eed d\u1ee5ng.<\/p>\n<figure id=\"attachment_1817\" aria-describedby=\"caption-attachment-1817\" style=\"width: 768px\" class=\"wp-caption aligncenter\"><img loading=\"lazy\" decoding=\"async\" class=\"wp-image-1817 size-large\" title=\"g\u01b0\u01a1ng h\u1ed9p xe t\u1ea3i jac\" src=\"https:\/\/xetai3s.vn\/wp-content\/uploads\/2024\/01\/z5066661458796_7e9b36b916650c1f5f800e2ccdb518ca-768x1024.jpg\" alt=\"\" width=\"768\" height=\"1024\" srcset=\"https:\/\/xetai3s.vn\/wp-content\/uploads\/2024\/01\/z5066661458796_7e9b36b916650c1f5f800e2ccdb518ca-768x1024.jpg 768w, https:\/\/xetai3s.vn\/wp-content\/uploads\/2024\/01\/z5066661458796_7e9b36b916650c1f5f800e2ccdb518ca-225x300.jpg 225w, https:\/\/xetai3s.vn\/wp-content\/uploads\/2024\/01\/z5066661458796_7e9b36b916650c1f5f800e2ccdb518ca-1152x1536.jpg 1152w, https:\/\/xetai3s.vn\/wp-content\/uploads\/2024\/01\/z5066661458796_7e9b36b916650c1f5f800e2ccdb518ca-1536x2048.jpg 1536w, https:\/\/xetai3s.vn\/wp-content\/uploads\/2024\/01\/z5066661458796_7e9b36b916650c1f5f800e2ccdb518ca-1080x1440.jpg 1080w, https:\/\/xetai3s.vn\/wp-content\/uploads\/2024\/01\/z5066661458796_7e9b36b916650c1f5f800e2ccdb518ca.jpg 1920w\" sizes=\"(max-width: 768px) 100vw, 768px\" \/><figcaption id=\"caption-attachment-1817\" class=\"wp-caption-text\">H\u00ecnh \u1ea3nh: g\u01b0\u01a1ng h\u1ed9p xe t\u1ea3i jac<\/dd>\n<dd><\/figcaption><\/figure>\n<figure id=\"attachment_1818\" aria-describedby=\"caption-attachment-1818\" style=\"width: 768px\" class=\"wp-caption aligncenter\"><img loading=\"lazy\" decoding=\"async\" class=\"wp-image-1818 size-large\" title=\"g\u01b0\u01a1ng xe t\u1ea3i jac\" src=\"https:\/\/xetai3s.vn\/wp-content\/uploads\/2024\/01\/z5066661458797_f831c6ef002721c46d3c03be252eb4f2-768x1024.jpg\" alt=\"\" width=\"768\" height=\"1024\" srcset=\"https:\/\/xetai3s.vn\/wp-content\/uploads\/2024\/01\/z5066661458797_f831c6ef002721c46d3c03be252eb4f2-768x1024.jpg 768w, https:\/\/xetai3s.vn\/wp-content\/uploads\/2024\/01\/z5066661458797_f831c6ef002721c46d3c03be252eb4f2-225x300.jpg 225w, https:\/\/xetai3s.vn\/wp-content\/uploads\/2024\/01\/z5066661458797_f831c6ef002721c46d3c03be252eb4f2-1152x1536.jpg 1152w, https:\/\/xetai3s.vn\/wp-content\/uploads\/2024\/01\/z5066661458797_f831c6ef002721c46d3c03be252eb4f2-1536x2048.jpg 1536w, https:\/\/xetai3s.vn\/wp-content\/uploads\/2024\/01\/z5066661458797_f831c6ef002721c46d3c03be252eb4f2-1080x1440.jpg 1080w, https:\/\/xetai3s.vn\/wp-content\/uploads\/2024\/01\/z5066661458797_f831c6ef002721c46d3c03be252eb4f2.jpg 1920w\" sizes=\"(max-width: 768px) 100vw, 768px\" \/><figcaption id=\"caption-attachment-1818\" class=\"wp-caption-text\">H\u00ecnh \u1ea3nh: G\u01b0\u01a1ng h\u1ed9p 2 t\u1ea7ng xe t\u1ea3i jac<\/dd>\n<dd><\/figcaption><\/figure>\n<figure id=\"attachment_1819\" aria-describedby=\"caption-attachment-1819\" style=\"width: 473px\" class=\"wp-caption aligncenter\"><img loading=\"lazy\" decoding=\"async\" class=\"wp-image-1819 size-large\" title=\"l\u1ecdc nh\u1edbt jac n900\" src=\"https:\/\/xetai3s.vn\/wp-content\/uploads\/2024\/01\/z5066661463738_adf554903a567d1f314010782e76fc87-473x1024.jpg\" alt=\"\" width=\"473\" height=\"1024\" srcset=\"https:\/\/xetai3s.vn\/wp-content\/uploads\/2024\/01\/z5066661463738_adf554903a567d1f314010782e76fc87-473x1024.jpg 473w, https:\/\/xetai3s.vn\/wp-content\/uploads\/2024\/01\/z5066661463738_adf554903a567d1f314010782e76fc87-139x300.jpg 139w, https:\/\/xetai3s.vn\/wp-content\/uploads\/2024\/01\/z5066661463738_adf554903a567d1f314010782e76fc87-768x1662.jpg 768w, https:\/\/xetai3s.vn\/wp-content\/uploads\/2024\/01\/z5066661463738_adf554903a567d1f314010782e76fc87-710x1536.jpg 710w, https:\/\/xetai3s.vn\/wp-content\/uploads\/2024\/01\/z5066661463738_adf554903a567d1f314010782e76fc87-947x2048.jpg 947w, https:\/\/xetai3s.vn\/wp-content\/uploads\/2024\/01\/z5066661463738_adf554903a567d1f314010782e76fc87-1080x2337.jpg 1080w, https:\/\/xetai3s.vn\/wp-content\/uploads\/2024\/01\/z5066661463738_adf554903a567d1f314010782e76fc87-scaled.jpg 1183w\" sizes=\"(max-width: 473px) 100vw, 473px\" \/><figcaption id=\"caption-attachment-1819\" class=\"wp-caption-text\">H\u00ecnh \u1ea3nh l\u1ecdc nh\u1edbt jac n900<\/dd>\n<dd><\/figcaption><\/figure>\n<figure id=\"attachment_1820\" aria-describedby=\"caption-attachment-1820\" style=\"width: 473px\" class=\"wp-caption aligncenter\"><img loading=\"lazy\" decoding=\"async\" class=\"wp-image-1820 size-large\" title=\"n\u1eafp d\u1ea7u xe t\u1ea3i jac\" src=\"https:\/\/xetai3s.vn\/wp-content\/uploads\/2024\/01\/z5066661468822_d0f564f11ca60575a42ea4d9f4ae48c3-473x1024.jpg\" alt=\"\" width=\"473\" height=\"1024\" srcset=\"https:\/\/xetai3s.vn\/wp-content\/uploads\/2024\/01\/z5066661468822_d0f564f11ca60575a42ea4d9f4ae48c3-473x1024.jpg 473w, https:\/\/xetai3s.vn\/wp-content\/uploads\/2024\/01\/z5066661468822_d0f564f11ca60575a42ea4d9f4ae48c3-139x300.jpg 139w, https:\/\/xetai3s.vn\/wp-content\/uploads\/2024\/01\/z5066661468822_d0f564f11ca60575a42ea4d9f4ae48c3-768x1662.jpg 768w, https:\/\/xetai3s.vn\/wp-content\/uploads\/2024\/01\/z5066661468822_d0f564f11ca60575a42ea4d9f4ae48c3-710x1536.jpg 710w, https:\/\/xetai3s.vn\/wp-content\/uploads\/2024\/01\/z5066661468822_d0f564f11ca60575a42ea4d9f4ae48c3-947x2048.jpg 947w, https:\/\/xetai3s.vn\/wp-content\/uploads\/2024\/01\/z5066661468822_d0f564f11ca60575a42ea4d9f4ae48c3-1080x2337.jpg 1080w, https:\/\/xetai3s.vn\/wp-content\/uploads\/2024\/01\/z5066661468822_d0f564f11ca60575a42ea4d9f4ae48c3-scaled.jpg 1183w\" sizes=\"(max-width: 473px) 100vw, 473px\" \/><figcaption id=\"caption-attachment-1820\" class=\"wp-caption-text\">H\u00ecnh \u1ea3nh: n\u1eafp kh\u00f3a b\u00ecnh d\u1ea7u xe t\u1ea3i jac<\/figcaption><\/figure>\n<figure id=\"attachment_1825\" aria-describedby=\"caption-attachment-1825\" style=\"width: 473px\" class=\"wp-caption aligncenter\"><img loading=\"lazy\" decoding=\"async\" class=\"wp-image-1825 size-large\" title=\"turbo xe t\u1ea3i jac\" src=\"https:\/\/xetai3s.vn\/wp-content\/uploads\/2024\/01\/z5066661495327_f6a7c17437321470233b92557e0b57e3-473x1024.jpg\" alt=\"\" width=\"473\" height=\"1024\" srcset=\"https:\/\/xetai3s.vn\/wp-content\/uploads\/2024\/01\/z5066661495327_f6a7c17437321470233b92557e0b57e3-473x1024.jpg 473w, https:\/\/xetai3s.vn\/wp-content\/uploads\/2024\/01\/z5066661495327_f6a7c17437321470233b92557e0b57e3-139x300.jpg 139w, https:\/\/xetai3s.vn\/wp-content\/uploads\/2024\/01\/z5066661495327_f6a7c17437321470233b92557e0b57e3-768x1662.jpg 768w, https:\/\/xetai3s.vn\/wp-content\/uploads\/2024\/01\/z5066661495327_f6a7c17437321470233b92557e0b57e3-710x1536.jpg 710w, https:\/\/xetai3s.vn\/wp-content\/uploads\/2024\/01\/z5066661495327_f6a7c17437321470233b92557e0b57e3-947x2048.jpg 947w, https:\/\/xetai3s.vn\/wp-content\/uploads\/2024\/01\/z5066661495327_f6a7c17437321470233b92557e0b57e3-1080x2337.jpg 1080w, https:\/\/xetai3s.vn\/wp-content\/uploads\/2024\/01\/z5066661495327_f6a7c17437321470233b92557e0b57e3-scaled.jpg 1183w\" sizes=\"(max-width: 473px) 100vw, 473px\" \/><figcaption id=\"caption-attachment-1825\" class=\"wp-caption-text\">H\u00ecnh \u1ea3nh: turbo xe t\u1ea3i jac n900 jac n800<\/figcaption><\/figure>\n<figure id=\"attachment_1826\" aria-describedby=\"caption-attachment-1826\" style=\"width: 473px\" class=\"wp-caption aligncenter\"><img loading=\"lazy\" decoding=\"async\" class=\"wp-image-1826 size-large\" title=\"g\u01b0\u01a1ng c\u1ea7u l\u1ed3i xe t\u1ea3i jac n900\" src=\"https:\/\/xetai3s.vn\/wp-content\/uploads\/2024\/01\/z5066661502564_5beeeb1e8c5a9780c43624b656075823-473x1024.jpg\" alt=\"\" width=\"473\" height=\"1024\" srcset=\"https:\/\/xetai3s.vn\/wp-content\/uploads\/2024\/01\/z5066661502564_5beeeb1e8c5a9780c43624b656075823-473x1024.jpg 473w, https:\/\/xetai3s.vn\/wp-content\/uploads\/2024\/01\/z5066661502564_5beeeb1e8c5a9780c43624b656075823-139x300.jpg 139w, https:\/\/xetai3s.vn\/wp-content\/uploads\/2024\/01\/z5066661502564_5beeeb1e8c5a9780c43624b656075823-768x1662.jpg 768w, https:\/\/xetai3s.vn\/wp-content\/uploads\/2024\/01\/z5066661502564_5beeeb1e8c5a9780c43624b656075823-710x1536.jpg 710w, https:\/\/xetai3s.vn\/wp-content\/uploads\/2024\/01\/z5066661502564_5beeeb1e8c5a9780c43624b656075823-947x2048.jpg 947w, https:\/\/xetai3s.vn\/wp-content\/uploads\/2024\/01\/z5066661502564_5beeeb1e8c5a9780c43624b656075823-1080x2337.jpg 1080w, https:\/\/xetai3s.vn\/wp-content\/uploads\/2024\/01\/z5066661502564_5beeeb1e8c5a9780c43624b656075823-scaled.jpg 1183w\" sizes=\"(max-width: 473px) 100vw, 473px\" \/><figcaption id=\"caption-attachment-1826\" class=\"wp-caption-text\">H\u00ecnh \u1ea3nh: g\u01b0\u01a1ng c\u1ea7u l\u1ed3i xe jac n900<\/figcaption><\/figure>\n<figure id=\"attachment_1821\" aria-describedby=\"caption-attachment-1821\" style=\"width: 473px\" class=\"wp-caption aligncenter\"><img loading=\"lazy\" decoding=\"async\" class=\"wp-image-1821 size-large\" title=\"m\u1eb7t galang xe jac n200s, jac n350s\" src=\"https:\/\/xetai3s.vn\/wp-content\/uploads\/2024\/01\/z5066661471534_f2fdb9cb73c4f201634a4dfe192f7c50-473x1024.jpg\" alt=\"\" width=\"473\" height=\"1024\" srcset=\"https:\/\/xetai3s.vn\/wp-content\/uploads\/2024\/01\/z5066661471534_f2fdb9cb73c4f201634a4dfe192f7c50-473x1024.jpg 473w, https:\/\/xetai3s.vn\/wp-content\/uploads\/2024\/01\/z5066661471534_f2fdb9cb73c4f201634a4dfe192f7c50-139x300.jpg 139w, https:\/\/xetai3s.vn\/wp-content\/uploads\/2024\/01\/z5066661471534_f2fdb9cb73c4f201634a4dfe192f7c50-768x1662.jpg 768w, https:\/\/xetai3s.vn\/wp-content\/uploads\/2024\/01\/z5066661471534_f2fdb9cb73c4f201634a4dfe192f7c50-710x1536.jpg 710w, https:\/\/xetai3s.vn\/wp-content\/uploads\/2024\/01\/z5066661471534_f2fdb9cb73c4f201634a4dfe192f7c50-947x2048.jpg 947w, https:\/\/xetai3s.vn\/wp-content\/uploads\/2024\/01\/z5066661471534_f2fdb9cb73c4f201634a4dfe192f7c50-1080x2337.jpg 1080w, https:\/\/xetai3s.vn\/wp-content\/uploads\/2024\/01\/z5066661471534_f2fdb9cb73c4f201634a4dfe192f7c50-scaled.jpg 1183w\" sizes=\"(max-width: 473px) 100vw, 473px\" \/><figcaption id=\"caption-attachment-1821\" class=\"wp-caption-text\">H\u00ecnh \u1ea3nh: m\u1eb7t galang jac n200s, jac n350s<\/figcaption><\/figure>\n<p>Q\u00fay kh\u00e1ch h\u00e0ng c\u00f3 nhu c\u1ea7u mua ph\u1ee5 t\u00f9ng xe t\u1ea3i jac li\u00ean h\u1ec7 v\u1edbi ch\u00fang t\u00f4i qua hotline 0902.904.964, Ch\u00fang t\u00f4i lu\u00f4n c\u0169ng c\u1ea5p ph\u1ee5 t\u00f9ng xe t\u1ea3i jac Ch\u00ednh h\u00e3ng, gi\u00e1 c\u1ea3 ph\u1ea3i ch\u0103ng.<\/p>\n","protected":false},"excerpt":{"rendered":"<p>Ch\u00fang t\u00f4i lu\u00f4n c\u0169ng c\u1ea5p v\u00e0 ph\u00e2n ph\u1ed1i xe t\u1ea3i jac v\u00e0 ph\u1ee5 t\u00f9ng xe t\u1ea3i jac ch\u00ednh h\u00e3ng, gi\u00e1 r\u1ebb.<\/p>\n","protected":false},"featured_media":1817,"template":"","meta":[],"class_list":{"0":"post-1816","1":"product","2":"type-product","3":"status-publish","4":"has-post-thumbnail","6":"product_cat-phu-tung","7":"product_tag-phu-tung-jac","8":"product_tag-phu-tung-xe-jac","9":"product_tag-phu-tung-xe-tai-jac","10":"product_tag-phu-tung-xe-tai-jac-chinh-hang","12":"first","13":"instock","14":"shipping-taxable","15":"product-type-simple"},"yoast_head":"<!-- This site is optimized with the Yoast SEO plugin v23.2 - https:\/\/yoast.com\/wordpress\/plugins\/seo\/ -->\n<title>Ph\u1ee5 t\u00f9ng xe t\u1ea3i Jac ch\u00ednh h\u00e3ng -<\/title>\n<meta name=\"robots\" content=\"index, follow, max-snippet:-1, max-image-preview:large, max-video-preview:-1\" \/>\n<link rel=\"canonical\" href=\"https:\/\/xetai3s.vn\/?product=phu-tung-xe-tai-jac-chinh-hang\" \/>\n<meta property=\"og:locale\" content=\"vi_VN\" \/>\n<meta property=\"og:type\" content=\"article\" \/>\n<meta property=\"og:title\" content=\"Ph\u1ee5 t\u00f9ng xe t\u1ea3i Jac ch\u00ednh h\u00e3ng -\" \/>\n<meta property=\"og:description\" content=\"Ch\u00fang t\u00f4i lu\u00f4n c\u0169ng c\u1ea5p v\u00e0 ph\u00e2n ph\u1ed1i xe t\u1ea3i jac v\u00e0 ph\u1ee5 t\u00f9ng xe t\u1ea3i jac ch\u00ednh h\u00e3ng, gi\u00e1 r\u1ebb.\" \/>\n<meta property=\"og:url\" content=\"https:\/\/xetai3s.vn\/?product=phu-tung-xe-tai-jac-chinh-hang\" \/>\n<meta property=\"article:modified_time\" content=\"2024-01-13T02:40:47+00:00\" \/>\n<meta property=\"og:image\" content=\"https:\/\/xetai3s.vn\/wp-content\/uploads\/2024\/01\/z5066661458796_7e9b36b916650c1f5f800e2ccdb518ca.jpg\" \/>\n\t<meta property=\"og:image:width\" content=\"1920\" \/>\n\t<meta property=\"og:image:height\" content=\"2560\" \/>\n\t<meta property=\"og:image:type\" content=\"image\/jpeg\" \/>\n<meta name=\"twitter:card\" content=\"summary_large_image\" \/>\n<meta name=\"twitter:label1\" content=\"Gi\u00e1\" \/>\n\t<meta name=\"twitter:data1\" content=\"\" \/>\n\t<meta name=\"twitter:label2\" content=\"Kh\u1ea3 d\u1ee5ng\" \/>\n\t<meta name=\"twitter:data2\" content=\"Trong kho\" \/>\n<script type=\"application\/ld+json\" class=\"yoast-schema-graph\">{\"@context\":\"https:\/\/schema.org\",\"@graph\":[{\"@type\":\"WebPage\",\"@id\":\"https:\/\/xetai3s.vn\/?product=phu-tung-xe-tai-jac-chinh-hang\",\"url\":\"https:\/\/xetai3s.vn\/?product=phu-tung-xe-tai-jac-chinh-hang\",\"name\":\"Ph\u1ee5 t\u00f9ng xe t\u1ea3i Jac ch\u00ednh h\u00e3ng -\",\"isPartOf\":{\"@id\":\"https:\/\/xetai3s.vn\/#website\"},\"primaryImageOfPage\":{\"@id\":\"https:\/\/xetai3s.vn\/?product=phu-tung-xe-tai-jac-chinh-hang#primaryimage\"},\"image\":{\"@id\":\"https:\/\/xetai3s.vn\/?product=phu-tung-xe-tai-jac-chinh-hang#primaryimage\"},\"thumbnailUrl\":\"https:\/\/xetai3s.vn\/wp-content\/uploads\/2024\/01\/z5066661458796_7e9b36b916650c1f5f800e2ccdb518ca.jpg\",\"datePublished\":\"2024-01-13T02:40:46+00:00\",\"dateModified\":\"2024-01-13T02:40:47+00:00\",\"breadcrumb\":{\"@id\":\"https:\/\/xetai3s.vn\/?product=phu-tung-xe-tai-jac-chinh-hang#breadcrumb\"},\"inLanguage\":\"vi\",\"potentialAction\":[{\"@type\":\"ReadAction\",\"target\":[\"https:\/\/xetai3s.vn\/?product=phu-tung-xe-tai-jac-chinh-hang\"]}]},{\"@type\":\"ImageObject\",\"inLanguage\":\"vi\",\"@id\":\"https:\/\/xetai3s.vn\/?product=phu-tung-xe-tai-jac-chinh-hang#primaryimage\",\"url\":\"https:\/\/xetai3s.vn\/wp-content\/uploads\/2024\/01\/z5066661458796_7e9b36b916650c1f5f800e2ccdb518ca.jpg\",\"contentUrl\":\"https:\/\/xetai3s.vn\/wp-content\/uploads\/2024\/01\/z5066661458796_7e9b36b916650c1f5f800e2ccdb518ca.jpg\",\"width\":1920,\"height\":2560},{\"@type\":\"BreadcrumbList\",\"@id\":\"https:\/\/xetai3s.vn\/?product=phu-tung-xe-tai-jac-chinh-hang#breadcrumb\",\"itemListElement\":[{\"@type\":\"ListItem\",\"position\":1,\"name\":\"Trang ch\u1ee7\",\"item\":\"https:\/\/xetai3s.vn\/\"},{\"@type\":\"ListItem\",\"position\":2,\"name\":\"C\u1eeda h\u00e0ng\",\"item\":\"https:\/\/xetai3s.vn\/?page_id=16\"},{\"@type\":\"ListItem\",\"position\":3,\"name\":\"Ph\u1ee5 t\u00f9ng xe t\u1ea3i Jac ch\u00ednh h\u00e3ng\"}]},{\"@type\":\"WebSite\",\"@id\":\"https:\/\/xetai3s.vn\/#website\",\"url\":\"https:\/\/xetai3s.vn\/\",\"name\":\"\",\"description\":\"Xe T\u1ea3i Jac\",\"potentialAction\":[{\"@type\":\"SearchAction\",\"target\":{\"@type\":\"EntryPoint\",\"urlTemplate\":\"https:\/\/xetai3s.vn\/?s={search_term_string}\"},\"query-input\":\"required name=search_term_string\"}],\"inLanguage\":\"vi\"}]}<\/script>\n<meta property=\"product:price:amount\" content=\"0\" \/>\n<meta property=\"product:price:currency\" content=\"VND\" \/>\n<meta property=\"og:availability\" content=\"instock\" \/>\n<meta property=\"product:availability\" content=\"instock\" \/>\n<meta property=\"product:condition\" content=\"new\" \/>\n<!-- \/ Yoast SEO plugin. -->","yoast_head_json":{"title":"Ph\u1ee5 t\u00f9ng xe t\u1ea3i Jac ch\u00ednh h\u00e3ng -","robots":{"index":"index","follow":"follow","max-snippet":"max-snippet:-1","max-image-preview":"max-image-preview:large","max-video-preview":"max-video-preview:-1"},"canonical":"https:\/\/xetai3s.vn\/?product=phu-tung-xe-tai-jac-chinh-hang","og_locale":"vi_VN","og_type":"article","og_title":"Ph\u1ee5 t\u00f9ng xe t\u1ea3i Jac ch\u00ednh h\u00e3ng -","og_description":"Ch\u00fang t\u00f4i lu\u00f4n c\u0169ng c\u1ea5p v\u00e0 ph\u00e2n ph\u1ed1i xe t\u1ea3i jac v\u00e0 ph\u1ee5 t\u00f9ng xe t\u1ea3i jac ch\u00ednh h\u00e3ng, gi\u00e1 r\u1ebb.","og_url":"https:\/\/xetai3s.vn\/?product=phu-tung-xe-tai-jac-chinh-hang","article_modified_time":"2024-01-13T02:40:47+00:00","og_image":[{"width":1920,"height":2560,"url":"https:\/\/xetai3s.vn\/wp-content\/uploads\/2024\/01\/z5066661458796_7e9b36b916650c1f5f800e2ccdb518ca.jpg","type":"image\/jpeg"}],"twitter_card":"summary_large_image","twitter_misc":{"Gi\u00e1":"","Kh\u1ea3 d\u1ee5ng":"Trong kho"},"schema":{"@context":"https:\/\/schema.org","@graph":[{"@type":"WebPage","@id":"https:\/\/xetai3s.vn\/?product=phu-tung-xe-tai-jac-chinh-hang","url":"https:\/\/xetai3s.vn\/?product=phu-tung-xe-tai-jac-chinh-hang","name":"Ph\u1ee5 t\u00f9ng xe t\u1ea3i Jac ch\u00ednh h\u00e3ng -","isPartOf":{"@id":"https:\/\/xetai3s.vn\/#website"},"primaryImageOfPage":{"@id":"https:\/\/xetai3s.vn\/?product=phu-tung-xe-tai-jac-chinh-hang#primaryimage"},"image":{"@id":"https:\/\/xetai3s.vn\/?product=phu-tung-xe-tai-jac-chinh-hang#primaryimage"},"thumbnailUrl":"https:\/\/xetai3s.vn\/wp-content\/uploads\/2024\/01\/z5066661458796_7e9b36b916650c1f5f800e2ccdb518ca.jpg","datePublished":"2024-01-13T02:40:46+00:00","dateModified":"2024-01-13T02:40:47+00:00","breadcrumb":{"@id":"https:\/\/xetai3s.vn\/?product=phu-tung-xe-tai-jac-chinh-hang#breadcrumb"},"inLanguage":"vi","potentialAction":[{"@type":"ReadAction","target":["https:\/\/xetai3s.vn\/?product=phu-tung-xe-tai-jac-chinh-hang"]}]},{"@type":"ImageObject","inLanguage":"vi","@id":"https:\/\/xetai3s.vn\/?product=phu-tung-xe-tai-jac-chinh-hang#primaryimage","url":"https:\/\/xetai3s.vn\/wp-content\/uploads\/2024\/01\/z5066661458796_7e9b36b916650c1f5f800e2ccdb518ca.jpg","contentUrl":"https:\/\/xetai3s.vn\/wp-content\/uploads\/2024\/01\/z5066661458796_7e9b36b916650c1f5f800e2ccdb518ca.jpg","width":1920,"height":2560},{"@type":"BreadcrumbList","@id":"https:\/\/xetai3s.vn\/?product=phu-tung-xe-tai-jac-chinh-hang#breadcrumb","itemListElement":[{"@type":"ListItem","position":1,"name":"Trang ch\u1ee7","item":"https:\/\/xetai3s.vn\/"},{"@type":"ListItem","position":2,"name":"C\u1eeda h\u00e0ng","item":"https:\/\/xetai3s.vn\/?page_id=16"},{"@type":"ListItem","position":3,"name":"Ph\u1ee5 t\u00f9ng xe t\u1ea3i Jac ch\u00ednh h\u00e3ng"}]},{"@type":"WebSite","@id":"https:\/\/xetai3s.vn\/#website","url":"https:\/\/xetai3s.vn\/","name":"","description":"Xe T\u1ea3i Jac","potentialAction":[{"@type":"SearchAction","target":{"@type":"EntryPoint","urlTemplate":"https:\/\/xetai3s.vn\/?s={search_term_string}"},"query-input":"required name=search_term_string"}],"inLanguage":"vi"}]},"product_price_currency":"VND","og_availability":"instock","product_availability":"instock","product_condition":"new"},"_links":{"self":[{"href":"https:\/\/xetai3s.vn\/index.php?rest_route=\/wp\/v2\/product\/1816"}],"collection":[{"href":"https:\/\/xetai3s.vn\/index.php?rest_route=\/wp\/v2\/product"}],"about":[{"href":"https:\/\/xetai3s.vn\/index.php?rest_route=\/wp\/v2\/types\/product"}],"wp:featuredmedia":[{"embeddable":true,"href":"https:\/\/xetai3s.vn\/index.php?rest_route=\/wp\/v2\/media\/1817"}],"wp:attachment":[{"href":"https:\/\/xetai3s.vn\/index.php?rest_route=%2Fwp%2Fv2%2Fmedia&parent=1816"}],"curies":[{"name":"wp","href":"https:\/\/api.w.org\/{rel}","templated":true}]}}