{"id":1798,"date":"2023-12-27T10:53:54","date_gmt":"2023-12-27T03:53:54","guid":{"rendered":"https:\/\/xetai3s.vn\/?post_type=product&#038;p=1798"},"modified":"2023-12-27T10:53:55","modified_gmt":"2023-12-27T03:53:55","slug":"ban-xe-tai-jac-n900-chay-40-000km-xe-con-depdang-ki-2022-con-bao-hanh-3-nam","status":"publish","type":"product","link":"https:\/\/xetai3s.vn\/?product=ban-xe-tai-jac-n900-chay-40-000km-xe-con-depdang-ki-2022-con-bao-hanh-3-nam","title":{"rendered":"B\u00e1n xe t\u1ea3i Jac N900 ch\u1ea1y 40.000km xe c\u00f2n \u0111\u1eb9p,\u0111\u0103ng k\u00ed 2022 c\u00f2n b\u1ea3o h\u00e0nh 3 n\u0103m"},"content":{"rendered":"<h1><strong><span style=\"color: #0000ff;\">B\u00e1n xe t\u1ea3i Jac N900 ch\u1ea1y 40.000km xe c\u00f2n \u0111\u1eb9p,\u0111\u0103ng k\u00ed 2022 c\u00f2n b\u1ea3o h\u00e0nh 3 n\u0103m<\/span><\/strong><\/h1>\n<figure id=\"attachment_1800\" aria-describedby=\"caption-attachment-1800\" style=\"width: 940px\" class=\"wp-caption aligncenter\"><img loading=\"lazy\" decoding=\"async\" class=\"size-full wp-image-1800\" src=\"https:\/\/xetai3s.vn\/wp-content\/uploads\/2023\/12\/z5001551077509_cf4a1278dd145447200a21fe9799e6bc-1.jpg\" alt=\"\" width=\"940\" height=\"788\" srcset=\"https:\/\/xetai3s.vn\/wp-content\/uploads\/2023\/12\/z5001551077509_cf4a1278dd145447200a21fe9799e6bc-1.jpg 940w, https:\/\/xetai3s.vn\/wp-content\/uploads\/2023\/12\/z5001551077509_cf4a1278dd145447200a21fe9799e6bc-1-300x251.jpg 300w, https:\/\/xetai3s.vn\/wp-content\/uploads\/2023\/12\/z5001551077509_cf4a1278dd145447200a21fe9799e6bc-1-768x644.jpg 768w\" sizes=\"(max-width: 940px) 100vw, 940px\" \/><figcaption id=\"caption-attachment-1800\" class=\"wp-caption-text\">H\u00ecnh \u1ea3nh: Jac n900 l\u01b0\u1edbt<\/figcaption><\/figure>\n<figure id=\"attachment_1801\" aria-describedby=\"caption-attachment-1801\" style=\"width: 940px\" class=\"wp-caption aligncenter\"><img loading=\"lazy\" decoding=\"async\" class=\"size-full wp-image-1801\" src=\"https:\/\/xetai3s.vn\/wp-content\/uploads\/2023\/12\/z5001551111909_8fc92fa4b14e3ad18715e33f0b5fd40b.jpg\" alt=\"\" width=\"940\" height=\"788\" srcset=\"https:\/\/xetai3s.vn\/wp-content\/uploads\/2023\/12\/z5001551111909_8fc92fa4b14e3ad18715e33f0b5fd40b.jpg 940w, https:\/\/xetai3s.vn\/wp-content\/uploads\/2023\/12\/z5001551111909_8fc92fa4b14e3ad18715e33f0b5fd40b-300x251.jpg 300w, https:\/\/xetai3s.vn\/wp-content\/uploads\/2023\/12\/z5001551111909_8fc92fa4b14e3ad18715e33f0b5fd40b-768x644.jpg 768w\" sizes=\"(max-width: 940px) 100vw, 940px\" \/><figcaption id=\"caption-attachment-1801\" class=\"wp-caption-text\">H\u00ecnh \u1ea3nh: xe t\u1ea3i jac n900 c\u0169<\/figcaption><\/figure>\n<figure id=\"attachment_1802\" aria-describedby=\"caption-attachment-1802\" style=\"width: 940px\" class=\"wp-caption aligncenter\"><img loading=\"lazy\" decoding=\"async\" class=\"wp-image-1802 size-full\" src=\"https:\/\/xetai3s.vn\/wp-content\/uploads\/2023\/12\/z5001551134628_803762f57160e97bfa9057bee8ac646e.jpg\" alt=\"\" width=\"940\" height=\"788\" srcset=\"https:\/\/xetai3s.vn\/wp-content\/uploads\/2023\/12\/z5001551134628_803762f57160e97bfa9057bee8ac646e.jpg 940w, https:\/\/xetai3s.vn\/wp-content\/uploads\/2023\/12\/z5001551134628_803762f57160e97bfa9057bee8ac646e-300x251.jpg 300w, https:\/\/xetai3s.vn\/wp-content\/uploads\/2023\/12\/z5001551134628_803762f57160e97bfa9057bee8ac646e-768x644.jpg 768w\" sizes=\"(max-width: 940px) 100vw, 940px\" \/><figcaption id=\"caption-attachment-1802\" class=\"wp-caption-text\">H\u00ecnh \u1ea3nh: cabin xe jac n900<\/dd>\n<dd><\/figcaption><\/figure>\n<figure id=\"attachment_1803\" aria-describedby=\"caption-attachment-1803\" style=\"width: 940px\" class=\"wp-caption aligncenter\"><img loading=\"lazy\" decoding=\"async\" class=\"size-full wp-image-1803\" src=\"https:\/\/xetai3s.vn\/wp-content\/uploads\/2023\/12\/z5001551199416_b2dcf824446e690f734da8cfe92e2f32.jpg\" alt=\"\" width=\"940\" height=\"788\" srcset=\"https:\/\/xetai3s.vn\/wp-content\/uploads\/2023\/12\/z5001551199416_b2dcf824446e690f734da8cfe92e2f32.jpg 940w, https:\/\/xetai3s.vn\/wp-content\/uploads\/2023\/12\/z5001551199416_b2dcf824446e690f734da8cfe92e2f32-300x251.jpg 300w, https:\/\/xetai3s.vn\/wp-content\/uploads\/2023\/12\/z5001551199416_b2dcf824446e690f734da8cfe92e2f32-768x644.jpg 768w\" sizes=\"(max-width: 940px) 100vw, 940px\" \/><figcaption id=\"caption-attachment-1803\" class=\"wp-caption-text\">H\u00ecnh \u1ea3nh: \u0111\u1ed3ng h\u1ed3 xe jac n900<\/figcaption><\/figure>\n<figure id=\"attachment_1804\" aria-describedby=\"caption-attachment-1804\" style=\"width: 940px\" class=\"wp-caption aligncenter\"><img loading=\"lazy\" decoding=\"async\" class=\"size-full wp-image-1804\" src=\"https:\/\/xetai3s.vn\/wp-content\/uploads\/2023\/12\/z5001551232310_ed631a6a485a61fb520f23819e2dd5f8.jpg\" alt=\"\" width=\"940\" height=\"788\" srcset=\"https:\/\/xetai3s.vn\/wp-content\/uploads\/2023\/12\/z5001551232310_ed631a6a485a61fb520f23819e2dd5f8.jpg 940w, https:\/\/xetai3s.vn\/wp-content\/uploads\/2023\/12\/z5001551232310_ed631a6a485a61fb520f23819e2dd5f8-300x251.jpg 300w, https:\/\/xetai3s.vn\/wp-content\/uploads\/2023\/12\/z5001551232310_ed631a6a485a61fb520f23819e2dd5f8-768x644.jpg 768w\" sizes=\"(max-width: 940px) 100vw, 940px\" \/><figcaption id=\"caption-attachment-1804\" class=\"wp-caption-text\">H\u00ecnh \u1ea3nh: xe \u0111\u1ed9ng c\u01a1 xe jac n900<\/figcaption><\/figure>\n<figure id=\"attachment_1805\" aria-describedby=\"caption-attachment-1805\" style=\"width: 940px\" class=\"wp-caption aligncenter\"><img loading=\"lazy\" decoding=\"async\" class=\"size-full wp-image-1805\" src=\"https:\/\/xetai3s.vn\/wp-content\/uploads\/2023\/12\/z5001551269964_4e319b7f8a3066f60685677c804ed237.jpg\" alt=\"\" width=\"940\" height=\"788\" srcset=\"https:\/\/xetai3s.vn\/wp-content\/uploads\/2023\/12\/z5001551269964_4e319b7f8a3066f60685677c804ed237.jpg 940w, https:\/\/xetai3s.vn\/wp-content\/uploads\/2023\/12\/z5001551269964_4e319b7f8a3066f60685677c804ed237-300x251.jpg 300w, https:\/\/xetai3s.vn\/wp-content\/uploads\/2023\/12\/z5001551269964_4e319b7f8a3066f60685677c804ed237-768x644.jpg 768w\" sizes=\"(max-width: 940px) 100vw, 940px\" \/><figcaption id=\"caption-attachment-1805\" class=\"wp-caption-text\">H\u00ecnh \u1ea3nh: khung g\u1ea7m xe jac n900<\/figcaption><\/figure>\n<figure id=\"attachment_1806\" aria-describedby=\"caption-attachment-1806\" style=\"width: 618px\" class=\"wp-caption alignleft\"><img loading=\"lazy\" decoding=\"async\" class=\"wp-image-1806 size-large\" src=\"https:\/\/xetai3s.vn\/wp-content\/uploads\/2023\/12\/z5001551036352_36f5a205a67016cac6fff7f85e8480d5-618x1024.jpg\" alt=\"\" width=\"618\" height=\"1024\" srcset=\"https:\/\/xetai3s.vn\/wp-content\/uploads\/2023\/12\/z5001551036352_36f5a205a67016cac6fff7f85e8480d5-618x1024.jpg 618w, https:\/\/xetai3s.vn\/wp-content\/uploads\/2023\/12\/z5001551036352_36f5a205a67016cac6fff7f85e8480d5-181x300.jpg 181w, https:\/\/xetai3s.vn\/wp-content\/uploads\/2023\/12\/z5001551036352_36f5a205a67016cac6fff7f85e8480d5-768x1273.jpg 768w, https:\/\/xetai3s.vn\/wp-content\/uploads\/2023\/12\/z5001551036352_36f5a205a67016cac6fff7f85e8480d5.jpg 772w\" sizes=\"(max-width: 618px) 100vw, 618px\" \/><figcaption id=\"caption-attachment-1806\" class=\"wp-caption-text\">H\u00ecnh \u1ea3nh: s\u1ed5 \u0111\u0103ng ki\u1ec3m xe jac n900 c\u0169<\/figcaption><\/figure>\n<p>sdsda<\/p>\n<p>&nbsp;<\/p>\n<p>Q<\/p>\n","protected":false},"excerpt":{"rendered":"<p>Q\u00fay anh ch\u1ecb c\u00f3 nhu c\u1ea7u <strong>xe t\u1ea3i jac n900<\/strong> 9 t\u1ea5n 1 l\u01b0\u1edbt li\u00ean h\u1ec7 hotline 0902.904.964 g\u1eb7p e S\u01a1n Jac (xem xe thu\u1eadn an,b\u00ecnh d\u01b0\u01a1ng)<\/p>\n","protected":false},"featured_media":1799,"template":"","meta":[],"class_list":{"0":"post-1798","1":"product","2":"type-product","3":"status-publish","4":"has-post-thumbnail","6":"product_cat-xe-tai-cu","7":"product_tag-jac-binh-duong","8":"product_tag-jac-n900","9":"product_tag-jac-n900-thung-bat","10":"product_tag-xe-jac-cu","11":"product_tag-xe-jac-n900-luot","12":"product_tag-xe-tai-jac","13":"product_tag-xe-tai-jac-n900-cu","15":"first","16":"instock","17":"shipping-taxable","18":"product-type-simple"},"yoast_head":"<!-- This site is optimized with the Yoast SEO plugin v23.2 - https:\/\/yoast.com\/wordpress\/plugins\/seo\/ -->\n<title>B\u00e1n xe t\u1ea3i Jac N900 ch\u1ea1y 40.000km xe c\u00f2n \u0111\u1eb9p,\u0111\u0103ng k\u00ed 2022 c\u00f2n b\u1ea3o h\u00e0nh 3 n\u0103m -<\/title>\n<meta name=\"robots\" content=\"index, follow, max-snippet:-1, max-image-preview:large, max-video-preview:-1\" \/>\n<link rel=\"canonical\" href=\"https:\/\/xetai3s.vn\/?product=ban-xe-tai-jac-n900-chay-40-000km-xe-con-depdang-ki-2022-con-bao-hanh-3-nam\" \/>\n<meta property=\"og:locale\" content=\"vi_VN\" \/>\n<meta property=\"og:type\" content=\"article\" \/>\n<meta property=\"og:title\" content=\"B\u00e1n xe t\u1ea3i Jac N900 ch\u1ea1y 40.000km xe c\u00f2n \u0111\u1eb9p,\u0111\u0103ng k\u00ed 2022 c\u00f2n b\u1ea3o h\u00e0nh 3 n\u0103m -\" \/>\n<meta property=\"og:description\" content=\"Q\u00fay anh ch\u1ecb c\u00f3 nhu c\u1ea7u xe t\u1ea3i jac n900 9 t\u1ea5n 1 l\u01b0\u1edbt li\u00ean h\u1ec7 hotline 0902.904.964 g\u1eb7p e S\u01a1n Jac (xem xe thu\u1eadn an,b\u00ecnh d\u01b0\u01a1ng)\" \/>\n<meta property=\"og:url\" content=\"https:\/\/xetai3s.vn\/?product=ban-xe-tai-jac-n900-chay-40-000km-xe-con-depdang-ki-2022-con-bao-hanh-3-nam\" \/>\n<meta property=\"article:modified_time\" content=\"2023-12-27T03:53:55+00:00\" \/>\n<meta property=\"og:image\" content=\"https:\/\/xetai3s.vn\/wp-content\/uploads\/2023\/12\/z5001551077509_cf4a1278dd145447200a21fe9799e6bc.jpg\" \/>\n\t<meta property=\"og:image:width\" content=\"940\" \/>\n\t<meta property=\"og:image:height\" content=\"788\" \/>\n\t<meta property=\"og:image:type\" content=\"image\/jpeg\" \/>\n<meta name=\"twitter:card\" content=\"summary_large_image\" \/>\n<meta name=\"twitter:label1\" content=\"Gi\u00e1\" \/>\n\t<meta name=\"twitter:data1\" content=\"\" \/>\n\t<meta name=\"twitter:label2\" content=\"Kh\u1ea3 d\u1ee5ng\" \/>\n\t<meta name=\"twitter:data2\" content=\"Trong kho\" \/>\n<script type=\"application\/ld+json\" class=\"yoast-schema-graph\">{\"@context\":\"https:\/\/schema.org\",\"@graph\":[{\"@type\":\"WebPage\",\"@id\":\"https:\/\/xetai3s.vn\/?product=ban-xe-tai-jac-n900-chay-40-000km-xe-con-depdang-ki-2022-con-bao-hanh-3-nam\",\"url\":\"https:\/\/xetai3s.vn\/?product=ban-xe-tai-jac-n900-chay-40-000km-xe-con-depdang-ki-2022-con-bao-hanh-3-nam\",\"name\":\"B\u00e1n xe t\u1ea3i Jac N900 ch\u1ea1y 40.000km xe c\u00f2n \u0111\u1eb9p,\u0111\u0103ng k\u00ed 2022 c\u00f2n b\u1ea3o h\u00e0nh 3 n\u0103m -\",\"isPartOf\":{\"@id\":\"https:\/\/xetai3s.vn\/#website\"},\"primaryImageOfPage\":{\"@id\":\"https:\/\/xetai3s.vn\/?product=ban-xe-tai-jac-n900-chay-40-000km-xe-con-depdang-ki-2022-con-bao-hanh-3-nam#primaryimage\"},\"image\":{\"@id\":\"https:\/\/xetai3s.vn\/?product=ban-xe-tai-jac-n900-chay-40-000km-xe-con-depdang-ki-2022-con-bao-hanh-3-nam#primaryimage\"},\"thumbnailUrl\":\"https:\/\/xetai3s.vn\/wp-content\/uploads\/2023\/12\/z5001551077509_cf4a1278dd145447200a21fe9799e6bc.jpg\",\"datePublished\":\"2023-12-27T03:53:54+00:00\",\"dateModified\":\"2023-12-27T03:53:55+00:00\",\"breadcrumb\":{\"@id\":\"https:\/\/xetai3s.vn\/?product=ban-xe-tai-jac-n900-chay-40-000km-xe-con-depdang-ki-2022-con-bao-hanh-3-nam#breadcrumb\"},\"inLanguage\":\"vi\",\"potentialAction\":[{\"@type\":\"ReadAction\",\"target\":[\"https:\/\/xetai3s.vn\/?product=ban-xe-tai-jac-n900-chay-40-000km-xe-con-depdang-ki-2022-con-bao-hanh-3-nam\"]}]},{\"@type\":\"ImageObject\",\"inLanguage\":\"vi\",\"@id\":\"https:\/\/xetai3s.vn\/?product=ban-xe-tai-jac-n900-chay-40-000km-xe-con-depdang-ki-2022-con-bao-hanh-3-nam#primaryimage\",\"url\":\"https:\/\/xetai3s.vn\/wp-content\/uploads\/2023\/12\/z5001551077509_cf4a1278dd145447200a21fe9799e6bc.jpg\",\"contentUrl\":\"https:\/\/xetai3s.vn\/wp-content\/uploads\/2023\/12\/z5001551077509_cf4a1278dd145447200a21fe9799e6bc.jpg\",\"width\":940,\"height\":788},{\"@type\":\"BreadcrumbList\",\"@id\":\"https:\/\/xetai3s.vn\/?product=ban-xe-tai-jac-n900-chay-40-000km-xe-con-depdang-ki-2022-con-bao-hanh-3-nam#breadcrumb\",\"itemListElement\":[{\"@type\":\"ListItem\",\"position\":1,\"name\":\"Trang ch\u1ee7\",\"item\":\"https:\/\/xetai3s.vn\/\"},{\"@type\":\"ListItem\",\"position\":2,\"name\":\"C\u1eeda h\u00e0ng\",\"item\":\"https:\/\/xetai3s.vn\/?page_id=16\"},{\"@type\":\"ListItem\",\"position\":3,\"name\":\"B\u00e1n xe t\u1ea3i Jac N900 ch\u1ea1y 40.000km xe c\u00f2n \u0111\u1eb9p,\u0111\u0103ng k\u00ed 2022 c\u00f2n b\u1ea3o h\u00e0nh 3 n\u0103m\"}]},{\"@type\":\"WebSite\",\"@id\":\"https:\/\/xetai3s.vn\/#website\",\"url\":\"https:\/\/xetai3s.vn\/\",\"name\":\"\",\"description\":\"Xe T\u1ea3i Jac\",\"potentialAction\":[{\"@type\":\"SearchAction\",\"target\":{\"@type\":\"EntryPoint\",\"urlTemplate\":\"https:\/\/xetai3s.vn\/?s={search_term_string}\"},\"query-input\":\"required name=search_term_string\"}],\"inLanguage\":\"vi\"}]}<\/script>\n<meta property=\"product:price:amount\" content=\"0\" \/>\n<meta property=\"product:price:currency\" content=\"VND\" \/>\n<meta property=\"og:availability\" content=\"instock\" \/>\n<meta property=\"product:availability\" content=\"instock\" \/>\n<meta property=\"product:condition\" content=\"new\" \/>\n<!-- \/ Yoast SEO plugin. -->","yoast_head_json":{"title":"B\u00e1n xe t\u1ea3i Jac N900 ch\u1ea1y 40.000km xe c\u00f2n \u0111\u1eb9p,\u0111\u0103ng k\u00ed 2022 c\u00f2n b\u1ea3o h\u00e0nh 3 n\u0103m -","robots":{"index":"index","follow":"follow","max-snippet":"max-snippet:-1","max-image-preview":"max-image-preview:large","max-video-preview":"max-video-preview:-1"},"canonical":"https:\/\/xetai3s.vn\/?product=ban-xe-tai-jac-n900-chay-40-000km-xe-con-depdang-ki-2022-con-bao-hanh-3-nam","og_locale":"vi_VN","og_type":"article","og_title":"B\u00e1n xe t\u1ea3i Jac N900 ch\u1ea1y 40.000km xe c\u00f2n \u0111\u1eb9p,\u0111\u0103ng k\u00ed 2022 c\u00f2n b\u1ea3o h\u00e0nh 3 n\u0103m -","og_description":"Q\u00fay anh ch\u1ecb c\u00f3 nhu c\u1ea7u xe t\u1ea3i jac n900 9 t\u1ea5n 1 l\u01b0\u1edbt li\u00ean h\u1ec7 hotline 0902.904.964 g\u1eb7p e S\u01a1n Jac (xem xe thu\u1eadn an,b\u00ecnh d\u01b0\u01a1ng)","og_url":"https:\/\/xetai3s.vn\/?product=ban-xe-tai-jac-n900-chay-40-000km-xe-con-depdang-ki-2022-con-bao-hanh-3-nam","article_modified_time":"2023-12-27T03:53:55+00:00","og_image":[{"width":940,"height":788,"url":"https:\/\/xetai3s.vn\/wp-content\/uploads\/2023\/12\/z5001551077509_cf4a1278dd145447200a21fe9799e6bc.jpg","type":"image\/jpeg"}],"twitter_card":"summary_large_image","twitter_misc":{"Gi\u00e1":"","Kh\u1ea3 d\u1ee5ng":"Trong kho"},"schema":{"@context":"https:\/\/schema.org","@graph":[{"@type":"WebPage","@id":"https:\/\/xetai3s.vn\/?product=ban-xe-tai-jac-n900-chay-40-000km-xe-con-depdang-ki-2022-con-bao-hanh-3-nam","url":"https:\/\/xetai3s.vn\/?product=ban-xe-tai-jac-n900-chay-40-000km-xe-con-depdang-ki-2022-con-bao-hanh-3-nam","name":"B\u00e1n xe t\u1ea3i Jac N900 ch\u1ea1y 40.000km xe c\u00f2n \u0111\u1eb9p,\u0111\u0103ng k\u00ed 2022 c\u00f2n b\u1ea3o h\u00e0nh 3 n\u0103m -","isPartOf":{"@id":"https:\/\/xetai3s.vn\/#website"},"primaryImageOfPage":{"@id":"https:\/\/xetai3s.vn\/?product=ban-xe-tai-jac-n900-chay-40-000km-xe-con-depdang-ki-2022-con-bao-hanh-3-nam#primaryimage"},"image":{"@id":"https:\/\/xetai3s.vn\/?product=ban-xe-tai-jac-n900-chay-40-000km-xe-con-depdang-ki-2022-con-bao-hanh-3-nam#primaryimage"},"thumbnailUrl":"https:\/\/xetai3s.vn\/wp-content\/uploads\/2023\/12\/z5001551077509_cf4a1278dd145447200a21fe9799e6bc.jpg","datePublished":"2023-12-27T03:53:54+00:00","dateModified":"2023-12-27T03:53:55+00:00","breadcrumb":{"@id":"https:\/\/xetai3s.vn\/?product=ban-xe-tai-jac-n900-chay-40-000km-xe-con-depdang-ki-2022-con-bao-hanh-3-nam#breadcrumb"},"inLanguage":"vi","potentialAction":[{"@type":"ReadAction","target":["https:\/\/xetai3s.vn\/?product=ban-xe-tai-jac-n900-chay-40-000km-xe-con-depdang-ki-2022-con-bao-hanh-3-nam"]}]},{"@type":"ImageObject","inLanguage":"vi","@id":"https:\/\/xetai3s.vn\/?product=ban-xe-tai-jac-n900-chay-40-000km-xe-con-depdang-ki-2022-con-bao-hanh-3-nam#primaryimage","url":"https:\/\/xetai3s.vn\/wp-content\/uploads\/2023\/12\/z5001551077509_cf4a1278dd145447200a21fe9799e6bc.jpg","contentUrl":"https:\/\/xetai3s.vn\/wp-content\/uploads\/2023\/12\/z5001551077509_cf4a1278dd145447200a21fe9799e6bc.jpg","width":940,"height":788},{"@type":"BreadcrumbList","@id":"https:\/\/xetai3s.vn\/?product=ban-xe-tai-jac-n900-chay-40-000km-xe-con-depdang-ki-2022-con-bao-hanh-3-nam#breadcrumb","itemListElement":[{"@type":"ListItem","position":1,"name":"Trang ch\u1ee7","item":"https:\/\/xetai3s.vn\/"},{"@type":"ListItem","position":2,"name":"C\u1eeda h\u00e0ng","item":"https:\/\/xetai3s.vn\/?page_id=16"},{"@type":"ListItem","position":3,"name":"B\u00e1n xe t\u1ea3i Jac N900 ch\u1ea1y 40.000km xe c\u00f2n \u0111\u1eb9p,\u0111\u0103ng k\u00ed 2022 c\u00f2n b\u1ea3o h\u00e0nh 3 n\u0103m"}]},{"@type":"WebSite","@id":"https:\/\/xetai3s.vn\/#website","url":"https:\/\/xetai3s.vn\/","name":"","description":"Xe T\u1ea3i Jac","potentialAction":[{"@type":"SearchAction","target":{"@type":"EntryPoint","urlTemplate":"https:\/\/xetai3s.vn\/?s={search_term_string}"},"query-input":"required name=search_term_string"}],"inLanguage":"vi"}]},"product_price_currency":"VND","og_availability":"instock","product_availability":"instock","product_condition":"new"},"_links":{"self":[{"href":"https:\/\/xetai3s.vn\/index.php?rest_route=\/wp\/v2\/product\/1798"}],"collection":[{"href":"https:\/\/xetai3s.vn\/index.php?rest_route=\/wp\/v2\/product"}],"about":[{"href":"https:\/\/xetai3s.vn\/index.php?rest_route=\/wp\/v2\/types\/product"}],"wp:featuredmedia":[{"embeddable":true,"href":"https:\/\/xetai3s.vn\/index.php?rest_route=\/wp\/v2\/media\/1799"}],"wp:attachment":[{"href":"https:\/\/xetai3s.vn\/index.php?rest_route=%2Fwp%2Fv2%2Fmedia&parent=1798"}],"curies":[{"name":"wp","href":"https:\/\/api.w.org\/{rel}","templated":true}]}}