{"id":1592,"date":"2023-04-05T10:36:02","date_gmt":"2023-04-05T03:36:02","guid":{"rendered":"https:\/\/xetai3s.vn\/?post_type=product&#038;p=1592"},"modified":"2024-09-17T15:13:04","modified_gmt":"2024-09-17T08:13:04","slug":"https-xetai3s-vn-productloc-gio-jac-n200sn350s","status":"publish","type":"product","link":"https:\/\/xetai3s.vn\/?product=https-xetai3s-vn-productloc-gio-jac-n200sn350s","title":{"rendered":"L\u1eccC GI\u00d3 JAC N200S,N350S"},"content":{"rendered":"<h1 style=\"text-align: center;\"><span style=\"font-size: 75%;\"><strong><span style=\"color: #0000ff;\">L\u1eccC GI\u00d3 JAC N200S,JAC N350S\/PH\u1ee4 T\u00d9NG XE T\u1ea2I JAC\/PH\u1ee4 T\u00d9NG XE JAC CH\u00cdNH H\u00c3NG<\/span><\/strong><\/span><\/h1>\n<hr \/>\n<figure id=\"attachment_1529\" aria-describedby=\"caption-attachment-1529\" style=\"width: 768px\" class=\"wp-caption aligncenter\"><a href=\"https:\/\/xetai3s.vn\/?product=loc-gio-jac-n200sn350s\"><img loading=\"lazy\" decoding=\"async\" class=\"wp-image-1529 size-large\" title=\"l\u1ecdc gi\u00f3 xe t\u1ea3i jac n200s v\u00e0 jac n350s\" src=\"https:\/\/xetai3s.vn\/wp-content\/uploads\/2023\/03\/z4205310046329_1b578347288476b09292e70a44e5b4a9-768x1024.jpg\" alt=\"l\u1ecdc gi\u00f3 xe t\u1ea3i jac n200s v\u00e0 n350s\" width=\"768\" height=\"1024\" srcset=\"https:\/\/xetai3s.vn\/wp-content\/uploads\/2023\/03\/z4205310046329_1b578347288476b09292e70a44e5b4a9-768x1024.jpg 768w, https:\/\/xetai3s.vn\/wp-content\/uploads\/2023\/03\/z4205310046329_1b578347288476b09292e70a44e5b4a9-1080x1440.jpg 1080w, https:\/\/xetai3s.vn\/wp-content\/uploads\/2023\/03\/z4205310046329_1b578347288476b09292e70a44e5b4a9-225x300.jpg 225w, https:\/\/xetai3s.vn\/wp-content\/uploads\/2023\/03\/z4205310046329_1b578347288476b09292e70a44e5b4a9-1152x1536.jpg 1152w, https:\/\/xetai3s.vn\/wp-content\/uploads\/2023\/03\/z4205310046329_1b578347288476b09292e70a44e5b4a9-1536x2048.jpg 1536w, https:\/\/xetai3s.vn\/wp-content\/uploads\/2023\/03\/z4205310046329_1b578347288476b09292e70a44e5b4a9.jpg 1920w\" sizes=\"(max-width: 768px) 100vw, 768px\" \/><\/a><figcaption id=\"caption-attachment-1529\" class=\"wp-caption-text\">H\u00ecnh \u1ea3nh: L\u1ecdc gi\u00f3 JAC N350S<\/figcaption><\/figure>\n<p><a href=\"https:\/\/xetai3s.vn\/?product=kinh-hau-xe-tai-jac\"><span style=\"color: #0000ff;\"><strong>XEM TH\u00caM K\u00cdNH H\u1ed8P 2 T\u1ea6NG XE T\u1ea2I JAC<\/strong><\/span><\/a><\/p>\n<ul>\n<li>C\u00f4ng ty Cp \u00d4 t\u00f4 Giang Ho\u00e0i chuy\u00ean cung c\u1ea5p ph\u1ee5 t\u00f9ng xe t\u1ea3i Jac ch\u00ednh h\u00e3ng \u0111\u01b0\u1ee3c nh\u1eadp t\u1eeb Jac Motor.<\/li>\n<li>\u0110\u1ecba ch\u1ec9: S\u1ed1 20\/3 \u0110LBD,Kp T\u00e2y,P V\u0129nh Ph\u00fa,Tp Thu\u1eadn An,B\u00ecnh D\u01b0\u01a1ng.<\/li>\n<\/ul>\n<p style=\"text-align: center;\"><span style=\"color: #0000ff;\"><strong>LI\u00caN H\u1ec6 EM S\u01a0N 0902.904.964 T\u01af V\u1ea4N V\u00c0 B\u00c1O GI\u00c1<\/strong><\/span><\/p>\n<p>&nbsp;<\/p>\n","protected":false},"excerpt":{"rendered":"<p><strong>L\u1ecdc gi\u00f3 xe t\u1ea3i jac <\/strong>ch\u00ednh h\u00e3ng,cung c\u1ea5p ph\u1ee5 t\u00f9ng xe t\u1ea3i Jac ch\u00ednh h\u00e3ng.<\/p>\n","protected":false},"featured_media":1529,"template":"","meta":[],"class_list":{"0":"post-1592","1":"product","2":"type-product","3":"status-publish","4":"has-post-thumbnail","6":"product_cat-phu-tung","7":"product_tag-loc-gio-jac","8":"product_tag-loc-gio-jac-n200s","9":"product_tag-loc-gio-jac-n350s","10":"product_tag-phu-tung-jac","11":"product_tag-phu-tung-xe-jac","12":"product_tag-phu-tung-xe-tai-jac","14":"first","15":"instock","16":"shipping-taxable","17":"product-type-simple"},"yoast_head":"<!-- This site is optimized with the Yoast SEO plugin v23.2 - https:\/\/yoast.com\/wordpress\/plugins\/seo\/ -->\n<title>L\u1eccC GI\u00d3 JAC N200S,N350S -<\/title>\n<meta name=\"description\" content=\"L\u1ecdc gi\u00f3 xe t\u1ea3i jac N200s v\u00e0 N350s ch\u00ednh h\u00e3ng.Ch\u00fang t\u00f4i chuy\u00ean cung c\u1ea5p ph\u1ee5 t\u00f9ng xe t\u1ea3i Jac ch\u00ednh h\u00e3ng t\u1eeb Jac Motor.Ph\u1ee5 t\u00f9ng Jac gi\u00e1 r\u1ebb,giao to\u00e0n qu\u1ed1c.\" \/>\n<meta name=\"robots\" content=\"index, follow, max-snippet:-1, max-image-preview:large, max-video-preview:-1\" \/>\n<link rel=\"canonical\" href=\"https:\/\/xetai3s.vn\/?product=https-xetai3s-vn-productloc-gio-jac-n200sn350s\" \/>\n<meta property=\"og:locale\" content=\"vi_VN\" \/>\n<meta property=\"og:type\" content=\"article\" \/>\n<meta property=\"og:title\" content=\"L\u1eccC GI\u00d3 JAC N200S,N350S -\" \/>\n<meta property=\"og:description\" content=\"L\u1ecdc gi\u00f3 xe t\u1ea3i jac N200s v\u00e0 N350s ch\u00ednh h\u00e3ng.Ch\u00fang t\u00f4i chuy\u00ean cung c\u1ea5p ph\u1ee5 t\u00f9ng xe t\u1ea3i Jac ch\u00ednh h\u00e3ng t\u1eeb Jac Motor.Ph\u1ee5 t\u00f9ng Jac gi\u00e1 r\u1ebb,giao to\u00e0n qu\u1ed1c.\" \/>\n<meta property=\"og:url\" content=\"https:\/\/xetai3s.vn\/?product=https-xetai3s-vn-productloc-gio-jac-n200sn350s\" \/>\n<meta property=\"article:modified_time\" content=\"2024-09-17T08:13:04+00:00\" \/>\n<meta property=\"og:image\" content=\"https:\/\/xetai3s.vn\/wp-content\/uploads\/2023\/03\/z4205310046329_1b578347288476b09292e70a44e5b4a9.jpg\" \/>\n\t<meta property=\"og:image:width\" content=\"1920\" \/>\n\t<meta property=\"og:image:height\" content=\"2560\" \/>\n\t<meta property=\"og:image:type\" content=\"image\/jpeg\" \/>\n<meta name=\"twitter:card\" content=\"summary_large_image\" \/>\n<meta name=\"twitter:label1\" content=\"Gi\u00e1\" \/>\n\t<meta name=\"twitter:data1\" content=\"\" \/>\n\t<meta name=\"twitter:label2\" content=\"Kh\u1ea3 d\u1ee5ng\" \/>\n\t<meta name=\"twitter:data2\" content=\"Trong kho\" \/>\n<script type=\"application\/ld+json\" class=\"yoast-schema-graph\">{\"@context\":\"https:\/\/schema.org\",\"@graph\":[{\"@type\":\"WebPage\",\"@id\":\"https:\/\/xetai3s.vn\/?product=https-xetai3s-vn-productloc-gio-jac-n200sn350s\",\"url\":\"https:\/\/xetai3s.vn\/?product=https-xetai3s-vn-productloc-gio-jac-n200sn350s\",\"name\":\"L\u1eccC GI\u00d3 JAC N200S,N350S -\",\"isPartOf\":{\"@id\":\"https:\/\/xetai3s.vn\/#website\"},\"primaryImageOfPage\":{\"@id\":\"https:\/\/xetai3s.vn\/?product=https-xetai3s-vn-productloc-gio-jac-n200sn350s#primaryimage\"},\"image\":{\"@id\":\"https:\/\/xetai3s.vn\/?product=https-xetai3s-vn-productloc-gio-jac-n200sn350s#primaryimage\"},\"thumbnailUrl\":\"https:\/\/xetai3s.vn\/wp-content\/uploads\/2023\/03\/z4205310046329_1b578347288476b09292e70a44e5b4a9.jpg\",\"datePublished\":\"2023-04-05T03:36:02+00:00\",\"dateModified\":\"2024-09-17T08:13:04+00:00\",\"description\":\"L\u1ecdc gi\u00f3 xe t\u1ea3i jac N200s v\u00e0 N350s ch\u00ednh h\u00e3ng.Ch\u00fang t\u00f4i chuy\u00ean cung c\u1ea5p ph\u1ee5 t\u00f9ng xe t\u1ea3i Jac ch\u00ednh h\u00e3ng t\u1eeb Jac Motor.Ph\u1ee5 t\u00f9ng Jac gi\u00e1 r\u1ebb,giao to\u00e0n qu\u1ed1c.\",\"breadcrumb\":{\"@id\":\"https:\/\/xetai3s.vn\/?product=https-xetai3s-vn-productloc-gio-jac-n200sn350s#breadcrumb\"},\"inLanguage\":\"vi\",\"potentialAction\":[{\"@type\":\"ReadAction\",\"target\":[\"https:\/\/xetai3s.vn\/?product=https-xetai3s-vn-productloc-gio-jac-n200sn350s\"]}]},{\"@type\":\"ImageObject\",\"inLanguage\":\"vi\",\"@id\":\"https:\/\/xetai3s.vn\/?product=https-xetai3s-vn-productloc-gio-jac-n200sn350s#primaryimage\",\"url\":\"https:\/\/xetai3s.vn\/wp-content\/uploads\/2023\/03\/z4205310046329_1b578347288476b09292e70a44e5b4a9.jpg\",\"contentUrl\":\"https:\/\/xetai3s.vn\/wp-content\/uploads\/2023\/03\/z4205310046329_1b578347288476b09292e70a44e5b4a9.jpg\",\"width\":1920,\"height\":2560,\"caption\":\"H\u00ecnh \u1ea3nh: L\u1ecdc gi\u00f3 JAC N350S\"},{\"@type\":\"BreadcrumbList\",\"@id\":\"https:\/\/xetai3s.vn\/?product=https-xetai3s-vn-productloc-gio-jac-n200sn350s#breadcrumb\",\"itemListElement\":[{\"@type\":\"ListItem\",\"position\":1,\"name\":\"Trang ch\u1ee7\",\"item\":\"https:\/\/xetai3s.vn\/\"},{\"@type\":\"ListItem\",\"position\":2,\"name\":\"C\u1eeda h\u00e0ng\",\"item\":\"https:\/\/xetai3s.vn\/?page_id=16\"},{\"@type\":\"ListItem\",\"position\":3,\"name\":\"L\u1eccC GI\u00d3 JAC N200S,N350S\"}]},{\"@type\":\"WebSite\",\"@id\":\"https:\/\/xetai3s.vn\/#website\",\"url\":\"https:\/\/xetai3s.vn\/\",\"name\":\"\",\"description\":\"Xe T\u1ea3i Jac\",\"potentialAction\":[{\"@type\":\"SearchAction\",\"target\":{\"@type\":\"EntryPoint\",\"urlTemplate\":\"https:\/\/xetai3s.vn\/?s={search_term_string}\"},\"query-input\":\"required name=search_term_string\"}],\"inLanguage\":\"vi\"}]}<\/script>\n<meta property=\"product:price:amount\" content=\"0\" \/>\n<meta property=\"product:price:currency\" content=\"VND\" \/>\n<meta property=\"og:availability\" content=\"instock\" \/>\n<meta property=\"product:availability\" content=\"instock\" \/>\n<meta property=\"product:condition\" content=\"new\" \/>\n<!-- \/ Yoast SEO plugin. -->","yoast_head_json":{"title":"L\u1eccC GI\u00d3 JAC N200S,N350S -","description":"L\u1ecdc gi\u00f3 xe t\u1ea3i jac N200s v\u00e0 N350s ch\u00ednh h\u00e3ng.Ch\u00fang t\u00f4i chuy\u00ean cung c\u1ea5p ph\u1ee5 t\u00f9ng xe t\u1ea3i Jac ch\u00ednh h\u00e3ng t\u1eeb Jac Motor.Ph\u1ee5 t\u00f9ng Jac gi\u00e1 r\u1ebb,giao to\u00e0n qu\u1ed1c.","robots":{"index":"index","follow":"follow","max-snippet":"max-snippet:-1","max-image-preview":"max-image-preview:large","max-video-preview":"max-video-preview:-1"},"canonical":"https:\/\/xetai3s.vn\/?product=https-xetai3s-vn-productloc-gio-jac-n200sn350s","og_locale":"vi_VN","og_type":"article","og_title":"L\u1eccC GI\u00d3 JAC N200S,N350S -","og_description":"L\u1ecdc gi\u00f3 xe t\u1ea3i jac N200s v\u00e0 N350s ch\u00ednh h\u00e3ng.Ch\u00fang t\u00f4i chuy\u00ean cung c\u1ea5p ph\u1ee5 t\u00f9ng xe t\u1ea3i Jac ch\u00ednh h\u00e3ng t\u1eeb Jac Motor.Ph\u1ee5 t\u00f9ng Jac gi\u00e1 r\u1ebb,giao to\u00e0n qu\u1ed1c.","og_url":"https:\/\/xetai3s.vn\/?product=https-xetai3s-vn-productloc-gio-jac-n200sn350s","article_modified_time":"2024-09-17T08:13:04+00:00","og_image":[{"width":1920,"height":2560,"url":"https:\/\/xetai3s.vn\/wp-content\/uploads\/2023\/03\/z4205310046329_1b578347288476b09292e70a44e5b4a9.jpg","type":"image\/jpeg"}],"twitter_card":"summary_large_image","twitter_misc":{"Gi\u00e1":"","Kh\u1ea3 d\u1ee5ng":"Trong kho"},"schema":{"@context":"https:\/\/schema.org","@graph":[{"@type":"WebPage","@id":"https:\/\/xetai3s.vn\/?product=https-xetai3s-vn-productloc-gio-jac-n200sn350s","url":"https:\/\/xetai3s.vn\/?product=https-xetai3s-vn-productloc-gio-jac-n200sn350s","name":"L\u1eccC GI\u00d3 JAC N200S,N350S -","isPartOf":{"@id":"https:\/\/xetai3s.vn\/#website"},"primaryImageOfPage":{"@id":"https:\/\/xetai3s.vn\/?product=https-xetai3s-vn-productloc-gio-jac-n200sn350s#primaryimage"},"image":{"@id":"https:\/\/xetai3s.vn\/?product=https-xetai3s-vn-productloc-gio-jac-n200sn350s#primaryimage"},"thumbnailUrl":"https:\/\/xetai3s.vn\/wp-content\/uploads\/2023\/03\/z4205310046329_1b578347288476b09292e70a44e5b4a9.jpg","datePublished":"2023-04-05T03:36:02+00:00","dateModified":"2024-09-17T08:13:04+00:00","description":"L\u1ecdc gi\u00f3 xe t\u1ea3i jac N200s v\u00e0 N350s ch\u00ednh h\u00e3ng.Ch\u00fang t\u00f4i chuy\u00ean cung c\u1ea5p ph\u1ee5 t\u00f9ng xe t\u1ea3i Jac ch\u00ednh h\u00e3ng t\u1eeb Jac Motor.Ph\u1ee5 t\u00f9ng Jac gi\u00e1 r\u1ebb,giao to\u00e0n qu\u1ed1c.","breadcrumb":{"@id":"https:\/\/xetai3s.vn\/?product=https-xetai3s-vn-productloc-gio-jac-n200sn350s#breadcrumb"},"inLanguage":"vi","potentialAction":[{"@type":"ReadAction","target":["https:\/\/xetai3s.vn\/?product=https-xetai3s-vn-productloc-gio-jac-n200sn350s"]}]},{"@type":"ImageObject","inLanguage":"vi","@id":"https:\/\/xetai3s.vn\/?product=https-xetai3s-vn-productloc-gio-jac-n200sn350s#primaryimage","url":"https:\/\/xetai3s.vn\/wp-content\/uploads\/2023\/03\/z4205310046329_1b578347288476b09292e70a44e5b4a9.jpg","contentUrl":"https:\/\/xetai3s.vn\/wp-content\/uploads\/2023\/03\/z4205310046329_1b578347288476b09292e70a44e5b4a9.jpg","width":1920,"height":2560,"caption":"H\u00ecnh \u1ea3nh: L\u1ecdc gi\u00f3 JAC N350S"},{"@type":"BreadcrumbList","@id":"https:\/\/xetai3s.vn\/?product=https-xetai3s-vn-productloc-gio-jac-n200sn350s#breadcrumb","itemListElement":[{"@type":"ListItem","position":1,"name":"Trang ch\u1ee7","item":"https:\/\/xetai3s.vn\/"},{"@type":"ListItem","position":2,"name":"C\u1eeda h\u00e0ng","item":"https:\/\/xetai3s.vn\/?page_id=16"},{"@type":"ListItem","position":3,"name":"L\u1eccC GI\u00d3 JAC N200S,N350S"}]},{"@type":"WebSite","@id":"https:\/\/xetai3s.vn\/#website","url":"https:\/\/xetai3s.vn\/","name":"","description":"Xe T\u1ea3i Jac","potentialAction":[{"@type":"SearchAction","target":{"@type":"EntryPoint","urlTemplate":"https:\/\/xetai3s.vn\/?s={search_term_string}"},"query-input":"required name=search_term_string"}],"inLanguage":"vi"}]},"product_price_currency":"VND","og_availability":"instock","product_availability":"instock","product_condition":"new"},"_links":{"self":[{"href":"https:\/\/xetai3s.vn\/index.php?rest_route=\/wp\/v2\/product\/1592"}],"collection":[{"href":"https:\/\/xetai3s.vn\/index.php?rest_route=\/wp\/v2\/product"}],"about":[{"href":"https:\/\/xetai3s.vn\/index.php?rest_route=\/wp\/v2\/types\/product"}],"wp:featuredmedia":[{"embeddable":true,"href":"https:\/\/xetai3s.vn\/index.php?rest_route=\/wp\/v2\/media\/1529"}],"wp:attachment":[{"href":"https:\/\/xetai3s.vn\/index.php?rest_route=%2Fwp%2Fv2%2Fmedia&parent=1592"}],"curies":[{"name":"wp","href":"https:\/\/api.w.org\/{rel}","templated":true}]}}