{"id":1580,"date":"2023-04-04T13:54:25","date_gmt":"2023-04-04T06:54:25","guid":{"rendered":"https:\/\/xetai3s.vn\/?post_type=product&#038;p=1580"},"modified":"2023-06-23T11:28:41","modified_gmt":"2023-06-23T04:28:41","slug":"den-duoi-xe-jac","status":"publish","type":"product","link":"https:\/\/xetai3s.vn\/?product=den-duoi-xe-jac","title":{"rendered":"\u0110\u00c8N \u0110U\u00d4I XE JAC"},"content":{"rendered":"<h1 style=\"text-align: center;\"><span style=\"color: #0000ff;\"><strong>\u0110\u00c8N H\u1eacU XE T\u1ea2I JAC\/PH\u1ee4 T\u00d9NG XE T\u1ea2I JAC\/PH\u1ee4 T\u00d9NG JAC CH\u00cdNH H\u00c3NG<\/strong><\/span><\/h1>\n<figure id=\"attachment_1581\" aria-describedby=\"caption-attachment-1581\" style=\"width: 1020px\" class=\"wp-caption aligncenter\"><img loading=\"lazy\" decoding=\"async\" class=\"wp-image-1581 size-large\" title=\"\u0110\u00c8N H\u1eacU XE JAC\" src=\"https:\/\/xetai3s.vn\/wp-content\/uploads\/2023\/04\/z4236825751416_7f3b83ba3e4b8293b0ab2dd9cde3eaf6-1024x768.jpg\" alt=\"\" width=\"1020\" height=\"765\" srcset=\"https:\/\/xetai3s.vn\/wp-content\/uploads\/2023\/04\/z4236825751416_7f3b83ba3e4b8293b0ab2dd9cde3eaf6-1024x768.jpg 1024w, https:\/\/xetai3s.vn\/wp-content\/uploads\/2023\/04\/z4236825751416_7f3b83ba3e4b8293b0ab2dd9cde3eaf6-300x225.jpg 300w, https:\/\/xetai3s.vn\/wp-content\/uploads\/2023\/04\/z4236825751416_7f3b83ba3e4b8293b0ab2dd9cde3eaf6-768x576.jpg 768w, https:\/\/xetai3s.vn\/wp-content\/uploads\/2023\/04\/z4236825751416_7f3b83ba3e4b8293b0ab2dd9cde3eaf6-1536x1152.jpg 1536w, https:\/\/xetai3s.vn\/wp-content\/uploads\/2023\/04\/z4236825751416_7f3b83ba3e4b8293b0ab2dd9cde3eaf6-2048x1536.jpg 2048w, https:\/\/xetai3s.vn\/wp-content\/uploads\/2023\/04\/z4236825751416_7f3b83ba3e4b8293b0ab2dd9cde3eaf6-1080x810.jpg 1080w\" sizes=\"(max-width: 1020px) 100vw, 1020px\" \/><figcaption id=\"caption-attachment-1581\" class=\"wp-caption-text\">den-duoi-xe-jac<\/figcaption><\/figure>\n","protected":false},"excerpt":{"rendered":"<p>\u0110\u00c8N H\u1eacU XE T\u1ea2I JAC\/PH\u1ee4 T\u00d9NG XE T\u1ea2I JAC\/PH\u1ee4 T\u00d9NG JAC CH\u00cdNH H\u00c3NG<\/p>\n","protected":false},"featured_media":1581,"template":"","meta":[],"class_list":{"0":"post-1580","1":"product","2":"type-product","3":"status-publish","4":"has-post-thumbnail","6":"product_cat-phu-tung","7":"product_tag-den-duoi-xe-jac","8":"product_tag-den-xe-jac","9":"product_tag-phu-tung-jac","10":"product_tag-phu-tung-xe-jac","12":"first","13":"instock","14":"shipping-taxable","15":"product-type-simple"},"yoast_head":"<!-- This site is optimized with the Yoast SEO plugin v23.2 - https:\/\/yoast.com\/wordpress\/plugins\/seo\/ -->\n<title>\u0110\u00c8N \u0110U\u00d4I XE JAC -<\/title>\n<meta name=\"robots\" content=\"index, follow, max-snippet:-1, max-image-preview:large, max-video-preview:-1\" \/>\n<link rel=\"canonical\" href=\"https:\/\/xetai3s.vn\/?product=den-duoi-xe-jac\" \/>\n<meta property=\"og:locale\" content=\"vi_VN\" \/>\n<meta property=\"og:type\" content=\"article\" \/>\n<meta property=\"og:title\" content=\"\u0110\u00c8N \u0110U\u00d4I XE JAC -\" \/>\n<meta property=\"og:description\" content=\"\u0110\u00c8N H\u1eacU XE T\u1ea2I JAC\/PH\u1ee4 T\u00d9NG XE T\u1ea2I JAC\/PH\u1ee4 T\u00d9NG JAC CH\u00cdNH H\u00c3NG\" \/>\n<meta property=\"og:url\" content=\"https:\/\/xetai3s.vn\/?product=den-duoi-xe-jac\" \/>\n<meta property=\"article:modified_time\" content=\"2023-06-23T04:28:41+00:00\" \/>\n<meta property=\"og:image\" content=\"https:\/\/xetai3s.vn\/wp-content\/uploads\/2023\/04\/z4236825751416_7f3b83ba3e4b8293b0ab2dd9cde3eaf6-scaled.jpg\" \/>\n\t<meta property=\"og:image:width\" content=\"2560\" \/>\n\t<meta property=\"og:image:height\" content=\"1920\" \/>\n\t<meta property=\"og:image:type\" content=\"image\/jpeg\" \/>\n<meta name=\"twitter:card\" content=\"summary_large_image\" \/>\n<meta name=\"twitter:label1\" content=\"Gi\u00e1\" \/>\n\t<meta name=\"twitter:data1\" content=\"\" \/>\n\t<meta name=\"twitter:label2\" content=\"Kh\u1ea3 d\u1ee5ng\" \/>\n\t<meta name=\"twitter:data2\" content=\"Trong kho\" \/>\n<script type=\"application\/ld+json\" class=\"yoast-schema-graph\">{\"@context\":\"https:\/\/schema.org\",\"@graph\":[{\"@type\":\"WebPage\",\"@id\":\"https:\/\/xetai3s.vn\/?product=den-duoi-xe-jac\",\"url\":\"https:\/\/xetai3s.vn\/?product=den-duoi-xe-jac\",\"name\":\"\u0110\u00c8N \u0110U\u00d4I XE JAC -\",\"isPartOf\":{\"@id\":\"https:\/\/xetai3s.vn\/#website\"},\"primaryImageOfPage\":{\"@id\":\"https:\/\/xetai3s.vn\/?product=den-duoi-xe-jac#primaryimage\"},\"image\":{\"@id\":\"https:\/\/xetai3s.vn\/?product=den-duoi-xe-jac#primaryimage\"},\"thumbnailUrl\":\"https:\/\/xetai3s.vn\/wp-content\/uploads\/2023\/04\/z4236825751416_7f3b83ba3e4b8293b0ab2dd9cde3eaf6-scaled.jpg\",\"datePublished\":\"2023-04-04T06:54:25+00:00\",\"dateModified\":\"2023-06-23T04:28:41+00:00\",\"breadcrumb\":{\"@id\":\"https:\/\/xetai3s.vn\/?product=den-duoi-xe-jac#breadcrumb\"},\"inLanguage\":\"vi\",\"potentialAction\":[{\"@type\":\"ReadAction\",\"target\":[\"https:\/\/xetai3s.vn\/?product=den-duoi-xe-jac\"]}]},{\"@type\":\"ImageObject\",\"inLanguage\":\"vi\",\"@id\":\"https:\/\/xetai3s.vn\/?product=den-duoi-xe-jac#primaryimage\",\"url\":\"https:\/\/xetai3s.vn\/wp-content\/uploads\/2023\/04\/z4236825751416_7f3b83ba3e4b8293b0ab2dd9cde3eaf6-scaled.jpg\",\"contentUrl\":\"https:\/\/xetai3s.vn\/wp-content\/uploads\/2023\/04\/z4236825751416_7f3b83ba3e4b8293b0ab2dd9cde3eaf6-scaled.jpg\",\"width\":2560,\"height\":1920,\"caption\":\"den-duoi-xe-jac\"},{\"@type\":\"BreadcrumbList\",\"@id\":\"https:\/\/xetai3s.vn\/?product=den-duoi-xe-jac#breadcrumb\",\"itemListElement\":[{\"@type\":\"ListItem\",\"position\":1,\"name\":\"Trang ch\u1ee7\",\"item\":\"https:\/\/xetai3s.vn\/\"},{\"@type\":\"ListItem\",\"position\":2,\"name\":\"C\u1eeda h\u00e0ng\",\"item\":\"https:\/\/xetai3s.vn\/?page_id=16\"},{\"@type\":\"ListItem\",\"position\":3,\"name\":\"\u0110\u00c8N \u0110U\u00d4I XE JAC\"}]},{\"@type\":\"WebSite\",\"@id\":\"https:\/\/xetai3s.vn\/#website\",\"url\":\"https:\/\/xetai3s.vn\/\",\"name\":\"\",\"description\":\"Xe T\u1ea3i Jac\",\"potentialAction\":[{\"@type\":\"SearchAction\",\"target\":{\"@type\":\"EntryPoint\",\"urlTemplate\":\"https:\/\/xetai3s.vn\/?s={search_term_string}\"},\"query-input\":\"required name=search_term_string\"}],\"inLanguage\":\"vi\"}]}<\/script>\n<meta property=\"product:price:amount\" content=\"0\" \/>\n<meta property=\"product:price:currency\" content=\"VND\" \/>\n<meta property=\"og:availability\" content=\"instock\" \/>\n<meta property=\"product:availability\" content=\"instock\" \/>\n<meta property=\"product:condition\" content=\"new\" \/>\n<!-- \/ Yoast SEO plugin. -->","yoast_head_json":{"title":"\u0110\u00c8N \u0110U\u00d4I XE JAC -","robots":{"index":"index","follow":"follow","max-snippet":"max-snippet:-1","max-image-preview":"max-image-preview:large","max-video-preview":"max-video-preview:-1"},"canonical":"https:\/\/xetai3s.vn\/?product=den-duoi-xe-jac","og_locale":"vi_VN","og_type":"article","og_title":"\u0110\u00c8N \u0110U\u00d4I XE JAC -","og_description":"\u0110\u00c8N H\u1eacU XE T\u1ea2I JAC\/PH\u1ee4 T\u00d9NG XE T\u1ea2I JAC\/PH\u1ee4 T\u00d9NG JAC CH\u00cdNH H\u00c3NG","og_url":"https:\/\/xetai3s.vn\/?product=den-duoi-xe-jac","article_modified_time":"2023-06-23T04:28:41+00:00","og_image":[{"width":2560,"height":1920,"url":"https:\/\/xetai3s.vn\/wp-content\/uploads\/2023\/04\/z4236825751416_7f3b83ba3e4b8293b0ab2dd9cde3eaf6-scaled.jpg","type":"image\/jpeg"}],"twitter_card":"summary_large_image","twitter_misc":{"Gi\u00e1":"","Kh\u1ea3 d\u1ee5ng":"Trong kho"},"schema":{"@context":"https:\/\/schema.org","@graph":[{"@type":"WebPage","@id":"https:\/\/xetai3s.vn\/?product=den-duoi-xe-jac","url":"https:\/\/xetai3s.vn\/?product=den-duoi-xe-jac","name":"\u0110\u00c8N \u0110U\u00d4I XE JAC -","isPartOf":{"@id":"https:\/\/xetai3s.vn\/#website"},"primaryImageOfPage":{"@id":"https:\/\/xetai3s.vn\/?product=den-duoi-xe-jac#primaryimage"},"image":{"@id":"https:\/\/xetai3s.vn\/?product=den-duoi-xe-jac#primaryimage"},"thumbnailUrl":"https:\/\/xetai3s.vn\/wp-content\/uploads\/2023\/04\/z4236825751416_7f3b83ba3e4b8293b0ab2dd9cde3eaf6-scaled.jpg","datePublished":"2023-04-04T06:54:25+00:00","dateModified":"2023-06-23T04:28:41+00:00","breadcrumb":{"@id":"https:\/\/xetai3s.vn\/?product=den-duoi-xe-jac#breadcrumb"},"inLanguage":"vi","potentialAction":[{"@type":"ReadAction","target":["https:\/\/xetai3s.vn\/?product=den-duoi-xe-jac"]}]},{"@type":"ImageObject","inLanguage":"vi","@id":"https:\/\/xetai3s.vn\/?product=den-duoi-xe-jac#primaryimage","url":"https:\/\/xetai3s.vn\/wp-content\/uploads\/2023\/04\/z4236825751416_7f3b83ba3e4b8293b0ab2dd9cde3eaf6-scaled.jpg","contentUrl":"https:\/\/xetai3s.vn\/wp-content\/uploads\/2023\/04\/z4236825751416_7f3b83ba3e4b8293b0ab2dd9cde3eaf6-scaled.jpg","width":2560,"height":1920,"caption":"den-duoi-xe-jac"},{"@type":"BreadcrumbList","@id":"https:\/\/xetai3s.vn\/?product=den-duoi-xe-jac#breadcrumb","itemListElement":[{"@type":"ListItem","position":1,"name":"Trang ch\u1ee7","item":"https:\/\/xetai3s.vn\/"},{"@type":"ListItem","position":2,"name":"C\u1eeda h\u00e0ng","item":"https:\/\/xetai3s.vn\/?page_id=16"},{"@type":"ListItem","position":3,"name":"\u0110\u00c8N \u0110U\u00d4I XE JAC"}]},{"@type":"WebSite","@id":"https:\/\/xetai3s.vn\/#website","url":"https:\/\/xetai3s.vn\/","name":"","description":"Xe T\u1ea3i Jac","potentialAction":[{"@type":"SearchAction","target":{"@type":"EntryPoint","urlTemplate":"https:\/\/xetai3s.vn\/?s={search_term_string}"},"query-input":"required name=search_term_string"}],"inLanguage":"vi"}]},"product_price_currency":"VND","og_availability":"instock","product_availability":"instock","product_condition":"new"},"_links":{"self":[{"href":"https:\/\/xetai3s.vn\/index.php?rest_route=\/wp\/v2\/product\/1580"}],"collection":[{"href":"https:\/\/xetai3s.vn\/index.php?rest_route=\/wp\/v2\/product"}],"about":[{"href":"https:\/\/xetai3s.vn\/index.php?rest_route=\/wp\/v2\/types\/product"}],"wp:featuredmedia":[{"embeddable":true,"href":"https:\/\/xetai3s.vn\/index.php?rest_route=\/wp\/v2\/media\/1581"}],"wp:attachment":[{"href":"https:\/\/xetai3s.vn\/index.php?rest_route=%2Fwp%2Fv2%2Fmedia&parent=1580"}],"curies":[{"name":"wp","href":"https:\/\/api.w.org\/{rel}","templated":true}]}}