{"id":1572,"date":"2023-04-04T11:54:33","date_gmt":"2023-04-04T04:54:33","guid":{"rendered":"https:\/\/xetai3s.vn\/?post_type=product&#038;p=1572"},"modified":"2023-06-23T11:22:36","modified_gmt":"2023-06-23T04:22:36","slug":"cong-to-met-xe-jac","status":"publish","type":"product","link":"https:\/\/xetai3s.vn\/?product=cong-to-met-xe-jac","title":{"rendered":"C\u00d4NG T\u01a0 M\u00c9T XE JAC"},"content":{"rendered":"<h1><span style=\"color: #0000ff;\"><strong>C\u00d4NG T\u01a0 M\u00c9T XE JAC\/PH\u1ee4 T\u00d9NG XE JAC\/PH\u1ee4 T\u00d9NG XE JAC CH\u00cdNH H\u00c3NG<\/strong><\/span><\/h1>\n<figure id=\"attachment_1573\" aria-describedby=\"caption-attachment-1573\" style=\"width: 768px\" class=\"wp-caption aligncenter\"><img loading=\"lazy\" decoding=\"async\" class=\"wp-image-1573 size-large\" title=\"C\u00f4ng t\u01a1 m\u00e9t xe jac\" src=\"https:\/\/xetai3s.vn\/wp-content\/uploads\/2023\/04\/z4236543332729_9f57060407ab63845fe6bc6c13e8a2dd-768x1024.jpg\" alt=\"\" width=\"768\" height=\"1024\" srcset=\"https:\/\/xetai3s.vn\/wp-content\/uploads\/2023\/04\/z4236543332729_9f57060407ab63845fe6bc6c13e8a2dd-768x1024.jpg 768w, https:\/\/xetai3s.vn\/wp-content\/uploads\/2023\/04\/z4236543332729_9f57060407ab63845fe6bc6c13e8a2dd-225x300.jpg 225w, https:\/\/xetai3s.vn\/wp-content\/uploads\/2023\/04\/z4236543332729_9f57060407ab63845fe6bc6c13e8a2dd-1152x1536.jpg 1152w, https:\/\/xetai3s.vn\/wp-content\/uploads\/2023\/04\/z4236543332729_9f57060407ab63845fe6bc6c13e8a2dd-1536x2048.jpg 1536w, https:\/\/xetai3s.vn\/wp-content\/uploads\/2023\/04\/z4236543332729_9f57060407ab63845fe6bc6c13e8a2dd-1080x1440.jpg 1080w, https:\/\/xetai3s.vn\/wp-content\/uploads\/2023\/04\/z4236543332729_9f57060407ab63845fe6bc6c13e8a2dd.jpg 1920w\" sizes=\"(max-width: 768px) 100vw, 768px\" \/><figcaption id=\"caption-attachment-1573\" class=\"wp-caption-text\">cong-to-met-xe-jac<\/figcaption><\/figure>\n","protected":false},"excerpt":{"rendered":"<p>C\u00d4NG T\u01a0 M\u00c9T XE JAC\/PH\u1ee4 T\u00d9NG XE JAC\/PH\u1ee4 T\u00d9NG XE JAC CH\u00cdNH H\u00c3NG<\/p>\n","protected":false},"featured_media":1573,"template":"","meta":[],"class_list":{"0":"post-1572","1":"product","2":"type-product","3":"status-publish","4":"has-post-thumbnail","6":"product_cat-phu-tung","7":"product_tag-cong-to-met-xe-jac","8":"product_tag-phu-tung-jac","9":"product_tag-phu-tung-xe-jac","10":"product_tag-phu-tung-xe-tai-jac","12":"first","13":"instock","14":"shipping-taxable","15":"product-type-simple"},"yoast_head":"<!-- This site is optimized with the Yoast SEO plugin v23.2 - https:\/\/yoast.com\/wordpress\/plugins\/seo\/ -->\n<title>C\u00d4NG T\u01a0 M\u00c9T XE JAC -<\/title>\n<meta name=\"robots\" content=\"index, follow, max-snippet:-1, max-image-preview:large, max-video-preview:-1\" \/>\n<link rel=\"canonical\" href=\"https:\/\/xetai3s.vn\/?product=cong-to-met-xe-jac\" \/>\n<meta property=\"og:locale\" content=\"vi_VN\" \/>\n<meta property=\"og:type\" content=\"article\" \/>\n<meta property=\"og:title\" content=\"C\u00d4NG T\u01a0 M\u00c9T XE JAC -\" \/>\n<meta property=\"og:description\" content=\"C\u00d4NG T\u01a0 M\u00c9T XE JAC\/PH\u1ee4 T\u00d9NG XE JAC\/PH\u1ee4 T\u00d9NG XE JAC CH\u00cdNH H\u00c3NG\" \/>\n<meta property=\"og:url\" content=\"https:\/\/xetai3s.vn\/?product=cong-to-met-xe-jac\" \/>\n<meta property=\"article:modified_time\" content=\"2023-06-23T04:22:36+00:00\" \/>\n<meta property=\"og:image\" content=\"https:\/\/xetai3s.vn\/wp-content\/uploads\/2023\/04\/z4236543332729_9f57060407ab63845fe6bc6c13e8a2dd.jpg\" \/>\n\t<meta property=\"og:image:width\" content=\"1920\" \/>\n\t<meta property=\"og:image:height\" content=\"2560\" \/>\n\t<meta property=\"og:image:type\" content=\"image\/jpeg\" \/>\n<meta name=\"twitter:card\" content=\"summary_large_image\" \/>\n<meta name=\"twitter:label1\" content=\"Gi\u00e1\" \/>\n\t<meta name=\"twitter:data1\" content=\"\" \/>\n\t<meta name=\"twitter:label2\" content=\"Kh\u1ea3 d\u1ee5ng\" \/>\n\t<meta name=\"twitter:data2\" content=\"Trong kho\" \/>\n<script type=\"application\/ld+json\" class=\"yoast-schema-graph\">{\"@context\":\"https:\/\/schema.org\",\"@graph\":[{\"@type\":\"WebPage\",\"@id\":\"https:\/\/xetai3s.vn\/?product=cong-to-met-xe-jac\",\"url\":\"https:\/\/xetai3s.vn\/?product=cong-to-met-xe-jac\",\"name\":\"C\u00d4NG T\u01a0 M\u00c9T XE JAC -\",\"isPartOf\":{\"@id\":\"https:\/\/xetai3s.vn\/#website\"},\"primaryImageOfPage\":{\"@id\":\"https:\/\/xetai3s.vn\/?product=cong-to-met-xe-jac#primaryimage\"},\"image\":{\"@id\":\"https:\/\/xetai3s.vn\/?product=cong-to-met-xe-jac#primaryimage\"},\"thumbnailUrl\":\"https:\/\/xetai3s.vn\/wp-content\/uploads\/2023\/04\/z4236543332729_9f57060407ab63845fe6bc6c13e8a2dd.jpg\",\"datePublished\":\"2023-04-04T04:54:33+00:00\",\"dateModified\":\"2023-06-23T04:22:36+00:00\",\"breadcrumb\":{\"@id\":\"https:\/\/xetai3s.vn\/?product=cong-to-met-xe-jac#breadcrumb\"},\"inLanguage\":\"vi\",\"potentialAction\":[{\"@type\":\"ReadAction\",\"target\":[\"https:\/\/xetai3s.vn\/?product=cong-to-met-xe-jac\"]}]},{\"@type\":\"ImageObject\",\"inLanguage\":\"vi\",\"@id\":\"https:\/\/xetai3s.vn\/?product=cong-to-met-xe-jac#primaryimage\",\"url\":\"https:\/\/xetai3s.vn\/wp-content\/uploads\/2023\/04\/z4236543332729_9f57060407ab63845fe6bc6c13e8a2dd.jpg\",\"contentUrl\":\"https:\/\/xetai3s.vn\/wp-content\/uploads\/2023\/04\/z4236543332729_9f57060407ab63845fe6bc6c13e8a2dd.jpg\",\"width\":1920,\"height\":2560,\"caption\":\"cong-to-met-xe-jac\"},{\"@type\":\"BreadcrumbList\",\"@id\":\"https:\/\/xetai3s.vn\/?product=cong-to-met-xe-jac#breadcrumb\",\"itemListElement\":[{\"@type\":\"ListItem\",\"position\":1,\"name\":\"Trang ch\u1ee7\",\"item\":\"https:\/\/xetai3s.vn\/\"},{\"@type\":\"ListItem\",\"position\":2,\"name\":\"C\u1eeda h\u00e0ng\",\"item\":\"https:\/\/xetai3s.vn\/?page_id=16\"},{\"@type\":\"ListItem\",\"position\":3,\"name\":\"C\u00d4NG T\u01a0 M\u00c9T XE JAC\"}]},{\"@type\":\"WebSite\",\"@id\":\"https:\/\/xetai3s.vn\/#website\",\"url\":\"https:\/\/xetai3s.vn\/\",\"name\":\"\",\"description\":\"Xe T\u1ea3i Jac\",\"potentialAction\":[{\"@type\":\"SearchAction\",\"target\":{\"@type\":\"EntryPoint\",\"urlTemplate\":\"https:\/\/xetai3s.vn\/?s={search_term_string}\"},\"query-input\":\"required name=search_term_string\"}],\"inLanguage\":\"vi\"}]}<\/script>\n<meta property=\"product:price:amount\" content=\"0\" \/>\n<meta property=\"product:price:currency\" content=\"VND\" \/>\n<meta property=\"og:availability\" content=\"instock\" \/>\n<meta property=\"product:availability\" content=\"instock\" \/>\n<meta property=\"product:condition\" content=\"new\" \/>\n<!-- \/ Yoast SEO plugin. -->","yoast_head_json":{"title":"C\u00d4NG T\u01a0 M\u00c9T XE JAC -","robots":{"index":"index","follow":"follow","max-snippet":"max-snippet:-1","max-image-preview":"max-image-preview:large","max-video-preview":"max-video-preview:-1"},"canonical":"https:\/\/xetai3s.vn\/?product=cong-to-met-xe-jac","og_locale":"vi_VN","og_type":"article","og_title":"C\u00d4NG T\u01a0 M\u00c9T XE JAC -","og_description":"C\u00d4NG T\u01a0 M\u00c9T XE JAC\/PH\u1ee4 T\u00d9NG XE JAC\/PH\u1ee4 T\u00d9NG XE JAC CH\u00cdNH H\u00c3NG","og_url":"https:\/\/xetai3s.vn\/?product=cong-to-met-xe-jac","article_modified_time":"2023-06-23T04:22:36+00:00","og_image":[{"width":1920,"height":2560,"url":"https:\/\/xetai3s.vn\/wp-content\/uploads\/2023\/04\/z4236543332729_9f57060407ab63845fe6bc6c13e8a2dd.jpg","type":"image\/jpeg"}],"twitter_card":"summary_large_image","twitter_misc":{"Gi\u00e1":"","Kh\u1ea3 d\u1ee5ng":"Trong kho"},"schema":{"@context":"https:\/\/schema.org","@graph":[{"@type":"WebPage","@id":"https:\/\/xetai3s.vn\/?product=cong-to-met-xe-jac","url":"https:\/\/xetai3s.vn\/?product=cong-to-met-xe-jac","name":"C\u00d4NG T\u01a0 M\u00c9T XE JAC -","isPartOf":{"@id":"https:\/\/xetai3s.vn\/#website"},"primaryImageOfPage":{"@id":"https:\/\/xetai3s.vn\/?product=cong-to-met-xe-jac#primaryimage"},"image":{"@id":"https:\/\/xetai3s.vn\/?product=cong-to-met-xe-jac#primaryimage"},"thumbnailUrl":"https:\/\/xetai3s.vn\/wp-content\/uploads\/2023\/04\/z4236543332729_9f57060407ab63845fe6bc6c13e8a2dd.jpg","datePublished":"2023-04-04T04:54:33+00:00","dateModified":"2023-06-23T04:22:36+00:00","breadcrumb":{"@id":"https:\/\/xetai3s.vn\/?product=cong-to-met-xe-jac#breadcrumb"},"inLanguage":"vi","potentialAction":[{"@type":"ReadAction","target":["https:\/\/xetai3s.vn\/?product=cong-to-met-xe-jac"]}]},{"@type":"ImageObject","inLanguage":"vi","@id":"https:\/\/xetai3s.vn\/?product=cong-to-met-xe-jac#primaryimage","url":"https:\/\/xetai3s.vn\/wp-content\/uploads\/2023\/04\/z4236543332729_9f57060407ab63845fe6bc6c13e8a2dd.jpg","contentUrl":"https:\/\/xetai3s.vn\/wp-content\/uploads\/2023\/04\/z4236543332729_9f57060407ab63845fe6bc6c13e8a2dd.jpg","width":1920,"height":2560,"caption":"cong-to-met-xe-jac"},{"@type":"BreadcrumbList","@id":"https:\/\/xetai3s.vn\/?product=cong-to-met-xe-jac#breadcrumb","itemListElement":[{"@type":"ListItem","position":1,"name":"Trang ch\u1ee7","item":"https:\/\/xetai3s.vn\/"},{"@type":"ListItem","position":2,"name":"C\u1eeda h\u00e0ng","item":"https:\/\/xetai3s.vn\/?page_id=16"},{"@type":"ListItem","position":3,"name":"C\u00d4NG T\u01a0 M\u00c9T XE JAC"}]},{"@type":"WebSite","@id":"https:\/\/xetai3s.vn\/#website","url":"https:\/\/xetai3s.vn\/","name":"","description":"Xe T\u1ea3i Jac","potentialAction":[{"@type":"SearchAction","target":{"@type":"EntryPoint","urlTemplate":"https:\/\/xetai3s.vn\/?s={search_term_string}"},"query-input":"required name=search_term_string"}],"inLanguage":"vi"}]},"product_price_currency":"VND","og_availability":"instock","product_availability":"instock","product_condition":"new"},"_links":{"self":[{"href":"https:\/\/xetai3s.vn\/index.php?rest_route=\/wp\/v2\/product\/1572"}],"collection":[{"href":"https:\/\/xetai3s.vn\/index.php?rest_route=\/wp\/v2\/product"}],"about":[{"href":"https:\/\/xetai3s.vn\/index.php?rest_route=\/wp\/v2\/types\/product"}],"wp:featuredmedia":[{"embeddable":true,"href":"https:\/\/xetai3s.vn\/index.php?rest_route=\/wp\/v2\/media\/1573"}],"wp:attachment":[{"href":"https:\/\/xetai3s.vn\/index.php?rest_route=%2Fwp%2Fv2%2Fmedia&parent=1572"}],"curies":[{"name":"wp","href":"https:\/\/api.w.org\/{rel}","templated":true}]}}