{"id":1568,"date":"2023-04-04T11:50:54","date_gmt":"2023-04-04T04:50:54","guid":{"rendered":"https:\/\/xetai3s.vn\/?post_type=product&#038;p=1568"},"modified":"2024-03-30T14:38:08","modified_gmt":"2024-03-30T07:38:08","slug":"tac-ke-banh-xe-jac","status":"publish","type":"product","link":"https:\/\/xetai3s.vn\/?product=tac-ke-banh-xe-jac","title":{"rendered":"T\u1eaeC K\u00ca B\u00c1NH XE T\u1ea2I JAC N200S-N350S"},"content":{"rendered":"<h1><span style=\"color: #0000ff;\"><strong>T\u1eaeC K\u00ca B\u00c1NH XE JAC\/PH\u1ee4 T\u00d9NG XE T\u1ea2I JAC,PH\u1ee4 T\u00d9NG XE JAC CH\u00cdNH H\u00c3NG<\/strong><\/span><\/h1>\n<figure id=\"attachment_1571\" aria-describedby=\"caption-attachment-1571\" style=\"width: 768px\" class=\"wp-caption aligncenter\"><img loading=\"lazy\" decoding=\"async\" class=\"size-large wp-image-1571\" src=\"https:\/\/xetai3s.vn\/wp-content\/uploads\/2023\/04\/z4236529671305_2ad40996158741039eb528c7107f6d2e-768x1024.jpg\" alt=\"\" width=\"768\" height=\"1024\" srcset=\"https:\/\/xetai3s.vn\/wp-content\/uploads\/2023\/04\/z4236529671305_2ad40996158741039eb528c7107f6d2e-768x1024.jpg 768w, https:\/\/xetai3s.vn\/wp-content\/uploads\/2023\/04\/z4236529671305_2ad40996158741039eb528c7107f6d2e-225x300.jpg 225w, https:\/\/xetai3s.vn\/wp-content\/uploads\/2023\/04\/z4236529671305_2ad40996158741039eb528c7107f6d2e-1152x1536.jpg 1152w, https:\/\/xetai3s.vn\/wp-content\/uploads\/2023\/04\/z4236529671305_2ad40996158741039eb528c7107f6d2e-1536x2048.jpg 1536w, https:\/\/xetai3s.vn\/wp-content\/uploads\/2023\/04\/z4236529671305_2ad40996158741039eb528c7107f6d2e-1080x1440.jpg 1080w, https:\/\/xetai3s.vn\/wp-content\/uploads\/2023\/04\/z4236529671305_2ad40996158741039eb528c7107f6d2e.jpg 1920w\" sizes=\"(max-width: 768px) 100vw, 768px\" \/><figcaption id=\"caption-attachment-1571\" class=\"wp-caption-text\">tac-ke-banh-xe-jac<\/figcaption><\/figure>\n<figure id=\"attachment_1569\" aria-describedby=\"caption-attachment-1569\" style=\"width: 768px\" class=\"wp-caption aligncenter\"><img loading=\"lazy\" decoding=\"async\" class=\"size-large wp-image-1569\" src=\"https:\/\/xetai3s.vn\/wp-content\/uploads\/2023\/04\/z4236529537623_6425de76032d09367709b12c6f143c17-768x1024.jpg\" alt=\"\" width=\"768\" height=\"1024\" srcset=\"https:\/\/xetai3s.vn\/wp-content\/uploads\/2023\/04\/z4236529537623_6425de76032d09367709b12c6f143c17-768x1024.jpg 768w, https:\/\/xetai3s.vn\/wp-content\/uploads\/2023\/04\/z4236529537623_6425de76032d09367709b12c6f143c17-225x300.jpg 225w, https:\/\/xetai3s.vn\/wp-content\/uploads\/2023\/04\/z4236529537623_6425de76032d09367709b12c6f143c17-1152x1536.jpg 1152w, https:\/\/xetai3s.vn\/wp-content\/uploads\/2023\/04\/z4236529537623_6425de76032d09367709b12c6f143c17-1536x2048.jpg 1536w, https:\/\/xetai3s.vn\/wp-content\/uploads\/2023\/04\/z4236529537623_6425de76032d09367709b12c6f143c17-1080x1440.jpg 1080w, https:\/\/xetai3s.vn\/wp-content\/uploads\/2023\/04\/z4236529537623_6425de76032d09367709b12c6f143c17.jpg 1920w\" sizes=\"(max-width: 768px) 100vw, 768px\" \/><figcaption id=\"caption-attachment-1569\" class=\"wp-caption-text\">tac-ke-banh-xe-jac<\/figcaption><\/figure>\n","protected":false},"excerpt":{"rendered":"<p>T\u1eaeC K\u00ca B\u00c1NH XE JAC\/PH\u1ee4 T\u00d9NG XE T\u1ea2I JAC,PH\u1ee4 T\u00d9NG XE JAC CH\u00cdNH H\u00c3NG<\/p>\n","protected":false},"featured_media":1569,"template":"","meta":[],"class_list":{"0":"post-1568","1":"product","2":"type-product","3":"status-publish","4":"has-post-thumbnail","6":"product_cat-phu-tung","7":"product_tag-phu-tung-xe-jac","8":"product_tag-phu-tung-xe-tai-jac","9":"product_tag-tac-ke-banh-xe-jac","10":"product_tag-tac-ke-banh-xe-tai-jac-n200s","11":"product_tag-tac-ke-banh-xe-tai-jac-n350s","12":"product_tag-tac-ke-xe-jac","14":"first","15":"instock","16":"shipping-taxable","17":"product-type-simple"},"yoast_head":"<!-- This site is optimized with the Yoast SEO plugin v23.2 - https:\/\/yoast.com\/wordpress\/plugins\/seo\/ -->\n<title>T\u1eaeC K\u00ca B\u00c1NH XE T\u1ea2I JAC N200S-N350S -<\/title>\n<meta name=\"robots\" content=\"index, follow, max-snippet:-1, max-image-preview:large, max-video-preview:-1\" \/>\n<link rel=\"canonical\" href=\"https:\/\/xetai3s.vn\/?product=tac-ke-banh-xe-jac\" \/>\n<meta property=\"og:locale\" content=\"vi_VN\" \/>\n<meta property=\"og:type\" content=\"article\" \/>\n<meta property=\"og:title\" content=\"T\u1eaeC K\u00ca B\u00c1NH XE T\u1ea2I JAC N200S-N350S -\" \/>\n<meta property=\"og:description\" content=\"T\u1eaeC K\u00ca B\u00c1NH XE JAC\/PH\u1ee4 T\u00d9NG XE T\u1ea2I JAC,PH\u1ee4 T\u00d9NG XE JAC CH\u00cdNH H\u00c3NG\" \/>\n<meta property=\"og:url\" content=\"https:\/\/xetai3s.vn\/?product=tac-ke-banh-xe-jac\" \/>\n<meta property=\"article:modified_time\" content=\"2024-03-30T07:38:08+00:00\" \/>\n<meta property=\"og:image\" content=\"https:\/\/xetai3s.vn\/wp-content\/uploads\/2023\/04\/z4236529537623_6425de76032d09367709b12c6f143c17.jpg\" \/>\n\t<meta property=\"og:image:width\" content=\"1920\" \/>\n\t<meta property=\"og:image:height\" content=\"2560\" \/>\n\t<meta property=\"og:image:type\" content=\"image\/jpeg\" \/>\n<meta name=\"twitter:card\" content=\"summary_large_image\" \/>\n<meta name=\"twitter:label1\" content=\"Gi\u00e1\" \/>\n\t<meta name=\"twitter:data1\" content=\"\" \/>\n\t<meta name=\"twitter:label2\" content=\"Kh\u1ea3 d\u1ee5ng\" \/>\n\t<meta name=\"twitter:data2\" content=\"Trong kho\" \/>\n<script type=\"application\/ld+json\" class=\"yoast-schema-graph\">{\"@context\":\"https:\/\/schema.org\",\"@graph\":[{\"@type\":\"WebPage\",\"@id\":\"https:\/\/xetai3s.vn\/?product=tac-ke-banh-xe-jac\",\"url\":\"https:\/\/xetai3s.vn\/?product=tac-ke-banh-xe-jac\",\"name\":\"T\u1eaeC K\u00ca B\u00c1NH XE T\u1ea2I JAC N200S-N350S -\",\"isPartOf\":{\"@id\":\"https:\/\/xetai3s.vn\/#website\"},\"primaryImageOfPage\":{\"@id\":\"https:\/\/xetai3s.vn\/?product=tac-ke-banh-xe-jac#primaryimage\"},\"image\":{\"@id\":\"https:\/\/xetai3s.vn\/?product=tac-ke-banh-xe-jac#primaryimage\"},\"thumbnailUrl\":\"https:\/\/xetai3s.vn\/wp-content\/uploads\/2023\/04\/z4236529537623_6425de76032d09367709b12c6f143c17.jpg\",\"datePublished\":\"2023-04-04T04:50:54+00:00\",\"dateModified\":\"2024-03-30T07:38:08+00:00\",\"breadcrumb\":{\"@id\":\"https:\/\/xetai3s.vn\/?product=tac-ke-banh-xe-jac#breadcrumb\"},\"inLanguage\":\"vi\",\"potentialAction\":[{\"@type\":\"ReadAction\",\"target\":[\"https:\/\/xetai3s.vn\/?product=tac-ke-banh-xe-jac\"]}]},{\"@type\":\"ImageObject\",\"inLanguage\":\"vi\",\"@id\":\"https:\/\/xetai3s.vn\/?product=tac-ke-banh-xe-jac#primaryimage\",\"url\":\"https:\/\/xetai3s.vn\/wp-content\/uploads\/2023\/04\/z4236529537623_6425de76032d09367709b12c6f143c17.jpg\",\"contentUrl\":\"https:\/\/xetai3s.vn\/wp-content\/uploads\/2023\/04\/z4236529537623_6425de76032d09367709b12c6f143c17.jpg\",\"width\":1920,\"height\":2560,\"caption\":\"tac-ke-banh-xe-jac\"},{\"@type\":\"BreadcrumbList\",\"@id\":\"https:\/\/xetai3s.vn\/?product=tac-ke-banh-xe-jac#breadcrumb\",\"itemListElement\":[{\"@type\":\"ListItem\",\"position\":1,\"name\":\"Trang ch\u1ee7\",\"item\":\"https:\/\/xetai3s.vn\/\"},{\"@type\":\"ListItem\",\"position\":2,\"name\":\"C\u1eeda h\u00e0ng\",\"item\":\"https:\/\/xetai3s.vn\/?page_id=16\"},{\"@type\":\"ListItem\",\"position\":3,\"name\":\"T\u1eaeC K\u00ca B\u00c1NH XE T\u1ea2I JAC N200S-N350S\"}]},{\"@type\":\"WebSite\",\"@id\":\"https:\/\/xetai3s.vn\/#website\",\"url\":\"https:\/\/xetai3s.vn\/\",\"name\":\"\",\"description\":\"Xe T\u1ea3i Jac\",\"potentialAction\":[{\"@type\":\"SearchAction\",\"target\":{\"@type\":\"EntryPoint\",\"urlTemplate\":\"https:\/\/xetai3s.vn\/?s={search_term_string}\"},\"query-input\":\"required name=search_term_string\"}],\"inLanguage\":\"vi\"}]}<\/script>\n<meta property=\"product:price:amount\" content=\"0\" \/>\n<meta property=\"product:price:currency\" content=\"VND\" \/>\n<meta property=\"og:availability\" content=\"instock\" \/>\n<meta property=\"product:availability\" content=\"instock\" \/>\n<meta property=\"product:condition\" content=\"new\" \/>\n<!-- \/ Yoast SEO plugin. -->","yoast_head_json":{"title":"T\u1eaeC K\u00ca B\u00c1NH XE T\u1ea2I JAC N200S-N350S -","robots":{"index":"index","follow":"follow","max-snippet":"max-snippet:-1","max-image-preview":"max-image-preview:large","max-video-preview":"max-video-preview:-1"},"canonical":"https:\/\/xetai3s.vn\/?product=tac-ke-banh-xe-jac","og_locale":"vi_VN","og_type":"article","og_title":"T\u1eaeC K\u00ca B\u00c1NH XE T\u1ea2I JAC N200S-N350S -","og_description":"T\u1eaeC K\u00ca B\u00c1NH XE JAC\/PH\u1ee4 T\u00d9NG XE T\u1ea2I JAC,PH\u1ee4 T\u00d9NG XE JAC CH\u00cdNH H\u00c3NG","og_url":"https:\/\/xetai3s.vn\/?product=tac-ke-banh-xe-jac","article_modified_time":"2024-03-30T07:38:08+00:00","og_image":[{"width":1920,"height":2560,"url":"https:\/\/xetai3s.vn\/wp-content\/uploads\/2023\/04\/z4236529537623_6425de76032d09367709b12c6f143c17.jpg","type":"image\/jpeg"}],"twitter_card":"summary_large_image","twitter_misc":{"Gi\u00e1":"","Kh\u1ea3 d\u1ee5ng":"Trong kho"},"schema":{"@context":"https:\/\/schema.org","@graph":[{"@type":"WebPage","@id":"https:\/\/xetai3s.vn\/?product=tac-ke-banh-xe-jac","url":"https:\/\/xetai3s.vn\/?product=tac-ke-banh-xe-jac","name":"T\u1eaeC K\u00ca B\u00c1NH XE T\u1ea2I JAC N200S-N350S -","isPartOf":{"@id":"https:\/\/xetai3s.vn\/#website"},"primaryImageOfPage":{"@id":"https:\/\/xetai3s.vn\/?product=tac-ke-banh-xe-jac#primaryimage"},"image":{"@id":"https:\/\/xetai3s.vn\/?product=tac-ke-banh-xe-jac#primaryimage"},"thumbnailUrl":"https:\/\/xetai3s.vn\/wp-content\/uploads\/2023\/04\/z4236529537623_6425de76032d09367709b12c6f143c17.jpg","datePublished":"2023-04-04T04:50:54+00:00","dateModified":"2024-03-30T07:38:08+00:00","breadcrumb":{"@id":"https:\/\/xetai3s.vn\/?product=tac-ke-banh-xe-jac#breadcrumb"},"inLanguage":"vi","potentialAction":[{"@type":"ReadAction","target":["https:\/\/xetai3s.vn\/?product=tac-ke-banh-xe-jac"]}]},{"@type":"ImageObject","inLanguage":"vi","@id":"https:\/\/xetai3s.vn\/?product=tac-ke-banh-xe-jac#primaryimage","url":"https:\/\/xetai3s.vn\/wp-content\/uploads\/2023\/04\/z4236529537623_6425de76032d09367709b12c6f143c17.jpg","contentUrl":"https:\/\/xetai3s.vn\/wp-content\/uploads\/2023\/04\/z4236529537623_6425de76032d09367709b12c6f143c17.jpg","width":1920,"height":2560,"caption":"tac-ke-banh-xe-jac"},{"@type":"BreadcrumbList","@id":"https:\/\/xetai3s.vn\/?product=tac-ke-banh-xe-jac#breadcrumb","itemListElement":[{"@type":"ListItem","position":1,"name":"Trang ch\u1ee7","item":"https:\/\/xetai3s.vn\/"},{"@type":"ListItem","position":2,"name":"C\u1eeda h\u00e0ng","item":"https:\/\/xetai3s.vn\/?page_id=16"},{"@type":"ListItem","position":3,"name":"T\u1eaeC K\u00ca B\u00c1NH XE T\u1ea2I JAC N200S-N350S"}]},{"@type":"WebSite","@id":"https:\/\/xetai3s.vn\/#website","url":"https:\/\/xetai3s.vn\/","name":"","description":"Xe T\u1ea3i Jac","potentialAction":[{"@type":"SearchAction","target":{"@type":"EntryPoint","urlTemplate":"https:\/\/xetai3s.vn\/?s={search_term_string}"},"query-input":"required name=search_term_string"}],"inLanguage":"vi"}]},"product_price_currency":"VND","og_availability":"instock","product_availability":"instock","product_condition":"new"},"_links":{"self":[{"href":"https:\/\/xetai3s.vn\/index.php?rest_route=\/wp\/v2\/product\/1568"}],"collection":[{"href":"https:\/\/xetai3s.vn\/index.php?rest_route=\/wp\/v2\/product"}],"about":[{"href":"https:\/\/xetai3s.vn\/index.php?rest_route=\/wp\/v2\/types\/product"}],"wp:featuredmedia":[{"embeddable":true,"href":"https:\/\/xetai3s.vn\/index.php?rest_route=\/wp\/v2\/media\/1569"}],"wp:attachment":[{"href":"https:\/\/xetai3s.vn\/index.php?rest_route=%2Fwp%2Fv2%2Fmedia&parent=1568"}],"curies":[{"name":"wp","href":"https:\/\/api.w.org\/{rel}","templated":true}]}}