{"id":1566,"date":"2023-04-04T11:20:28","date_gmt":"2023-04-04T04:20:28","guid":{"rendered":"https:\/\/xetai3s.vn\/?post_type=product&#038;p=1566"},"modified":"2024-10-17T16:44:16","modified_gmt":"2024-10-17T09:44:16","slug":"kinh-hau-xe-tai-jac","status":"publish","type":"product","link":"https:\/\/xetai3s.vn\/?product=kinh-hau-xe-tai-jac","title":{"rendered":"K\u00cdNH H\u1eacU XE T\u1ea2I JAC N200S&#038;N350S"},"content":{"rendered":"<h1 style=\"text-align: center;\"><strong><span style=\"color: #0000ff;\">K\u00cdNH H\u1eacU XE T\u1ea2I JAC N200S-N350S \/PH\u1ee4 T\u00d9NG XE T\u1ea2 JAC\/PH\u1ee4 T\u00d9NG JAC CH\u00cdNH H\u00c3NG\/<\/span><\/strong><span style=\"color: #ff6600;\"><em><strong>LI\u00caN H\u1ec6: 0902.904.964 MR S\u01a0N<\/strong><\/em><\/span><\/h1>\n<p>&nbsp;<\/p>\n<h2><span style=\"color: #0000ff;\"><strong>K\u00ednh h\u1eadu 2 t\u1ea7ng xe t\u1ea3i Jac N200S\/N350S:<\/strong><\/span><\/h2>\n<p>l\u00e0 lo\u1ea1i g\u01b0\u01a1ng chi\u1ebfu h\u1eadu \u0111\u01b0\u1ee3c thi\u1ebft k\u1ebf v\u1edbi hai ph\u1ea7n ri\u00eang bi\u1ec7t, m\u1ed7i ph\u1ea7n c\u00f3 m\u1ee5c \u0111\u00edch h\u1ed7 tr\u1ee3 quan s\u00e1t kh\u00e1c nhau:<\/p>\n<ol>\n<li><strong>G\u01b0\u01a1ng tr\u00ean (t\u1ea7ng tr\u00ean)<\/strong>: Th\u01b0\u1eddng l\u00e0 g\u01b0\u01a1ng ph\u1eb3ng ho\u1eb7c h\u01a1i cong, gi\u00fap t\u00e0i x\u1ebf quan s\u00e1t c\u00e1c ph\u01b0\u01a1ng ti\u1ec7n ph\u00eda sau \u1edf t\u1ea7m nh\u00ecn xa h\u01a1n, t\u01b0\u01a1ng t\u1ef1 nh\u01b0 g\u01b0\u01a1ng chi\u1ebfu h\u1eadu th\u00f4ng th\u01b0\u1eddng.<\/li>\n<li><strong>G\u01b0\u01a1ng d\u01b0\u1edbi (t\u1ea7ng d\u01b0\u1edbi)<\/strong>: \u0110\u00e2y th\u01b0\u1eddng l\u00e0 g\u01b0\u01a1ng c\u1ea7u l\u1ed3i, cho g\u00f3c nh\u00ecn r\u1ed9ng h\u01a1n v\u00e0 gi\u00fap t\u00e0i x\u1ebf quan s\u00e1t c\u00e1c \u0111i\u1ec3m m\u00f9 g\u1ea7n xe, \u0111\u1eb7c bi\u1ec7t l\u00e0 \u1edf khu v\u1ef1c b\u00e1nh sau v\u00e0 hai b\u00ean s\u01b0\u1eddn xe. G\u01b0\u01a1ng c\u1ea7u l\u1ed3i n\u00e0y \u0111\u1eb7c bi\u1ec7t h\u1eefu \u00edch khi l\u00e1i xe trong kh\u00f4ng gian h\u1eb9p ho\u1eb7c khi c\u1ea7n \u0111\u1ed7 xe, quay \u0111\u1ea7u xe trong khu v\u1ef1c nh\u1ecf.<\/li>\n<\/ol>\n<p>L\u1ee3i \u00edch c\u1ee7a vi\u1ec7c s\u1eed d\u1ee5ng k\u00ednh h\u1eadu 2 t\u1ea7ng cho xe t\u1ea3i:<\/p>\n<ul>\n<li><strong>G\u00f3c nh\u00ecn bao qu\u00e1t h\u01a1n<\/strong>: Gi\u1ea3m \u0111i\u1ec3m m\u00f9 v\u00e0 t\u0103ng kh\u1ea3 n\u0103ng quan s\u00e1t, \u0111\u1eb7c bi\u1ec7t khi xe t\u1ea3i l\u1edbn th\u01b0\u1eddng c\u00f3 nhi\u1ec1u \u0111i\u1ec3m m\u00f9.<\/li>\n<li><strong>An to\u00e0n h\u01a1n<\/strong>: Gi\u00fap t\u00e0i x\u1ebf theo d\u00f5i r\u00f5 c\u00e1c ph\u01b0\u01a1ng ti\u1ec7n di chuy\u1ec3n g\u1ea7n s\u00e1t xe ho\u1eb7c khi xe \u0111ang chuy\u1ec3n l\u00e0n.<\/li>\n<\/ul>\n<h2><strong>TH\u00d4NG TIN LI\u00caN H\u1ec6:<\/strong><\/h2>\n<p>\u2013 Qu\u00fd kh\u00e1ch h\u00e0ng kh\u1ea3o th\u00eam th\u00f4ng tin t\u1ea1i.<\/p>\n<p>website:<a href=\"https:\/\/xetai3s.vn\/\">https:\/\/xetai3s.vn\/<\/a><\/p>\n<p>facebook:<a href=\"https:\/\/www.facebook.com\/xetai3svn?locale=vi_VN\">https:\/\/www.facebook.com\/xetai3svn?locale=vi_VN<\/a><\/p>\n<p>Youtube:\u00a0<a href=\"https:\/\/youtube.com\/@xetai3svn?si=aJ1ZvgjAIQ1HIHP_\">https:\/\/youtube.com\/@xetai3svn?si=aJ1ZvgjAIQ1HIHP_<\/a><\/p>\n<p>\u2013 Qu\u00fd kh\u00e1ch h\u00e0ng xem video v\u1ec1 c\u00e1c lo\u1ea1i th\u00f9ng v\u00e0 d\u00f2ng xe t\u1ea3i t\u1ea1i t\u1ea1i youtube qua \u0111\u01b0\u1eddng link.<br \/>\n+ Nh\u1eefng qu\u00e0 t\u1eb7ng kh\u00e1ch h\u00e0ng nh\u1eadn \u0111\u01b0\u1ee3c khi mua xe t\u1ea1i Jac Giang Ho\u00e0i:<br \/>\n\u2013 Bao da tay l\u00e1i, th\u1ea3m l\u00f3t s\u00e0n.<br \/>\n\u2013 H\u1ed9p \u0111en \u0111\u1ecbnh v\u1ecb.<br \/>\n\u2013 H\u1ee3p t\u00e1c x\u00e3 (ph\u00f9 hi\u1ec7u v\u1eadn t\u1ea3i)<br \/>\n\u2013 20 l\u00edt d\u1ea7u.<br \/>\n\u2013 v\u00e0 gi\u1ea3m gi\u00e1 tr\u1ef1c ti\u1ebfp tr\u00ean gi\u00e1 xe.<br \/>\n\u0110\u1eb6C BI\u1ec6T:\u00a0<strong>JAC GIANG HO\u00c0I<\/strong>\u00a0lu\u00f4n s\u1eb5n c\u00e1c d\u00f2ng xe t\u1ea3i, \u0111\u00e1p \u1ee9ng nhu c\u1ea7u kh\u00e1ch h\u00e0ng c\u1ea7n xe ch\u1ea1y ngay, h\u1ed3 s\u01a1 s\u1eb5n gi\u00fap kh\u00e1ch h\u00e0ng b\u1ea5m bi\u1ec3n s\u1ed1 nhanh. Kh\u00f4ng ph\u1ea3i ch\u1edd \u0111\u1ee3i.<br \/>\n\u2013 Nh\u1eadn gia c\u00f4ng, \u0111\u00f3ng m\u1edbi c\u00e1c lo\u1ea1i th\u00f9ng theo nhu c\u1ea7u ch\u1edf h\u00e0ng c\u1ee7a kh\u00e1ch h\u00e0ng.<br \/>\n\u2013 Cung c\u1ea5p ph\u1ee5 t\u00f9ng ch\u00ednh h\u00e3ng.<br \/>\n\u2013 H\u1ed7 tr\u1ee3 kh\u00e1ch h\u00e0ng mua xe qua ng\u00e2n h\u00e0ng m\u1ee9c vay 70 \u2013 80% gi\u00e1 tr\u1ecb xe.<br \/>\n\u2013\u00a0<strong>JAC GIANG HO\u00c0I: \u0110\u1ea1i L\u00fd U\u1ef7 Quy\u1ec1n C\u1ee7a NH\u00c0 M\u00c1Y JAC VI\u1ec6T NAM.<\/strong><br \/>\n<strong>\u260e\ufe0f Hotline:\u00a00902.904.964 (Mr S\u01a1n \u2013 Ph\u00f3-PKD)\u00a0\u0111\u1ec3 \u0111\u01b0\u1ee3c t\u01b0 v\u1ea5n v\u00e0 h\u1ed7 tr\u1ee3.<\/strong><br \/>\n\u2013 \u0110\u1ecba ch\u1ec9: S\u1ed1 20\/3 \u0110LBD,Kp T\u00e2y,P V\u0129nh Ph\u00fa,Tp Thu\u1eadn An,B\u00ecnh D\u01b0\u01a1ng.<\/p>\n","protected":false},"excerpt":{"rendered":"<p>K\u00cdNH H\u1eacU XE T\u1ea2I JAC N200S-N350S \/PH\u1ee4 T\u00d9NG XE T\u1ea2 JAC\/PH\u1ee4 T\u00d9NG JAC CH\u00cdNH H\u00c3NG\/LI\u00caN H\u1ec6: 0902.904.964 MR S\u01a0N &nbsp; K\u00ednh h\u1eadu 2 t\u1ea7ng xe t\u1ea3i Jac N200S\/N350S: l\u00e0 lo\u1ea1i g\u01b0\u01a1ng chi\u1ebfu h\u1eadu \u0111\u01b0\u1ee3c thi\u1ebft k\u1ebf v\u1edbi hai ph\u1ea7n ri\u00eang bi\u1ec7t, m\u1ed7i ph\u1ea7n c\u00f3 m\u1ee5c \u0111\u00edch h\u1ed7 tr\u1ee3 quan s\u00e1t kh\u00e1c nhau: G\u01b0\u01a1ng tr\u00ean (t\u1ea7ng &#8230;<\/p>\n","protected":false},"featured_media":1531,"template":"","meta":[],"class_list":{"0":"post-1566","1":"product","2":"type-product","3":"status-publish","4":"has-post-thumbnail","6":"product_cat-phu-tung","7":"product_tag-guong-hau-xe-tai-jac","8":"product_tag-kinh-hau-jac-n200s-n350s","9":"product_tag-kinh-hau-xe-jac","10":"product_tag-kinh-hop-jac","11":"product_tag-kinh-xe-jac","12":"product_tag-phu-tung-xe-jac","13":"product_tag-phu-tung-xe-tai-jac","15":"first","16":"instock","17":"shipping-taxable","18":"product-type-simple"},"yoast_head":"<!-- This site is optimized with the Yoast SEO plugin v23.2 - https:\/\/yoast.com\/wordpress\/plugins\/seo\/ -->\n<title>K\u00cdNH H\u1eacU XE T\u1ea2I JAC N200S&amp;N350S -<\/title>\n<meta name=\"robots\" content=\"index, follow, max-snippet:-1, max-image-preview:large, max-video-preview:-1\" \/>\n<link rel=\"canonical\" href=\"https:\/\/xetai3s.vn\/?product=kinh-hau-xe-tai-jac\" \/>\n<meta property=\"og:locale\" content=\"vi_VN\" \/>\n<meta property=\"og:type\" content=\"article\" \/>\n<meta property=\"og:title\" content=\"K\u00cdNH H\u1eacU XE T\u1ea2I JAC N200S&amp;N350S -\" \/>\n<meta property=\"og:description\" content=\"K\u00cdNH H\u1eacU XE T\u1ea2I JAC N200S-N350S \/PH\u1ee4 T\u00d9NG XE T\u1ea2 JAC\/PH\u1ee4 T\u00d9NG JAC CH\u00cdNH H\u00c3NG\/LI\u00caN H\u1ec6: 0902.904.964 MR S\u01a0N &nbsp; K\u00ednh h\u1eadu 2 t\u1ea7ng xe t\u1ea3i Jac N200S\/N350S: l\u00e0 lo\u1ea1i g\u01b0\u01a1ng chi\u1ebfu h\u1eadu \u0111\u01b0\u1ee3c thi\u1ebft k\u1ebf v\u1edbi hai ph\u1ea7n ri\u00eang bi\u1ec7t, m\u1ed7i ph\u1ea7n c\u00f3 m\u1ee5c \u0111\u00edch h\u1ed7 tr\u1ee3 quan s\u00e1t kh\u00e1c nhau: G\u01b0\u01a1ng tr\u00ean (t\u1ea7ng ...\" \/>\n<meta property=\"og:url\" content=\"https:\/\/xetai3s.vn\/?product=kinh-hau-xe-tai-jac\" \/>\n<meta property=\"article:modified_time\" content=\"2024-10-17T09:44:16+00:00\" \/>\n<meta property=\"og:image\" content=\"https:\/\/xetai3s.vn\/wp-content\/uploads\/2023\/03\/kinh-hau-jac.jpg\" \/>\n\t<meta property=\"og:image:width\" content=\"803\" \/>\n\t<meta property=\"og:image:height\" content=\"896\" \/>\n\t<meta property=\"og:image:type\" content=\"image\/jpeg\" \/>\n<meta name=\"twitter:card\" content=\"summary_large_image\" \/>\n<meta name=\"twitter:label1\" content=\"Gi\u00e1\" \/>\n\t<meta name=\"twitter:data1\" content=\"\" \/>\n\t<meta name=\"twitter:label2\" content=\"Kh\u1ea3 d\u1ee5ng\" \/>\n\t<meta name=\"twitter:data2\" content=\"Trong kho\" \/>\n<script type=\"application\/ld+json\" class=\"yoast-schema-graph\">{\"@context\":\"https:\/\/schema.org\",\"@graph\":[{\"@type\":\"WebPage\",\"@id\":\"https:\/\/xetai3s.vn\/?product=kinh-hau-xe-tai-jac\",\"url\":\"https:\/\/xetai3s.vn\/?product=kinh-hau-xe-tai-jac\",\"name\":\"K\u00cdNH H\u1eacU XE T\u1ea2I JAC N200S&N350S -\",\"isPartOf\":{\"@id\":\"https:\/\/xetai3s.vn\/#website\"},\"primaryImageOfPage\":{\"@id\":\"https:\/\/xetai3s.vn\/?product=kinh-hau-xe-tai-jac#primaryimage\"},\"image\":{\"@id\":\"https:\/\/xetai3s.vn\/?product=kinh-hau-xe-tai-jac#primaryimage\"},\"thumbnailUrl\":\"https:\/\/xetai3s.vn\/wp-content\/uploads\/2023\/03\/kinh-hau-jac.jpg\",\"datePublished\":\"2023-04-04T04:20:28+00:00\",\"dateModified\":\"2024-10-17T09:44:16+00:00\",\"breadcrumb\":{\"@id\":\"https:\/\/xetai3s.vn\/?product=kinh-hau-xe-tai-jac#breadcrumb\"},\"inLanguage\":\"vi\",\"potentialAction\":[{\"@type\":\"ReadAction\",\"target\":[\"https:\/\/xetai3s.vn\/?product=kinh-hau-xe-tai-jac\"]}]},{\"@type\":\"ImageObject\",\"inLanguage\":\"vi\",\"@id\":\"https:\/\/xetai3s.vn\/?product=kinh-hau-xe-tai-jac#primaryimage\",\"url\":\"https:\/\/xetai3s.vn\/wp-content\/uploads\/2023\/03\/kinh-hau-jac.jpg\",\"contentUrl\":\"https:\/\/xetai3s.vn\/wp-content\/uploads\/2023\/03\/kinh-hau-jac.jpg\",\"width\":803,\"height\":896,\"caption\":\"kinh-hau- xe-jac\"},{\"@type\":\"BreadcrumbList\",\"@id\":\"https:\/\/xetai3s.vn\/?product=kinh-hau-xe-tai-jac#breadcrumb\",\"itemListElement\":[{\"@type\":\"ListItem\",\"position\":1,\"name\":\"Trang ch\u1ee7\",\"item\":\"https:\/\/xetai3s.vn\/\"},{\"@type\":\"ListItem\",\"position\":2,\"name\":\"C\u1eeda h\u00e0ng\",\"item\":\"https:\/\/xetai3s.vn\/?page_id=16\"},{\"@type\":\"ListItem\",\"position\":3,\"name\":\"K\u00cdNH H\u1eacU XE T\u1ea2I JAC N200S&#038;N350S\"}]},{\"@type\":\"WebSite\",\"@id\":\"https:\/\/xetai3s.vn\/#website\",\"url\":\"https:\/\/xetai3s.vn\/\",\"name\":\"\",\"description\":\"Xe T\u1ea3i Jac\",\"potentialAction\":[{\"@type\":\"SearchAction\",\"target\":{\"@type\":\"EntryPoint\",\"urlTemplate\":\"https:\/\/xetai3s.vn\/?s={search_term_string}\"},\"query-input\":\"required name=search_term_string\"}],\"inLanguage\":\"vi\"}]}<\/script>\n<meta property=\"product:price:amount\" content=\"0\" \/>\n<meta property=\"product:price:currency\" content=\"VND\" \/>\n<meta property=\"og:availability\" content=\"instock\" \/>\n<meta property=\"product:availability\" content=\"instock\" \/>\n<meta property=\"product:condition\" content=\"new\" \/>\n<!-- \/ Yoast SEO plugin. -->","yoast_head_json":{"title":"K\u00cdNH H\u1eacU XE T\u1ea2I JAC N200S&N350S -","robots":{"index":"index","follow":"follow","max-snippet":"max-snippet:-1","max-image-preview":"max-image-preview:large","max-video-preview":"max-video-preview:-1"},"canonical":"https:\/\/xetai3s.vn\/?product=kinh-hau-xe-tai-jac","og_locale":"vi_VN","og_type":"article","og_title":"K\u00cdNH H\u1eacU XE T\u1ea2I JAC N200S&N350S -","og_description":"K\u00cdNH H\u1eacU XE T\u1ea2I JAC N200S-N350S \/PH\u1ee4 T\u00d9NG XE T\u1ea2 JAC\/PH\u1ee4 T\u00d9NG JAC CH\u00cdNH H\u00c3NG\/LI\u00caN H\u1ec6: 0902.904.964 MR S\u01a0N &nbsp; K\u00ednh h\u1eadu 2 t\u1ea7ng xe t\u1ea3i Jac N200S\/N350S: l\u00e0 lo\u1ea1i g\u01b0\u01a1ng chi\u1ebfu h\u1eadu \u0111\u01b0\u1ee3c thi\u1ebft k\u1ebf v\u1edbi hai ph\u1ea7n ri\u00eang bi\u1ec7t, m\u1ed7i ph\u1ea7n c\u00f3 m\u1ee5c \u0111\u00edch h\u1ed7 tr\u1ee3 quan s\u00e1t kh\u00e1c nhau: G\u01b0\u01a1ng tr\u00ean (t\u1ea7ng ...","og_url":"https:\/\/xetai3s.vn\/?product=kinh-hau-xe-tai-jac","article_modified_time":"2024-10-17T09:44:16+00:00","og_image":[{"width":803,"height":896,"url":"https:\/\/xetai3s.vn\/wp-content\/uploads\/2023\/03\/kinh-hau-jac.jpg","type":"image\/jpeg"}],"twitter_card":"summary_large_image","twitter_misc":{"Gi\u00e1":"","Kh\u1ea3 d\u1ee5ng":"Trong kho"},"schema":{"@context":"https:\/\/schema.org","@graph":[{"@type":"WebPage","@id":"https:\/\/xetai3s.vn\/?product=kinh-hau-xe-tai-jac","url":"https:\/\/xetai3s.vn\/?product=kinh-hau-xe-tai-jac","name":"K\u00cdNH H\u1eacU XE T\u1ea2I JAC N200S&N350S -","isPartOf":{"@id":"https:\/\/xetai3s.vn\/#website"},"primaryImageOfPage":{"@id":"https:\/\/xetai3s.vn\/?product=kinh-hau-xe-tai-jac#primaryimage"},"image":{"@id":"https:\/\/xetai3s.vn\/?product=kinh-hau-xe-tai-jac#primaryimage"},"thumbnailUrl":"https:\/\/xetai3s.vn\/wp-content\/uploads\/2023\/03\/kinh-hau-jac.jpg","datePublished":"2023-04-04T04:20:28+00:00","dateModified":"2024-10-17T09:44:16+00:00","breadcrumb":{"@id":"https:\/\/xetai3s.vn\/?product=kinh-hau-xe-tai-jac#breadcrumb"},"inLanguage":"vi","potentialAction":[{"@type":"ReadAction","target":["https:\/\/xetai3s.vn\/?product=kinh-hau-xe-tai-jac"]}]},{"@type":"ImageObject","inLanguage":"vi","@id":"https:\/\/xetai3s.vn\/?product=kinh-hau-xe-tai-jac#primaryimage","url":"https:\/\/xetai3s.vn\/wp-content\/uploads\/2023\/03\/kinh-hau-jac.jpg","contentUrl":"https:\/\/xetai3s.vn\/wp-content\/uploads\/2023\/03\/kinh-hau-jac.jpg","width":803,"height":896,"caption":"kinh-hau- xe-jac"},{"@type":"BreadcrumbList","@id":"https:\/\/xetai3s.vn\/?product=kinh-hau-xe-tai-jac#breadcrumb","itemListElement":[{"@type":"ListItem","position":1,"name":"Trang ch\u1ee7","item":"https:\/\/xetai3s.vn\/"},{"@type":"ListItem","position":2,"name":"C\u1eeda h\u00e0ng","item":"https:\/\/xetai3s.vn\/?page_id=16"},{"@type":"ListItem","position":3,"name":"K\u00cdNH H\u1eacU XE T\u1ea2I JAC N200S&#038;N350S"}]},{"@type":"WebSite","@id":"https:\/\/xetai3s.vn\/#website","url":"https:\/\/xetai3s.vn\/","name":"","description":"Xe T\u1ea3i Jac","potentialAction":[{"@type":"SearchAction","target":{"@type":"EntryPoint","urlTemplate":"https:\/\/xetai3s.vn\/?s={search_term_string}"},"query-input":"required name=search_term_string"}],"inLanguage":"vi"}]},"product_price_currency":"VND","og_availability":"instock","product_availability":"instock","product_condition":"new"},"_links":{"self":[{"href":"https:\/\/xetai3s.vn\/index.php?rest_route=\/wp\/v2\/product\/1566"}],"collection":[{"href":"https:\/\/xetai3s.vn\/index.php?rest_route=\/wp\/v2\/product"}],"about":[{"href":"https:\/\/xetai3s.vn\/index.php?rest_route=\/wp\/v2\/types\/product"}],"wp:featuredmedia":[{"embeddable":true,"href":"https:\/\/xetai3s.vn\/index.php?rest_route=\/wp\/v2\/media\/1531"}],"wp:attachment":[{"href":"https:\/\/xetai3s.vn\/index.php?rest_route=%2Fwp%2Fv2%2Fmedia&parent=1566"}],"curies":[{"name":"wp","href":"https:\/\/api.w.org\/{rel}","templated":true}]}}